{"id":21625,"date":"2023-06-22T21:16:29","date_gmt":"2023-06-22T20:16:29","guid":{"rendered":"https:\/\/mamaterra.lt\/parduotuve\/unkategorisiert\/doterra-helichrysum-touch\/"},"modified":"2024-03-10T19:24:27","modified_gmt":"2024-03-10T18:24:27","slug":"doterra-helichrysum-touch","status":"publish","type":"product","link":"https:\/\/mamaterra.lt\/de\/parduotuve\/essentielle-oele\/reine-aetherische-oele\/doterra-helichrysum-touch\/","title":{"rendered":"doTERRA Helichrysum Touch"},"content":{"rendered":"<h6>doTERRA Helichrysum Touch, 10 ml<\/h6>\n<p>&nbsp;<\/p>\n<p>Ein perfektes Gleichgewicht zwischen dem \u00e4therischen \u00d6l der italienischen K\u00f6nigskerze und fraktioniertem Kokosnuss\u00f6l macht doTERRA Helichrysum Touch aus. Helichrysum italicum ist f\u00fcr seine lokalen, st\u00e4rkenden Eigenschaften bekannt und wird seit dem antiken Griechenland in der Kr\u00e4uterheilkunde verwendet. Helichrysum Touch f\u00f6rdert einen strahlenden, jugendlichen Teint und kann helfen, die Zeichen der Hautalterung zu reduzieren.<\/p>\n<p>Das \u00e4therische \u00d6l Helichrysum italicum ist ein Wunder f\u00fcr Ihre Haut. Wenn Sie nach einem nat\u00fcrlichen Weg suchen, um Falten, Narben und R\u00f6tungen zu reduzieren, sollten Sie diesem nat\u00fcrlichen Wunder eine Chance geben.<\/p>\n<p>Das \u00e4therische \u00d6l des Johanniskrauts hat eine sehr starke Anti-Aging-Wirkung und wird als Wirkstoff selbst in den luxuri\u00f6sesten Kosmetiklinien verwendet, die die Zeichen der Zeit verlangsamen sollen.<\/p>\n<p>Das in Frankreich als Elixier der Jugend bekannte \u00d6l erh\u00f6ht den nat\u00fcrlichen Kollagengehalt, was zu einer deutlichen Verringerung der Falten, einer erh\u00f6hten Festigkeit und einer sichtbaren Verbesserung des Hautbildes f\u00fchrt.<\/p>\n<p>Das \u00d6l dringt tief in die Haut ein, stimuliert die Zellregeneration, hat antioxidative Eigenschaften, hilft bei erweiterten Kapillaren und H\u00e4matomen und gilt als hochwirksam bei der Reduzierung von Narben.<\/p>\n","protected":false},"excerpt":{"rendered":"<p>Ein perfektes Gleichgewicht zwischen dem \u00e4therischen \u00d6l der italienischen K\u00f6nigskerze und fraktioniertem Kokosnuss\u00f6l macht doTERRA Helichrysum Touch aus. Helichrysum italicum ist f\u00fcr seine lokalen, st\u00e4rkenden Eigenschaften bekannt und wird seit dem antiken Griechenland in der Kr\u00e4uterheilkunde verwendet. Helichrysum Touch f\u00f6rdert einen strahlenden, jugendlichen Teint und kann helfen, die Zeichen der Hautalterung zu reduzieren.<\/p>\n","protected":false},"featured_media":21626,"template":"","meta":{"site-sidebar-layout":"default","site-content-layout":"default","ast-site-content-layout":"default","site-content-style":"default","site-sidebar-style":"default","ast-global-header-display":"","ast-banner-title-visibility":"","ast-main-header-display":"","ast-hfb-above-header-display":"","ast-hfb-below-header-display":"","ast-hfb-mobile-header-display":"","site-post-title":"","ast-breadcrumbs-content":"","ast-featured-img":"","footer-sml-layout":"","ast-disable-related-posts":"","theme-transparent-header-meta":"default","adv-header-id-meta":"","stick-header-meta":"","header-above-stick-meta":"","header-main-stick-meta":"","header-below-stick-meta":"","astra-migrate-meta-layouts":"set","ast-page-background-enabled":"default","ast-page-background-meta":{"desktop":{"background-color":"","background-image":"","background-repeat":"repeat","background-position":"center center","background-size":"auto","background-attachment":"scroll","background-type":"","background-media":"","overlay-type":"","overlay-color":"","overlay-opacity":"","overlay-gradient":""},"tablet":{"background-color":"","background-image":"","background-repeat":"repeat","background-position":"center center","background-size":"auto","background-attachment":"scroll","background-type":"","background-media":"","overlay-type":"","overlay-color":"","overlay-opacity":"","overlay-gradient":""},"mobile":{"background-color":"","background-image":"","background-repeat":"repeat","background-position":"center center","background-size":"auto","background-attachment":"scroll","background-type":"","background-media":"","overlay-type":"","overlay-color":"","overlay-opacity":"","overlay-gradient":""}},"ast-content-background-meta":{"desktop":{"background-color":"var(--ast-global-color-5)","background-image":"","background-repeat":"repeat","background-position":"center center","background-size":"auto","background-attachment":"scroll","background-type":"","background-media":"","overlay-type":"","overlay-color":"","overlay-opacity":"","overlay-gradient":""},"tablet":{"background-color":"var(--ast-global-color-5)","background-image":"","background-repeat":"repeat","background-position":"center center","background-size":"auto","background-attachment":"scroll","background-type":"","background-media":"","overlay-type":"","overlay-color":"","overlay-opacity":"","overlay-gradient":""},"mobile":{"background-color":"var(--ast-global-color-5)","background-image":"","background-repeat":"repeat","background-position":"center center","background-size":"auto","background-attachment":"scroll","background-type":"","background-media":"","overlay-type":"","overlay-color":"","overlay-opacity":"","overlay-gradient":""}}},"product_brand":[],"product_cat":[1949],"product_tag":[],"class_list":{"0":"post-21625","1":"product","2":"type-product","3":"status-publish","4":"has-post-thumbnail","6":"product_cat-reine-aetherische-oele","7":"desktop-align-left","8":"tablet-align-left","9":"mobile-align-left","11":"first","12":"instock","13":"taxable","14":"shipping-taxable","15":"purchasable","16":"product-type-simple"},"_links":{"self":[{"href":"https:\/\/mamaterra.lt\/de\/wp-json\/wp\/v2\/product\/21625","targetHints":{"allow":["GET"]}}],"collection":[{"href":"https:\/\/mamaterra.lt\/de\/wp-json\/wp\/v2\/product"}],"about":[{"href":"https:\/\/mamaterra.lt\/de\/wp-json\/wp\/v2\/types\/product"}],"wp:featuredmedia":[{"embeddable":true,"href":"https:\/\/mamaterra.lt\/de\/wp-json\/wp\/v2\/media\/21626"}],"wp:attachment":[{"href":"https:\/\/mamaterra.lt\/de\/wp-json\/wp\/v2\/media?parent=21625"}],"wp:term":[{"taxonomy":"product_brand","embeddable":true,"href":"https:\/\/mamaterra.lt\/de\/wp-json\/wp\/v2\/product_brand?post=21625"},{"taxonomy":"product_cat","embeddable":true,"href":"https:\/\/mamaterra.lt\/de\/wp-json\/wp\/v2\/product_cat?post=21625"},{"taxonomy":"product_tag","embeddable":true,"href":"https:\/\/mamaterra.lt\/de\/wp-json\/wp\/v2\/product_tag?post=21625"}],"curies":[{"name":"wp","href":"https:\/\/api.w.org\/{rel}","templated":true}]}}