{"id":21609,"date":"2021-04-19T08:09:21","date_gmt":"2021-04-19T07:09:21","guid":{"rendered":"https:\/\/mamaterra.lt\/parduotuve\/unkategorisiert\/roziu-rose-touch-doterra-eteriniu-alieju-misinys-10ml\/"},"modified":"2024-02-23T22:19:30","modified_gmt":"2024-02-23T21:19:30","slug":"rose-touch-doterra-10ml","status":"publish","type":"product","link":"https:\/\/mamaterra.lt\/de\/parduotuve\/essentielle-oele\/aetherische-oelmischungen\/rose-touch-doterra-10ml\/","title":{"rendered":"ROSE TOUCH doTERRA 10ml"},"content":{"rendered":"<p><strong>Ro\u017ei\u0173 (ROSE TOUCH) doTERRA\u00a0<\/strong><\/p>\n<p>Mit doTERRA Rose Touch genie\u00dfen Sie die kraftvolle Wirkung des \u00e4therischen \u00d6ls der Rose in einer praktischen Flasche mit einem Kugelapplikator. Sie k\u00f6nnen diese Mischung den ganzen Tag \u00fcber verwenden, um Ihre Stimmung zu heben oder als Teil Ihrer Hautpflegeroutine f\u00fcr eine gesund aussehende Haut.<\/p>\n<p>Stimmungsaufhellend<br \/>\nBewahrt das richtige Feuchtigkeitsgleichgewicht in der Haut<br \/>\nVerleiht einen gleichm\u00e4\u00dfigen Hautton und ein gesundes Aussehen<\/p>\n<p>&nbsp;<\/p>\n<p>Weitere Informationen \u00fcber die ROSE TOUCH doTERRAether \u00d6lmischung finden Sie im folgenden Video.<\/p>\n<p><iframe title=\"doTERRA Rose Touch (Translated Subtitles)\" src=\"https:\/\/www.youtube.com\/embed\/ikQYvXgTiJA\" width=\"942\" height=\"530\" frameborder=\"0\" allowfullscreen=\"allowfullscreen\"><\/iframe><\/p>\n","protected":false},"excerpt":{"rendered":"<ul>\n<li>\n<h6>23 &#8211; 29 Februar 2024 erhalten Sie 15ml Geranium als Geschenk<\/h6>\n<\/li>\n<\/ul>\n","protected":false},"featured_media":21610,"template":"","meta":{"site-sidebar-layout":"default","site-content-layout":"default","ast-site-content-layout":"default","site-content-style":"default","site-sidebar-style":"default","ast-global-header-display":"","ast-banner-title-visibility":"","ast-main-header-display":"","ast-hfb-above-header-display":"","ast-hfb-below-header-display":"","ast-hfb-mobile-header-display":"","site-post-title":"","ast-breadcrumbs-content":"","ast-featured-img":"","footer-sml-layout":"","ast-disable-related-posts":"","theme-transparent-header-meta":"default","adv-header-id-meta":"","stick-header-meta":"","header-above-stick-meta":"","header-main-stick-meta":"","header-below-stick-meta":"","astra-migrate-meta-layouts":"set","ast-page-background-enabled":"default","ast-page-background-meta":{"desktop":{"background-color":"","background-image":"","background-repeat":"repeat","background-position":"center center","background-size":"auto","background-attachment":"scroll","background-type":"","background-media":"","overlay-type":"","overlay-color":"","overlay-opacity":"","overlay-gradient":""},"tablet":{"background-color":"","background-image":"","background-repeat":"repeat","background-position":"center center","background-size":"auto","background-attachment":"scroll","background-type":"","background-media":"","overlay-type":"","overlay-color":"","overlay-opacity":"","overlay-gradient":""},"mobile":{"background-color":"","background-image":"","background-repeat":"repeat","background-position":"center center","background-size":"auto","background-attachment":"scroll","background-type":"","background-media":"","overlay-type":"","overlay-color":"","overlay-opacity":"","overlay-gradient":""}},"ast-content-background-meta":{"desktop":{"background-color":"var(--ast-global-color-5)","background-image":"","background-repeat":"repeat","background-position":"center center","background-size":"auto","background-attachment":"scroll","background-type":"","background-media":"","overlay-type":"","overlay-color":"","overlay-opacity":"","overlay-gradient":""},"tablet":{"background-color":"var(--ast-global-color-5)","background-image":"","background-repeat":"repeat","background-position":"center center","background-size":"auto","background-attachment":"scroll","background-type":"","background-media":"","overlay-type":"","overlay-color":"","overlay-opacity":"","overlay-gradient":""},"mobile":{"background-color":"var(--ast-global-color-5)","background-image":"","background-repeat":"repeat","background-position":"center center","background-size":"auto","background-attachment":"scroll","background-type":"","background-media":"","overlay-type":"","overlay-color":"","overlay-opacity":"","overlay-gradient":""}}},"product_brand":[],"product_cat":[1944,1939],"product_tag":[2072,3236,2525],"class_list":{"0":"post-21609","1":"product","2":"type-product","3":"status-publish","4":"has-post-thumbnail","6":"product_cat-aetherische-oelmischungen","7":"product_cat-essentielle-oele","8":"product_tag-10-ml-de","9":"product_tag-aetherische-oelmischungen","10":"product_tag-rose-touch-de","11":"desktop-align-left","12":"tablet-align-left","13":"mobile-align-left","15":"first","16":"instock","17":"sale","18":"taxable","19":"shipping-taxable","20":"purchasable","21":"product-type-simple"},"_links":{"self":[{"href":"https:\/\/mamaterra.lt\/de\/wp-json\/wp\/v2\/product\/21609","targetHints":{"allow":["GET"]}}],"collection":[{"href":"https:\/\/mamaterra.lt\/de\/wp-json\/wp\/v2\/product"}],"about":[{"href":"https:\/\/mamaterra.lt\/de\/wp-json\/wp\/v2\/types\/product"}],"wp:featuredmedia":[{"embeddable":true,"href":"https:\/\/mamaterra.lt\/de\/wp-json\/wp\/v2\/media\/21610"}],"wp:attachment":[{"href":"https:\/\/mamaterra.lt\/de\/wp-json\/wp\/v2\/media?parent=21609"}],"wp:term":[{"taxonomy":"product_brand","embeddable":true,"href":"https:\/\/mamaterra.lt\/de\/wp-json\/wp\/v2\/product_brand?post=21609"},{"taxonomy":"product_cat","embeddable":true,"href":"https:\/\/mamaterra.lt\/de\/wp-json\/wp\/v2\/product_cat?post=21609"},{"taxonomy":"product_tag","embeddable":true,"href":"https:\/\/mamaterra.lt\/de\/wp-json\/wp\/v2\/product_tag?post=21609"}],"curies":[{"name":"wp","href":"https:\/\/api.w.org\/{rel}","templated":true}]}}