{"id":21591,"date":"2024-02-23T21:32:35","date_gmt":"2024-02-23T20:32:35","guid":{"rendered":"https:\/\/mamaterra.lt\/parduotuve\/unkategorisiert\/doterra-citrus-spring-15ml\/"},"modified":"2024-03-07T20:42:01","modified_gmt":"2024-03-07T19:42:01","slug":"doterra-citrus-spring-15ml","status":"publish","type":"product","link":"https:\/\/mamaterra.lt\/de\/parduotuve\/essentielle-oele\/aetherische-oelmischungen\/doterra-citrus-spring-15ml\/","title":{"rendered":"doTERRA Citrus Spring 15ml"},"content":{"rendered":"<h6 class=\"spotlight__head-title\">Citrus Spring<\/h6>\n<h6 class=\"spotlight__head-latin-title\">Bl\u00fchende Mischung<\/h6>\n<div class=\"spotlight__head-copy\">\n<p>Der Fr\u00fchling bringt neues Leben und neue Energie in die Welt. Die Sonne scheint, die V\u00f6gel singen, die B\u00e4ume und G\u00e4rten bl\u00fchen. Die doTERRA Citrus Spring Blooming Blend ist die perfekte Mischung, um die neuen Jahreszeiten in Ihrem eigenen Leben zu begr\u00fc\u00dfen. Diese beruhigende und entspannende Mischung kann dazu beitragen, eine positive Umgebung und Stimmung zu schaffen, wenn sie \u00e4u\u00dferlich angewendet wird. Ihr Aroma erinnert an einen frischen Fr\u00fchlingstag, mit einem Hauch von Zitrusfr\u00fcchten und s\u00fc\u00dfen Blumen. doTERRA Citrus Spring vereint die \u00e4therischen CPTG\u2122-\u00d6le von Wildorange, Lavendel, Bergamotte, Douglasie, Zedernholz, Muskatellersalbei und Litsea, die alle f\u00fcr ihre einzigartige Wirkung bekannt sind. Beginnen Sie jeden Tag frisch mit doTERRA Citrus Spring!<\/p>\n<ul class=\"spotlight__list-custom custom-list\">\n<li>Jeden Morgen topisch auftragen, um den neuen Tag zu begr\u00fc\u00dfen<br \/>\nVor dem Schlafengehen oder als Teil einer Entspannungsroutine anwenden, um Positivit\u00e4t und Gelassenheit zu f\u00f6rdern<br \/>\nMit fraktioniertem Kokosnuss\u00f6l oder einer unparf\u00fcmierten Lotion mischen und als Teil einer entspannenden Massage verwenden<br \/>\nAnleitung zur Anwendung<br \/>\nF\u00fcr die Massage, 5 Tropfen mit \u2248 10 ml Tr\u00e4ger\u00f6l mischen. F\u00fcr ein Bad, 5 Tropfen mit \u2248 5 ml Tr\u00e4ger\u00f6l mischen. Zur Parf\u00fcmierung 1 Tropfen mit 10 Tropfen Tr\u00e4ger\u00f6l mischen. Nur zur \u00e4u\u00dferlichen Anwendung.<br \/>\nVorsichtshinweise<br \/>\nM\u00f6gliche Hautempfindlichkeit. Au\u00dferhalb der Reichweite von Kindern aufbewahren. Konsultieren Sie Ihren Arzt, wenn Sie schwanger sind oder sich in Behandlung befinden. Augen, Innenohren und empfindliche Bereiche meiden. Vermeiden Sie Sonnenlicht und UV-Strahlen f\u00fcr mindestens 12 Stunden nach der Anwendung.<\/li>\n<\/ul>\n<\/div>\n","protected":false},"excerpt":{"rendered":"<p>Vor dem Schlafengehen oder als Teil einer Entspannungsroutine anwenden, um Positivit\u00e4t und Gelassenheit zu f\u00f6rdernMit fraktioniertem Kokosnuss\u00f6l oder einer unparf\u00fcmierten Lotion mischen und als Teil einer entspannenden Massage verwenden<\/p>\n","protected":false},"featured_media":23736,"template":"","meta":{"site-sidebar-layout":"default","site-content-layout":"","ast-site-content-layout":"default","site-content-style":"default","site-sidebar-style":"default","ast-global-header-display":"","ast-banner-title-visibility":"","ast-main-header-display":"","ast-hfb-above-header-display":"","ast-hfb-below-header-display":"","ast-hfb-mobile-header-display":"","site-post-title":"","ast-breadcrumbs-content":"","ast-featured-img":"","footer-sml-layout":"","ast-disable-related-posts":"","theme-transparent-header-meta":"","adv-header-id-meta":"","stick-header-meta":"","header-above-stick-meta":"","header-main-stick-meta":"","header-below-stick-meta":"","astra-migrate-meta-layouts":"set","ast-page-background-enabled":"default","ast-page-background-meta":{"desktop":{"background-color":"","background-image":"","background-repeat":"repeat","background-position":"center center","background-size":"auto","background-attachment":"scroll","background-type":"","background-media":"","overlay-type":"","overlay-color":"","overlay-opacity":"","overlay-gradient":""},"tablet":{"background-color":"","background-image":"","background-repeat":"repeat","background-position":"center center","background-size":"auto","background-attachment":"scroll","background-type":"","background-media":"","overlay-type":"","overlay-color":"","overlay-opacity":"","overlay-gradient":""},"mobile":{"background-color":"","background-image":"","background-repeat":"repeat","background-position":"center center","background-size":"auto","background-attachment":"scroll","background-type":"","background-media":"","overlay-type":"","overlay-color":"","overlay-opacity":"","overlay-gradient":""}},"ast-content-background-meta":{"desktop":{"background-color":"var(--ast-global-color-5)","background-image":"","background-repeat":"repeat","background-position":"center center","background-size":"auto","background-attachment":"scroll","background-type":"","background-media":"","overlay-type":"","overlay-color":"","overlay-opacity":"","overlay-gradient":""},"tablet":{"background-color":"var(--ast-global-color-5)","background-image":"","background-repeat":"repeat","background-position":"center center","background-size":"auto","background-attachment":"scroll","background-type":"","background-media":"","overlay-type":"","overlay-color":"","overlay-opacity":"","overlay-gradient":""},"mobile":{"background-color":"var(--ast-global-color-5)","background-image":"","background-repeat":"repeat","background-position":"center center","background-size":"auto","background-attachment":"scroll","background-type":"","background-media":"","overlay-type":"","overlay-color":"","overlay-opacity":"","overlay-gradient":""}}},"product_brand":[],"product_cat":[1944,1939,2004,2039],"product_tag":[],"class_list":{"0":"post-21591","1":"product","2":"type-product","3":"status-publish","4":"has-post-thumbnail","6":"product_cat-aetherische-oelmischungen","7":"product_cat-essentielle-oele","8":"product_cat-schlafen","9":"product_cat-stressbewaeltigung","10":"desktop-align-left","11":"tablet-align-left","12":"mobile-align-left","14":"first","15":"instock","16":"taxable","17":"shipping-taxable","18":"product-type-simple"},"_links":{"self":[{"href":"https:\/\/mamaterra.lt\/de\/wp-json\/wp\/v2\/product\/21591","targetHints":{"allow":["GET"]}}],"collection":[{"href":"https:\/\/mamaterra.lt\/de\/wp-json\/wp\/v2\/product"}],"about":[{"href":"https:\/\/mamaterra.lt\/de\/wp-json\/wp\/v2\/types\/product"}],"wp:featuredmedia":[{"embeddable":true,"href":"https:\/\/mamaterra.lt\/de\/wp-json\/wp\/v2\/media\/23736"}],"wp:attachment":[{"href":"https:\/\/mamaterra.lt\/de\/wp-json\/wp\/v2\/media?parent=21591"}],"wp:term":[{"taxonomy":"product_brand","embeddable":true,"href":"https:\/\/mamaterra.lt\/de\/wp-json\/wp\/v2\/product_brand?post=21591"},{"taxonomy":"product_cat","embeddable":true,"href":"https:\/\/mamaterra.lt\/de\/wp-json\/wp\/v2\/product_cat?post=21591"},{"taxonomy":"product_tag","embeddable":true,"href":"https:\/\/mamaterra.lt\/de\/wp-json\/wp\/v2\/product_tag?post=21591"}],"curies":[{"name":"wp","href":"https:\/\/api.w.org\/{rel}","templated":true}]}}