{"id":21530,"date":"2023-10-01T16:25:49","date_gmt":"2023-10-01T15:25:49","guid":{"rendered":"https:\/\/mamaterra.lt\/parduotuve\/unkategorisiert\/kvapiuju-auksabarzdziu-vetiver-touch-10ml\/"},"modified":"2024-03-10T18:52:18","modified_gmt":"2024-03-10T17:52:18","slug":"doterra-vetiver-touch-10ml","status":"publish","type":"product","link":"https:\/\/mamaterra.lt\/de\/parduotuve\/essentielle-oele\/reine-aetherische-oele\/doterra-vetiver-touch-10ml\/","title":{"rendered":"doTERRA VETIVER TOUCH 10ml"},"content":{"rendered":"<h6>\u00c4therisches \u00d6l VETIVER mit fraktioniertem Kokosnuss\u00f6l, fertig zum Auftragen auf die Haut<\/h6>\n<p>Vetiveria zizanioides | 10ml<\/p>\n<p>&nbsp;<\/p>\n<p>Vetiver besitzt einen komplexen und exotischen Duft, der reichhaltig und ansprechend ist. Durch Wasserdampfdestillation aus den kr\u00e4ftigen Wurzeln eines hohen Grases gewonnen, wird Vetiver oft als &#8222;Duft der Erde&#8220; und &#8222;\u00d6l der Ruhe&#8220; bezeichnet. Dieses \u00d6l ist weithin f\u00fcr seine beruhigende und erdende Wirkung bekannt. F\u00fcr Vetiver Touch mischt doTERRA \u00e4therisches Vetiver-\u00d6l mit fraktioniertem Kokosnuss\u00f6l, das vor der Nachtruhe oder als Teil einer pflegenden und feuchtigkeitsspendenden Hautkur verwendet werden kann. Im Gegensatz zu seinem Pendant aus \u00e4therischem \u00d6l ist sein Aroma milder, und es wird mit einem praktischen Roller f\u00fcr eine einfache Anwendung geliefert.<\/p>\n<p><iframe title=\"Vetiver Oil Uses and Benefits | doTERRA Essential Oils\" src=\"https:\/\/www.youtube.com\/embed\/3AY8sSF2VUA\" width=\"853\" height=\"480\" frameborder=\"0\" allowfullscreen=\"allowfullscreen\"><\/iframe><\/p>\n","protected":false},"excerpt":{"rendered":"<ul>\n<li>Warmes, s\u00fc\u00dfes, holziges und erdiges Aroma.<\/li>\n<li>Erdend und beruhigend bei topischer Anwendung.<\/li>\n<li>Wird nachts verwendet, um eine beruhigende, erholsame Umgebung zu schaffen.<\/li>\n<li>Wird wegen seiner beruhigenden Eigenschaften h\u00e4ufig bei Massagen verwendet.<\/li>\n<li>Kombiniert mit fraktioniertem Kokosnuss\u00f6l, um die Haut zu pflegen und mit Feuchtigkeit zu versorgen.<\/li>\n<\/ul>\n","protected":false},"featured_media":21532,"template":"","meta":{"site-sidebar-layout":"default","site-content-layout":"default","ast-site-content-layout":"default","site-content-style":"default","site-sidebar-style":"default","ast-global-header-display":"","ast-banner-title-visibility":"","ast-main-header-display":"","ast-hfb-above-header-display":"","ast-hfb-below-header-display":"","ast-hfb-mobile-header-display":"","site-post-title":"","ast-breadcrumbs-content":"","ast-featured-img":"","footer-sml-layout":"","ast-disable-related-posts":"","theme-transparent-header-meta":"default","adv-header-id-meta":"","stick-header-meta":"","header-above-stick-meta":"","header-main-stick-meta":"","header-below-stick-meta":"","astra-migrate-meta-layouts":"set","ast-page-background-enabled":"default","ast-page-background-meta":{"desktop":{"background-color":"","background-image":"","background-repeat":"repeat","background-position":"center center","background-size":"auto","background-attachment":"scroll","background-type":"","background-media":"","overlay-type":"","overlay-color":"","overlay-opacity":"","overlay-gradient":""},"tablet":{"background-color":"","background-image":"","background-repeat":"repeat","background-position":"center center","background-size":"auto","background-attachment":"scroll","background-type":"","background-media":"","overlay-type":"","overlay-color":"","overlay-opacity":"","overlay-gradient":""},"mobile":{"background-color":"","background-image":"","background-repeat":"repeat","background-position":"center center","background-size":"auto","background-attachment":"scroll","background-type":"","background-media":"","overlay-type":"","overlay-color":"","overlay-opacity":"","overlay-gradient":""}},"ast-content-background-meta":{"desktop":{"background-color":"var(--ast-global-color-5)","background-image":"","background-repeat":"repeat","background-position":"center center","background-size":"auto","background-attachment":"scroll","background-type":"","background-media":"","overlay-type":"","overlay-color":"","overlay-opacity":"","overlay-gradient":""},"tablet":{"background-color":"var(--ast-global-color-5)","background-image":"","background-repeat":"repeat","background-position":"center center","background-size":"auto","background-attachment":"scroll","background-type":"","background-media":"","overlay-type":"","overlay-color":"","overlay-opacity":"","overlay-gradient":""},"mobile":{"background-color":"var(--ast-global-color-5)","background-image":"","background-repeat":"repeat","background-position":"center center","background-size":"auto","background-attachment":"scroll","background-type":"","background-media":"","overlay-type":"","overlay-color":"","overlay-opacity":"","overlay-gradient":""}}},"product_brand":[],"product_cat":[1939,1949,2004,2039],"product_tag":[2092,3231,2312],"class_list":{"0":"post-21530","1":"product","2":"type-product","3":"status-publish","4":"has-post-thumbnail","6":"product_cat-essentielle-oele","7":"product_cat-reine-aetherische-oele","8":"product_cat-schlafen","9":"product_cat-stressbewaeltigung","10":"product_tag-15-ml-de","11":"product_tag-essentielle-oele","12":"product_tag-vetiver-de","13":"desktop-align-left","14":"tablet-align-left","15":"mobile-align-left","17":"first","18":"instock","19":"taxable","20":"shipping-taxable","21":"purchasable","22":"product-type-simple"},"_links":{"self":[{"href":"https:\/\/mamaterra.lt\/de\/wp-json\/wp\/v2\/product\/21530","targetHints":{"allow":["GET"]}}],"collection":[{"href":"https:\/\/mamaterra.lt\/de\/wp-json\/wp\/v2\/product"}],"about":[{"href":"https:\/\/mamaterra.lt\/de\/wp-json\/wp\/v2\/types\/product"}],"wp:featuredmedia":[{"embeddable":true,"href":"https:\/\/mamaterra.lt\/de\/wp-json\/wp\/v2\/media\/21532"}],"wp:attachment":[{"href":"https:\/\/mamaterra.lt\/de\/wp-json\/wp\/v2\/media?parent=21530"}],"wp:term":[{"taxonomy":"product_brand","embeddable":true,"href":"https:\/\/mamaterra.lt\/de\/wp-json\/wp\/v2\/product_brand?post=21530"},{"taxonomy":"product_cat","embeddable":true,"href":"https:\/\/mamaterra.lt\/de\/wp-json\/wp\/v2\/product_cat?post=21530"},{"taxonomy":"product_tag","embeddable":true,"href":"https:\/\/mamaterra.lt\/de\/wp-json\/wp\/v2\/product_tag?post=21530"}],"curies":[{"name":"wp","href":"https:\/\/api.w.org\/{rel}","templated":true}]}}