{"id":21509,"date":"2021-04-18T16:37:09","date_gmt":"2021-04-18T15:37:09","guid":{"rendered":"https:\/\/mamaterra.lt\/parduotuve\/unkategorisiert\/bosveliju-frankincense-tyras-eterinis-aliejus-15ml\/"},"modified":"2024-03-15T19:27:35","modified_gmt":"2024-03-15T18:27:35","slug":"doterra-boswellia-frankincense-reines-aetherisches-oel-15ml","status":"publish","type":"product","link":"https:\/\/mamaterra.lt\/de\/parduotuve\/essentielle-oele\/reine-aetherische-oele\/doterra-boswellia-frankincense-reines-aetherisches-oel-15ml\/","title":{"rendered":"doTERRA Boswellia (FRANKINCENSE) Reines \u00e4therisches \u00d6l 15ml"},"content":{"rendered":"<p><strong>doTERRA Boswellia (FRANKINCENSE) Reines \u00e4therisches<\/strong><\/p>\n<p>Boswellia carterii, frereana, sacra | 15ml<\/p>\n<p>&nbsp;<\/p>\n<p>Das \u00e4therische Weihrauch\u00f6l wird aus dem Boswelliabaum gewonnen und in der Aromatherapie verwendet. In die Rinde des Baumes werden Einschnitte gemacht, durch die der wei\u00dfliche Saft der Pflanze austritt, der mit der Luft reagiert und sich im Laufe von Wochen in ein hartes Harz verwandelt.<\/p>\n<p>Dieses Baumharz wird destilliert, um \u00e4therisches Weihrauch\u00f6l zu gewinnen. Es hat einen unverwechselbaren Duft, der dem uns bekannten Harz \u00e4hnelt, und gilt als eines der luxuri\u00f6sesten Parf\u00fcms der Welt. In der Antike wurde das Weihrauchharz auf Alt\u00e4ren und in Tempeln verbrannt, weil es den Atem verlangsamt und vertieft, was den Geist beruhigt und Gebet und Meditation erm\u00f6glicht.<\/p>\n<p>Bek\u00e4mpft negative Emotionen und hebt die Stimmung<\/p>\n<p>Der Name Weihrauch leitet sich vom franz\u00f6sischen Begriff franc encens&#8220; ab, was so viel wie hochwertiger Weihrauch&#8220; bedeutet. Wir k\u00f6nnen also davon ausgehen, dass dieser erdige Duft negative Emotionen bek\u00e4mpft und zur Beruhigung des Geistes beitr\u00e4gt.<\/p>\n<p>Wir haben eingangs erw\u00e4hnt, dass dieser Duft in der Antike in Tempeln verwendet wurde, um sich zu beruhigen und in tiefe Meditation zu gehen. Schon ein paar Tropfen im Dfuzori h\u00fcllen die Umgebung in Ruhe ein und sp\u00fclen alle negativen Energien im Raum weg. Ein Tropfen in der Badewanne entspannt die Muskeln und die Seele. Sie werden sich ruhig und ausgeruht f\u00fchlen.<\/p>\n<p>Teil Hautpflege<\/p>\n<p>Das \u00e4therische Boswellia-\u00d6l ist wahrscheinlich das wertvollste aller alten \u00d6le. Es ist sehr vielseitig und hat viele positive Eigenschaften.<\/p>\n<p>Wenn Sie das \u00e4therische \u00d6l mit Basis\u00f6len wie Kokosnuss oder Olive mischen, erhalten Sie ein hervorragendes Mittel gegen Falten und Hautalterung. \u00c4therisches Weihrauch\u00f6l vertr\u00e4gt sich gut mit \u00e4therischen Zitrus\u00f6len wie Bergamotte, Zitrone und Orange. Wenn Sie reichhaltigere D\u00fcfte bevorzugen, mischen Sie es mit \u00e4therischen \u00d6len aus Zedernholz, Sandelholz und Myrrhe. Und f\u00fcr weiche, feminine D\u00fcfte: \u00e4therische \u00d6le aus Ylang Ylang, Rose und Lavendel.<\/p>\n<p>Dieses alte \u00d6l, das nach Holz, Harz, Natur und Religion duftet, ist auch heute noch aktuell. In einer modernen Welt, in der es so viele synthetische Produkte, unklare Inhaltsstoffe und ungetestete Chemikalien gibt, sollten Sie sich der Natur zuwenden und auf das Gute vertrauen, das sie bietet. Sie sind ein Kind der Natur.<\/p>\n<p>National Geographic hat einen Artikel dar\u00fcber ver\u00f6ffentlicht, warum die Boswellia-B\u00e4ume in Gefahr sind. Darin wird auch doTERRA erw\u00e4hnt, das Weihrauch\u00f6l auf ethische Weise extrahiert und dieses Gut bewahrt.<\/p>\n<p><iframe title=\"How to use doTERRA Frankincense\" src=\"https:\/\/www.youtube.com\/embed\/L4fIcGq0QO8\" width=\"853\" height=\"480\" frameborder=\"0\" allowfullscreen=\"allowfullscreen\"><\/iframe><\/p>\n","protected":false},"excerpt":{"rendered":"<p>Das wahrscheinlich wertvollste aller alten \u00d6le, das \u00e4therische Boswellia-\u00d6l von doTERRA, ist sehr vielseitig und hat viele positive Eigenschaften.<\/p>\n","protected":false},"featured_media":21513,"template":"","meta":{"site-sidebar-layout":"default","site-content-layout":"default","ast-site-content-layout":"default","site-content-style":"default","site-sidebar-style":"default","ast-global-header-display":"","ast-banner-title-visibility":"","ast-main-header-display":"","ast-hfb-above-header-display":"","ast-hfb-below-header-display":"","ast-hfb-mobile-header-display":"","site-post-title":"","ast-breadcrumbs-content":"","ast-featured-img":"","footer-sml-layout":"","ast-disable-related-posts":"","theme-transparent-header-meta":"default","adv-header-id-meta":"","stick-header-meta":"","header-above-stick-meta":"","header-main-stick-meta":"","header-below-stick-meta":"","astra-migrate-meta-layouts":"set","ast-page-background-enabled":"default","ast-page-background-meta":{"desktop":{"background-color":"","background-image":"","background-repeat":"repeat","background-position":"center center","background-size":"auto","background-attachment":"scroll","background-type":"","background-media":"","overlay-type":"","overlay-color":"","overlay-opacity":"","overlay-gradient":""},"tablet":{"background-color":"","background-image":"","background-repeat":"repeat","background-position":"center center","background-size":"auto","background-attachment":"scroll","background-type":"","background-media":"","overlay-type":"","overlay-color":"","overlay-opacity":"","overlay-gradient":""},"mobile":{"background-color":"","background-image":"","background-repeat":"repeat","background-position":"center center","background-size":"auto","background-attachment":"scroll","background-type":"","background-media":"","overlay-type":"","overlay-color":"","overlay-opacity":"","overlay-gradient":""}},"ast-content-background-meta":{"desktop":{"background-color":"var(--ast-global-color-5)","background-image":"","background-repeat":"repeat","background-position":"center center","background-size":"auto","background-attachment":"scroll","background-type":"","background-media":"","overlay-type":"","overlay-color":"","overlay-opacity":"","overlay-gradient":""},"tablet":{"background-color":"var(--ast-global-color-5)","background-image":"","background-repeat":"repeat","background-position":"center center","background-size":"auto","background-attachment":"scroll","background-type":"","background-media":"","overlay-type":"","overlay-color":"","overlay-opacity":"","overlay-gradient":""},"mobile":{"background-color":"var(--ast-global-color-5)","background-image":"","background-repeat":"repeat","background-position":"center center","background-size":"auto","background-attachment":"scroll","background-type":"","background-media":"","overlay-type":"","overlay-color":"","overlay-opacity":"","overlay-gradient":""}}},"product_brand":[],"product_cat":[1939,1959,1989,1994,1999,1949,2039],"product_tag":[2092,3231,2763],"class_list":{"0":"post-21509","1":"product","2":"type-product","3":"status-publish","4":"has-post-thumbnail","6":"product_cat-essentielle-oele","7":"product_cat-hygiene-und-hautpflege","8":"product_cat-immunitaet","9":"product_cat-konzentration","10":"product_cat-massage-de","11":"product_cat-reine-aetherische-oele","12":"product_cat-stressbewaeltigung","13":"product_tag-15-ml-de","14":"product_tag-essentielle-oele","15":"product_tag-geranium-de","16":"desktop-align-left","17":"tablet-align-left","18":"mobile-align-left","20":"first","21":"instock","22":"taxable","23":"shipping-taxable","24":"purchasable","25":"product-type-simple"},"_links":{"self":[{"href":"https:\/\/mamaterra.lt\/de\/wp-json\/wp\/v2\/product\/21509","targetHints":{"allow":["GET"]}}],"collection":[{"href":"https:\/\/mamaterra.lt\/de\/wp-json\/wp\/v2\/product"}],"about":[{"href":"https:\/\/mamaterra.lt\/de\/wp-json\/wp\/v2\/types\/product"}],"wp:featuredmedia":[{"embeddable":true,"href":"https:\/\/mamaterra.lt\/de\/wp-json\/wp\/v2\/media\/21513"}],"wp:attachment":[{"href":"https:\/\/mamaterra.lt\/de\/wp-json\/wp\/v2\/media?parent=21509"}],"wp:term":[{"taxonomy":"product_brand","embeddable":true,"href":"https:\/\/mamaterra.lt\/de\/wp-json\/wp\/v2\/product_brand?post=21509"},{"taxonomy":"product_cat","embeddable":true,"href":"https:\/\/mamaterra.lt\/de\/wp-json\/wp\/v2\/product_cat?post=21509"},{"taxonomy":"product_tag","embeddable":true,"href":"https:\/\/mamaterra.lt\/de\/wp-json\/wp\/v2\/product_tag?post=21509"}],"curies":[{"name":"wp","href":"https:\/\/api.w.org\/{rel}","templated":true}]}}