{"id":21483,"date":"2023-04-30T17:17:28","date_gmt":"2023-04-30T16:17:28","guid":{"rendered":"https:\/\/mamaterra.lt\/parduotuve\/unkategorisiert\/doterra-blue-lotus-touch-10ml\/"},"modified":"2024-02-10T21:41:22","modified_gmt":"2024-02-10T20:41:22","slug":"doterra-blauer-lotus-touch-10ml","status":"publish","type":"product","link":"https:\/\/mamaterra.lt\/de\/parduotuve\/essentielle-oele\/reine-aetherische-oele\/doterra-blauer-lotus-touch-10ml\/","title":{"rendered":"doTERRA Blauer Lotus Touch 10ml"},"content":{"rendered":"<h6 class=\"spotlight__head-latin-title\">Nymphaea caerulea<\/h6>\n<div class=\"spotlight__head-copy\">\n<p>Der Blaue Lotus, der f\u00fcr sein Geheimnis und seine Mystik bekannt ist, wird Sie sicher verzaubern. doTERRA Blue Lotus Touch kombiniert fraktioniertes Kokosnuss\u00f6l und Blauen Lotus, einen wunderbaren Extrakt, der in der \u00e4gyptischen Kultur und Kunst hoch gesch\u00e4tzt wird. Dieser Extrakt wird aus den Bl\u00fcten der Nymphaea caerulea-Pflanze gewonnen &#8211; auch bekannt als \u00c4gyptischer Lotus oder Blaue Seerose. Der \u00e4u\u00dferst seltene, beliebte und gesch\u00e4tzte Blaue Lotus hat einen unverwechselbaren s\u00fc\u00dfen und verf\u00fchrerischen Bl\u00fctenduft.<\/p>\n<p>Wird oft in Massage\u00f6len und zur Meditation verwendet.<br \/>\nKann zur Aufrechterhaltung einer optimalen Hautfeuchtigkeit beitragen.<br \/>\nWird oft als bezauberndes pers\u00f6nliches Parf\u00fcm verwendet.<br \/>\nGebrauchsfertig &#8211; verd\u00fcnnt mit fraktioniertem Kokosnuss\u00f6l.<\/p>\n<p>&nbsp;<\/p>\n<p>F\u00fcr einen ausgleichenden und entspannenden Duft den ganzen Tag \u00fcber auf pulsierende Stellen auftragen.<br \/>\nVerwenden Sie es als Teil Ihrer t\u00e4glichen Hautpflegeroutine, um die nat\u00fcrliche Feuchtigkeitsbarriere Ihrer Haut zu erhalten.<br \/>\nAuf den Hals und die Handgelenke als faszinierendes und verf\u00fchrerisches pers\u00f6nliches Parf\u00fcm auftragen.<\/p>\n<p>Hinweise zur Anwendung<\/p>\n<p>Nur zur \u00e4u\u00dferen Anwendung. Zur Beduftung, Hautpflege oder Massage in die Haut einmassieren.<\/p>\n<\/div>\n","protected":false},"excerpt":{"rendered":"<ul class=\"custom-list\">\n<li>F\u00fcr ein ausgleichendes und entspannendes Aroma den ganzen Tag \u00fcber auf die pulsierenden Stellen auftragen.<\/li>\n<li>Verwenden Sie es als Teil Ihrer t\u00e4glichen Hautpflegeroutine, um die nat\u00fcrliche Feuchtigkeitsbarriere Ihrer Haut zu erhalten.<\/li>\n<li>Tragen Sie es auf Hals und Handgelenke auf, um ein faszinierendes und verf\u00fchrerisches pers\u00f6nliches Parf\u00fcm zu erhalten.<\/li>\n<\/ul>\n","protected":false},"featured_media":0,"template":"","meta":{"site-sidebar-layout":"default","site-content-layout":"default","ast-site-content-layout":"default","site-content-style":"default","site-sidebar-style":"default","ast-global-header-display":"","ast-banner-title-visibility":"","ast-main-header-display":"","ast-hfb-above-header-display":"","ast-hfb-below-header-display":"","ast-hfb-mobile-header-display":"","site-post-title":"","ast-breadcrumbs-content":"","ast-featured-img":"","footer-sml-layout":"","ast-disable-related-posts":"","theme-transparent-header-meta":"default","adv-header-id-meta":"","stick-header-meta":"","header-above-stick-meta":"","header-main-stick-meta":"","header-below-stick-meta":"","astra-migrate-meta-layouts":"set","ast-page-background-enabled":"default","ast-page-background-meta":{"desktop":{"background-color":"","background-image":"","background-repeat":"repeat","background-position":"center center","background-size":"auto","background-attachment":"scroll","background-type":"","background-media":"","overlay-type":"","overlay-color":"","overlay-opacity":"","overlay-gradient":""},"tablet":{"background-color":"","background-image":"","background-repeat":"repeat","background-position":"center center","background-size":"auto","background-attachment":"scroll","background-type":"","background-media":"","overlay-type":"","overlay-color":"","overlay-opacity":"","overlay-gradient":""},"mobile":{"background-color":"","background-image":"","background-repeat":"repeat","background-position":"center center","background-size":"auto","background-attachment":"scroll","background-type":"","background-media":"","overlay-type":"","overlay-color":"","overlay-opacity":"","overlay-gradient":""}},"ast-content-background-meta":{"desktop":{"background-color":"var(--ast-global-color-5)","background-image":"","background-repeat":"repeat","background-position":"center center","background-size":"auto","background-attachment":"scroll","background-type":"","background-media":"","overlay-type":"","overlay-color":"","overlay-opacity":"","overlay-gradient":""},"tablet":{"background-color":"var(--ast-global-color-5)","background-image":"","background-repeat":"repeat","background-position":"center center","background-size":"auto","background-attachment":"scroll","background-type":"","background-media":"","overlay-type":"","overlay-color":"","overlay-opacity":"","overlay-gradient":""},"mobile":{"background-color":"var(--ast-global-color-5)","background-image":"","background-repeat":"repeat","background-position":"center center","background-size":"auto","background-attachment":"scroll","background-type":"","background-media":"","overlay-type":"","overlay-color":"","overlay-opacity":"","overlay-gradient":""}}},"product_brand":[],"product_cat":[1939,1959,1949,2039],"product_tag":[],"class_list":{"0":"post-21483","1":"product","2":"type-product","3":"status-publish","5":"product_cat-essentielle-oele","6":"product_cat-hygiene-und-hautpflege","7":"product_cat-reine-aetherische-oele","8":"product_cat-stressbewaeltigung","9":"desktop-align-left","10":"tablet-align-left","11":"mobile-align-left","13":"first","14":"instock","15":"sale","16":"taxable","17":"shipping-taxable","18":"purchasable","19":"product-type-simple"},"_links":{"self":[{"href":"https:\/\/mamaterra.lt\/de\/wp-json\/wp\/v2\/product\/21483","targetHints":{"allow":["GET"]}}],"collection":[{"href":"https:\/\/mamaterra.lt\/de\/wp-json\/wp\/v2\/product"}],"about":[{"href":"https:\/\/mamaterra.lt\/de\/wp-json\/wp\/v2\/types\/product"}],"wp:attachment":[{"href":"https:\/\/mamaterra.lt\/de\/wp-json\/wp\/v2\/media?parent=21483"}],"wp:term":[{"taxonomy":"product_brand","embeddable":true,"href":"https:\/\/mamaterra.lt\/de\/wp-json\/wp\/v2\/product_brand?post=21483"},{"taxonomy":"product_cat","embeddable":true,"href":"https:\/\/mamaterra.lt\/de\/wp-json\/wp\/v2\/product_cat?post=21483"},{"taxonomy":"product_tag","embeddable":true,"href":"https:\/\/mamaterra.lt\/de\/wp-json\/wp\/v2\/product_tag?post=21483"}],"curies":[{"name":"wp","href":"https:\/\/api.w.org\/{rel}","templated":true}]}}