{"id":21457,"date":"2021-04-18T16:24:22","date_gmt":"2021-04-18T15:24:22","guid":{"rendered":"https:\/\/mamaterra.lt\/parduotuve\/unkategorisiert\/bergamociu-bergamot-tyras-doterra-eterinis-aliejus-15ml\/"},"modified":"2024-02-10T20:57:38","modified_gmt":"2024-02-10T19:57:38","slug":"bergamotte-bergamot-reines-doterra-aetherisches-oel","status":"publish","type":"product","link":"https:\/\/mamaterra.lt\/de\/parduotuve\/essentielle-oele\/reine-aetherische-oele\/bergamotte-bergamot-reines-doterra-aetherisches-oel\/","title":{"rendered":"Bergamotte (BERGAMOT) Reines doTERRA \u00e4therisches \u00d6l"},"content":{"rendered":"<h6 id=\"tw-target-text\" class=\"tw-data-text tw-text-large tw-ta\" dir=\"ltr\" data-placeholder=\"Vertimas\" data-ved=\"2ahUKEwjI09XmxKGEAxXEefEDHdznBYcQ3ewLegQIDRAU\"><span class=\"Y2IQFc\" lang=\"de\">Bergamotte (BERGAMOT) Reines doTERRA \u00e4therisches \u00d6l<\/span><\/h6>\n<p>Citrus bergamia | 15ml<\/p>\n<p>&nbsp;<\/p>\n<p>Die Bergamotte ist die am meisten verw\u00f6hnte Zitruspflanze, die besondere Klima- und Bodenbedingungen ben\u00f6tigt. Aber diese empfindliche Pflanze hat ein starkes, s\u00fc\u00dfes Zitrusaroma! In Griechenland isst man die unreifen Fr\u00fcchte mit einem L\u00f6ffel als Dessert oder zum Kaffee. Verwenden Sie das \u00e4therische \u00d6l der Bergamotte in Ihrem Haus, um Smoothies, Wasser oder Tee zu aromatisieren! Bergamotte\u00f6l ist ein besonderes Zitrus\u00f6l, denn es hebt die Stimmung und wirkt gleichzeitig beruhigend. Das \u00e4therische \u00d6l der Bergamotte wird seit Hunderten von Jahren zur Beruhigung und Revitalisierung der Hautfarbe verwendet<\/p>\n<p>Das \u00e4therische \u00d6l der Bergamotte, das aus der Schale der Bergamottenfrucht kaltgepresst wird, ist einzigartig und das sanfteste aller Zitrus\u00f6le. Es wird wegen seiner Zitruseigenschaften sehr gesch\u00e4tzt.<br \/>\nDas \u00e4therische \u00d6l der Bergamotte wird h\u00e4ufig in der Massagetherapie verwendet, da es Haut und Geist beruhigt.<br \/>\nDas vielseitig einsetzbare \u00e4therische \u00d6l der Bergamotte ist ein starker Hautaufheller.<br \/>\nAufgrund seiner beruhigenden Wirkung und seines Duftes wird es in einer Vielzahl von Parf\u00fcms, Cremes, Lotionen, Seifen und Hautpflegeprodukten verwendet.<\/p>\n<p>Hinweise zur Anwendung<br \/>\nInnerliche Anwendung: einen Tropfen in 125 ml Fl\u00fcssigkeit verd\u00fcnnen.<br \/>\nZur \u00e4u\u00dferlichen Anwendung: F\u00fcr die Massage 5 Tropfen mit 10 ml Basis\u00f6l mischen. F\u00fcr die Anwendung im Bad: 5 Tropfen mit 5 ml Basis\u00f6l mischen. Bei Verwendung als Parf\u00fcm: 1 Tropfen mit 10 Tropfen Basis\u00f6l mischen.<br \/>\nVorsichtsma\u00dfnahmen<br \/>\nKann Hautreizungen verursachen. Au\u00dferhalb der Reichweite von Kindern aufbewahren. Wenn Sie schwanger sind, stillen oder unter \u00e4rztlicher Aufsicht stehen, fragen Sie Ihren Arzt. Von den Augen, dem Innenohr und empfindlichen Bereichen fernhalten. Vermeiden Sie Sonneneinstrahlung oder UV-Strahlen f\u00fcr mindestens 12 Stunden nach der Anwendung.<\/p>\n<p><iframe title=\"d\u014dTERRA Bergamot Essential Oil\" src=\"https:\/\/www.youtube.com\/embed\/OdVXDA9-T2w\" width=\"853\" height=\"480\" frameborder=\"0\" allowfullscreen=\"allowfullscreen\"><\/iframe><\/p>\n","protected":false},"excerpt":{"rendered":"<p>Beruhigendes und entspannendes Aroma<br \/>\n\u00c4therisches Bergamotten\u00f6l wird h\u00e4ufig bei Massagen verwendet, da es eine beruhigende Wirkung hat<br \/>\nTragen Sie es beim Duschen auf Ihre Haut auf und genie\u00dfen Sie die reinigende Wirkung<\/p>\n","protected":false},"featured_media":21458,"template":"","meta":{"site-sidebar-layout":"default","site-content-layout":"default","ast-site-content-layout":"default","site-content-style":"default","site-sidebar-style":"default","ast-global-header-display":"","ast-banner-title-visibility":"","ast-main-header-display":"","ast-hfb-above-header-display":"","ast-hfb-below-header-display":"","ast-hfb-mobile-header-display":"","site-post-title":"","ast-breadcrumbs-content":"","ast-featured-img":"","footer-sml-layout":"","ast-disable-related-posts":"","theme-transparent-header-meta":"default","adv-header-id-meta":"","stick-header-meta":"","header-above-stick-meta":"","header-main-stick-meta":"","header-below-stick-meta":"","astra-migrate-meta-layouts":"set","ast-page-background-enabled":"default","ast-page-background-meta":{"desktop":{"background-color":"","background-image":"","background-repeat":"repeat","background-position":"center center","background-size":"auto","background-attachment":"scroll","background-type":"","background-media":"","overlay-type":"","overlay-color":"","overlay-opacity":"","overlay-gradient":""},"tablet":{"background-color":"","background-image":"","background-repeat":"repeat","background-position":"center center","background-size":"auto","background-attachment":"scroll","background-type":"","background-media":"","overlay-type":"","overlay-color":"","overlay-opacity":"","overlay-gradient":""},"mobile":{"background-color":"","background-image":"","background-repeat":"repeat","background-position":"center center","background-size":"auto","background-attachment":"scroll","background-type":"","background-media":"","overlay-type":"","overlay-color":"","overlay-opacity":"","overlay-gradient":""}},"ast-content-background-meta":{"desktop":{"background-color":"var(--ast-global-color-5)","background-image":"","background-repeat":"repeat","background-position":"center center","background-size":"auto","background-attachment":"scroll","background-type":"","background-media":"","overlay-type":"","overlay-color":"","overlay-opacity":"","overlay-gradient":""},"tablet":{"background-color":"var(--ast-global-color-5)","background-image":"","background-repeat":"repeat","background-position":"center center","background-size":"auto","background-attachment":"scroll","background-type":"","background-media":"","overlay-type":"","overlay-color":"","overlay-opacity":"","overlay-gradient":""},"mobile":{"background-color":"var(--ast-global-color-5)","background-image":"","background-repeat":"repeat","background-position":"center center","background-size":"auto","background-attachment":"scroll","background-type":"","background-media":"","overlay-type":"","overlay-color":"","overlay-opacity":"","overlay-gradient":""}}},"product_brand":[],"product_cat":[1939,1949,2004,2039],"product_tag":[2092,2960,3231],"class_list":{"0":"post-21457","1":"product","2":"type-product","3":"status-publish","4":"has-post-thumbnail","6":"product_cat-essentielle-oele","7":"product_cat-reine-aetherische-oele","8":"product_cat-schlafen","9":"product_cat-stressbewaeltigung","10":"product_tag-15-ml-de","11":"product_tag-bergamot-de","12":"product_tag-essentielle-oele","13":"desktop-align-left","14":"tablet-align-left","15":"mobile-align-left","17":"first","18":"instock","19":"sale","20":"taxable","21":"shipping-taxable","22":"purchasable","23":"product-type-simple"},"_links":{"self":[{"href":"https:\/\/mamaterra.lt\/de\/wp-json\/wp\/v2\/product\/21457","targetHints":{"allow":["GET"]}}],"collection":[{"href":"https:\/\/mamaterra.lt\/de\/wp-json\/wp\/v2\/product"}],"about":[{"href":"https:\/\/mamaterra.lt\/de\/wp-json\/wp\/v2\/types\/product"}],"wp:featuredmedia":[{"embeddable":true,"href":"https:\/\/mamaterra.lt\/de\/wp-json\/wp\/v2\/media\/21458"}],"wp:attachment":[{"href":"https:\/\/mamaterra.lt\/de\/wp-json\/wp\/v2\/media?parent=21457"}],"wp:term":[{"taxonomy":"product_brand","embeddable":true,"href":"https:\/\/mamaterra.lt\/de\/wp-json\/wp\/v2\/product_brand?post=21457"},{"taxonomy":"product_cat","embeddable":true,"href":"https:\/\/mamaterra.lt\/de\/wp-json\/wp\/v2\/product_cat?post=21457"},{"taxonomy":"product_tag","embeddable":true,"href":"https:\/\/mamaterra.lt\/de\/wp-json\/wp\/v2\/product_tag?post=21457"}],"curies":[{"name":"wp","href":"https:\/\/api.w.org\/{rel}","templated":true}]}}