{"id":21430,"date":"2023-05-10T20:52:19","date_gmt":"2023-05-10T19:52:19","guid":{"rendered":"https:\/\/mamaterra.lt\/parduotuve\/unkategorisiert\/metapwr-advantage-kolagenai\/"},"modified":"2024-02-10T19:19:24","modified_gmt":"2024-02-10T18:19:24","slug":"metapwr-advantage-mit-kollagen-pflanzenstoffen-aetherischen-oelen-vitaminen","status":"publish","type":"product","link":"https:\/\/mamaterra.lt\/de\/parduotuve\/essentielle-oele\/metapwr-advantage-mit-kollagen-pflanzenstoffen-aetherischen-oelen-vitaminen\/","title":{"rendered":"MetaPWR Advantage mit Kollagen, Pflanzenstoffen, \u00e4therischen \u00d6len, Vitaminen"},"content":{"rendered":"<h6>MetaPWR Advantage<br \/>\nmit Kollagen, Pflanzenstoffen, \u00e4therischen \u00d6len, Vitaminen<\/h6>\n<div class=\"spotlight__head-copy\">\n<p>Mit der Zeit nimmt die nat\u00fcrliche Produktion von NAD+\/NADH (Nikotinamid-Adenin-Dinukleotid) und Kollagen in unserem K\u00f6rper ab, so dass unsere K\u00f6rperfunktionen nicht mehr mit voller Kapazit\u00e4t funktionieren k\u00f6nnen. Genau hier kommen die Vorteile von MetaPWR\u2122 Advantage ins Spiel. Die neun Arten von aus dem Meer gewonnenen Kollagen-Tripeptiden und NMN (Nicotinamid-Mononukleotid) in der Formel k\u00f6nnen zur Produktion von NADH und NAD+ beitragen. Verbessern Sie Ihre gesamte K\u00f6rperzusammensetzung durch die Einnahme des k\u00f6stlichen MetaPWR Advantage-Pulvers.<\/p>\n<p>Enth\u00e4lt keine GVO, Milchprodukte, Soja, Gluten, Konservierungsmittel, k\u00fcnstliche S\u00fc\u00dfstoffe oder Aromen.<br \/>\nKollagen kann dazu beitragen, das Erscheinungsbild der Haut zu verbessern, indem es die Hautdichte f\u00f6rdert, zu mehr Festigkeit beitr\u00e4gt und die Hydratation verbessert.<br \/>\nEnth\u00e4lt Traubenkernextrakt (Vitis vinifera):<br \/>\nUnterst\u00fctzt den Stoffwechsel, tr\u00e4gt zur Gesunderhaltung des Herzens bei und hat eine positive Wirkung auf den Blutdruck*.<br \/>\nEnth\u00e4lt nat\u00fcrlich vorkommende Antioxidantien zum Schutz der Zellen, hilft, die Zellen vor den sch\u00e4dlichen Auswirkungen freier Radikale zu sch\u00fctzen*.<br \/>\nAntioxidantien erh\u00f6hen die allgemeine antioxidative Kapazit\u00e4t des K\u00f6rpers und k\u00f6nnen zur St\u00e4rkung der k\u00f6rpereigenen Abwehrkr\u00e4fte beitragen*.<br \/>\nEs ist klinisch und wissenschaftlich erwiesen, dass sie Zellen und Gewebe vor oxidativen Sch\u00e4den durch freie Radikale sch\u00fctzen*.<br \/>\nEnth\u00e4lt L-Ascorbins\u00e4ure:<br \/>\nVerlangsamt den Alterungsprozess*.<br \/>\nSch\u00fctzt die Haut vor Umwelteinfl\u00fcssen*.<br \/>\nSch\u00fctzt die Haut nachweislich vor vorzeitiger Alterung, reduziert R\u00f6tungen und Stress, der durch freie Radikale verursacht wird*.<br \/>\nUnterst\u00fctzt die kardiovaskul\u00e4re Gesundheit<\/p>\n<\/div>\n","protected":false},"excerpt":{"rendered":"<p>Enth\u00e4lt keine GVO, Milchprodukte, Soja, Gluten, Konservierungsstoffe, k\u00fcnstliche S\u00fc\u00dfstoffe oder Aromen.<br \/>\nKollagen kann dazu beitragen, das Erscheinungsbild der Haut zu verbessern, indem es die Hautdichte f\u00f6rdert, die Festigkeit erh\u00f6ht und die Feuchtigkeitsversorgung verbessert<\/p>\n","protected":false},"featured_media":21431,"template":"","meta":{"site-sidebar-layout":"default","site-content-layout":"default","ast-site-content-layout":"default","site-content-style":"default","site-sidebar-style":"default","ast-global-header-display":"","ast-banner-title-visibility":"","ast-main-header-display":"","ast-hfb-above-header-display":"","ast-hfb-below-header-display":"","ast-hfb-mobile-header-display":"","site-post-title":"","ast-breadcrumbs-content":"","ast-featured-img":"","footer-sml-layout":"","ast-disable-related-posts":"","theme-transparent-header-meta":"default","adv-header-id-meta":"","stick-header-meta":"","header-above-stick-meta":"","header-main-stick-meta":"","header-below-stick-meta":"","astra-migrate-meta-layouts":"set","ast-page-background-enabled":"default","ast-page-background-meta":{"desktop":{"background-color":"","background-image":"","background-repeat":"repeat","background-position":"center center","background-size":"auto","background-attachment":"scroll","background-type":"","background-media":"","overlay-type":"","overlay-color":"","overlay-opacity":"","overlay-gradient":""},"tablet":{"background-color":"","background-image":"","background-repeat":"repeat","background-position":"center center","background-size":"auto","background-attachment":"scroll","background-type":"","background-media":"","overlay-type":"","overlay-color":"","overlay-opacity":"","overlay-gradient":""},"mobile":{"background-color":"","background-image":"","background-repeat":"repeat","background-position":"center center","background-size":"auto","background-attachment":"scroll","background-type":"","background-media":"","overlay-type":"","overlay-color":"","overlay-opacity":"","overlay-gradient":""}},"ast-content-background-meta":{"desktop":{"background-color":"var(--ast-global-color-5)","background-image":"","background-repeat":"repeat","background-position":"center center","background-size":"auto","background-attachment":"scroll","background-type":"","background-media":"","overlay-type":"","overlay-color":"","overlay-opacity":"","overlay-gradient":""},"tablet":{"background-color":"var(--ast-global-color-5)","background-image":"","background-repeat":"repeat","background-position":"center center","background-size":"auto","background-attachment":"scroll","background-type":"","background-media":"","overlay-type":"","overlay-color":"","overlay-opacity":"","overlay-gradient":""},"mobile":{"background-color":"var(--ast-global-color-5)","background-image":"","background-repeat":"repeat","background-position":"center center","background-size":"auto","background-attachment":"scroll","background-type":"","background-media":"","overlay-type":"","overlay-color":"","overlay-opacity":"","overlay-gradient":""}}},"product_brand":[],"product_cat":[1939],"product_tag":[],"class_list":{"0":"post-21430","1":"product","2":"type-product","3":"status-publish","4":"has-post-thumbnail","6":"product_cat-essentielle-oele","7":"desktop-align-left","8":"tablet-align-left","9":"mobile-align-left","11":"first","12":"instock","13":"sale","14":"taxable","15":"shipping-taxable","16":"purchasable","17":"product-type-simple"},"_links":{"self":[{"href":"https:\/\/mamaterra.lt\/de\/wp-json\/wp\/v2\/product\/21430","targetHints":{"allow":["GET"]}}],"collection":[{"href":"https:\/\/mamaterra.lt\/de\/wp-json\/wp\/v2\/product"}],"about":[{"href":"https:\/\/mamaterra.lt\/de\/wp-json\/wp\/v2\/types\/product"}],"wp:featuredmedia":[{"embeddable":true,"href":"https:\/\/mamaterra.lt\/de\/wp-json\/wp\/v2\/media\/21431"}],"wp:attachment":[{"href":"https:\/\/mamaterra.lt\/de\/wp-json\/wp\/v2\/media?parent=21430"}],"wp:term":[{"taxonomy":"product_brand","embeddable":true,"href":"https:\/\/mamaterra.lt\/de\/wp-json\/wp\/v2\/product_brand?post=21430"},{"taxonomy":"product_cat","embeddable":true,"href":"https:\/\/mamaterra.lt\/de\/wp-json\/wp\/v2\/product_cat?post=21430"},{"taxonomy":"product_tag","embeddable":true,"href":"https:\/\/mamaterra.lt\/de\/wp-json\/wp\/v2\/product_tag?post=21430"}],"curies":[{"name":"wp","href":"https:\/\/api.w.org\/{rel}","templated":true}]}}