{"id":21405,"date":"2023-08-24T20:43:11","date_gmt":"2023-08-24T19:43:11","guid":{"rendered":"https:\/\/mamaterra.lt\/parduotuve\/unkategorisiert\/doterra-metapwr-misinys-15ml\/"},"modified":"2024-02-10T18:52:39","modified_gmt":"2024-02-10T17:52:39","slug":"doterra-metapwr-aetherische-oelmischung-15ml","status":"publish","type":"product","link":"https:\/\/mamaterra.lt\/de\/parduotuve\/essentielle-oele\/aetherische-oelmischungen\/doterra-metapwr-aetherische-oelmischung-15ml\/","title":{"rendered":"doTERRA MetaPWR \u00c4therische \u00d6lmischung 15ml"},"content":{"rendered":"<div class=\"spotlight__head\">\n<div class=\"ui container\">\n<div class=\"spotlight__wrap\">\n<div class=\"spotlight__head-item spotlight__head-item--copy\">\n<h6 class=\"spotlight__head-title\">doTERRA MetaPWR \u00c4therische \u00d6lmischung 15ml<\/h6>\n<div class=\"spotlight__head-copy\">\n<p>Die \u00e4therische \u00d6lmischung MetaPWR\u2122 wurde entwickelt, um einen Lebensstil zu unterst\u00fctzen, der sich auf mehr Vitalit\u00e4t, eine bessere Ern\u00e4hrung und Wohlbefinden konzentriert. Die von d\u014dTERRA-Klinikern und medizinischen Wissenschaftlern entwickelte MetaPWR-Mischung ist eine spezielle Mischung aus den \u00e4therischen \u00d6len CPTG\u2122 Grapefruit, Zitrone, Pfefferminze, Ingwer und Zimt. Die Kombination aus Zitrus-, Minz- und Gew\u00fcrz\u00f6len macht MetaPWR zu einem wirksamen Lebensmittelgew\u00fcrz, das den Hei\u00dfhunger auf S\u00fc\u00dfes stillt!<\/p>\n<p>Das zitrusartige, w\u00fcrzige, minzige und s\u00fc\u00dfe Aroma eignet sich perfekt zum Aromatisieren von Getr\u00e4nken.<\/p>\n<p>Es gibt Ihnen den Schub, den Sie vor und w\u00e4hrend eines intensiven Workouts brauchen.<br \/>\nWenn MetaPWR zum Aromatisieren von Speisen verwendet wird, kann es die Sinne anregen und die Stimmung heben.<br \/>\nEs ist eine hervorragende Erg\u00e4nzung zu einem gesundheitsf\u00f6rdernden Programm und tr\u00e4gt zu einer bewussten Lebensmittelauswahl bei.<\/p>\n<\/div>\n<\/div>\n<\/div>\n<\/div>\n<\/div>\n","protected":false},"excerpt":{"rendered":"<p>Die Kombination aus Zitrus-, Minz- und Gew\u00fcrz\u00f6len macht MetaPWR zu einem wirksamen Lebensmittelgew\u00fcrz, das den Hei\u00dfhunger auf S\u00fc\u00dfes stillt!<\/p>\n","protected":false},"featured_media":21407,"template":"","meta":{"site-sidebar-layout":"default","site-content-layout":"","ast-site-content-layout":"default","site-content-style":"default","site-sidebar-style":"default","ast-global-header-display":"","ast-banner-title-visibility":"","ast-main-header-display":"","ast-hfb-above-header-display":"","ast-hfb-below-header-display":"","ast-hfb-mobile-header-display":"","site-post-title":"","ast-breadcrumbs-content":"","ast-featured-img":"","footer-sml-layout":"","ast-disable-related-posts":"","theme-transparent-header-meta":"default","adv-header-id-meta":"","stick-header-meta":"","header-above-stick-meta":"","header-main-stick-meta":"","header-below-stick-meta":"","astra-migrate-meta-layouts":"set","ast-page-background-enabled":"default","ast-page-background-meta":{"desktop":{"background-color":"","background-image":"","background-repeat":"repeat","background-position":"center center","background-size":"auto","background-attachment":"scroll","background-type":"","background-media":"","overlay-type":"","overlay-color":"","overlay-opacity":"","overlay-gradient":""},"tablet":{"background-color":"","background-image":"","background-repeat":"repeat","background-position":"center center","background-size":"auto","background-attachment":"scroll","background-type":"","background-media":"","overlay-type":"","overlay-color":"","overlay-opacity":"","overlay-gradient":""},"mobile":{"background-color":"","background-image":"","background-repeat":"repeat","background-position":"center center","background-size":"auto","background-attachment":"scroll","background-type":"","background-media":"","overlay-type":"","overlay-color":"","overlay-opacity":"","overlay-gradient":""}},"ast-content-background-meta":{"desktop":{"background-color":"var(--ast-global-color-5)","background-image":"","background-repeat":"repeat","background-position":"center center","background-size":"auto","background-attachment":"scroll","background-type":"","background-media":"","overlay-type":"","overlay-color":"","overlay-opacity":"","overlay-gradient":""},"tablet":{"background-color":"var(--ast-global-color-5)","background-image":"","background-repeat":"repeat","background-position":"center center","background-size":"auto","background-attachment":"scroll","background-type":"","background-media":"","overlay-type":"","overlay-color":"","overlay-opacity":"","overlay-gradient":""},"mobile":{"background-color":"var(--ast-global-color-5)","background-image":"","background-repeat":"repeat","background-position":"center center","background-size":"auto","background-attachment":"scroll","background-type":"","background-media":"","overlay-type":"","overlay-color":"","overlay-opacity":"","overlay-gradient":""}}},"product_brand":[],"product_cat":[1944,1939,2049],"product_tag":[],"class_list":{"0":"post-21405","1":"product","2":"type-product","3":"status-publish","4":"has-post-thumbnail","6":"product_cat-aetherische-oelmischungen","7":"product_cat-essentielle-oele","8":"product_cat-verdauung","9":"desktop-align-left","10":"tablet-align-left","11":"mobile-align-left","13":"first","14":"instock","15":"taxable","16":"shipping-taxable","17":"purchasable","18":"product-type-simple"},"_links":{"self":[{"href":"https:\/\/mamaterra.lt\/de\/wp-json\/wp\/v2\/product\/21405","targetHints":{"allow":["GET"]}}],"collection":[{"href":"https:\/\/mamaterra.lt\/de\/wp-json\/wp\/v2\/product"}],"about":[{"href":"https:\/\/mamaterra.lt\/de\/wp-json\/wp\/v2\/types\/product"}],"wp:featuredmedia":[{"embeddable":true,"href":"https:\/\/mamaterra.lt\/de\/wp-json\/wp\/v2\/media\/21407"}],"wp:attachment":[{"href":"https:\/\/mamaterra.lt\/de\/wp-json\/wp\/v2\/media?parent=21405"}],"wp:term":[{"taxonomy":"product_brand","embeddable":true,"href":"https:\/\/mamaterra.lt\/de\/wp-json\/wp\/v2\/product_brand?post=21405"},{"taxonomy":"product_cat","embeddable":true,"href":"https:\/\/mamaterra.lt\/de\/wp-json\/wp\/v2\/product_cat?post=21405"},{"taxonomy":"product_tag","embeddable":true,"href":"https:\/\/mamaterra.lt\/de\/wp-json\/wp\/v2\/product_tag?post=21405"}],"curies":[{"name":"wp","href":"https:\/\/api.w.org\/{rel}","templated":true}]}}