{"id":21392,"date":"2021-04-18T16:38:40","date_gmt":"2021-04-18T15:38:40","guid":{"rendered":"https:\/\/mamaterra.lt\/parduotuve\/unkategorisiert\/greipfrutu-grapefruit-tyras-doterra-eterinis-aliejus-15ml\/"},"modified":"2024-02-10T22:02:19","modified_gmt":"2024-02-10T21:02:19","slug":"doterra-grapefruit-aetherisches-oel-15ml","status":"publish","type":"product","link":"https:\/\/mamaterra.lt\/de\/parduotuve\/essentielle-oele\/reine-aetherische-oele\/doterra-grapefruit-aetherisches-oel-15ml\/","title":{"rendered":"doTERRA Grapefruit \u00e4therisches \u00d6l 15ml"},"content":{"rendered":"<h6>doTERRA Grapefruit \u00e4therisches \u00d6l<\/h6>\n<p>Citrus X paradisi | 15ml<\/p>\n<p>&nbsp;<\/p>\n<p>Belangrijkste voordelen<br \/>\nGeeft geurige en buitengewoon opwekkende smaken aan eten en drinken met zijn robuuste, citrusachtige eigenschappen.<br \/>\nOoit bekend als &#8222;verboden vrucht&#8220; en een van de &#8222;zeven wonderen van Barbados&#8220;.<br \/>\nPopulair om zijn zure, pittige smaak die in combinatie met andere essenti\u00eble citrusoli\u00ebn een compliment vormt.<br \/>\nHet verfrissende citrusaroma versterkt de zintuigen.<\/p>\n<p>Verwendungen<br \/>\nDas \u00e4therische \u00d6l der Grapefruit verleiht Getr\u00e4nken und Speisen einen fruchtigen und spritzigen Geschmack.<br \/>\nUm den Geschmack Ihrer Smoothies zu beleben, geben Sie einen Tropfen \u00e4therisches Grapefruit\u00f6l in Ihren Lieblingssmoothie.<\/p>\n<p>Vorsichtsma\u00dfnahmen<br \/>\nNur verd\u00fcnnt verwenden. Nicht mehr als einen Tropfen pro Tag einnehmen. Au\u00dferhalb der Reichweite von Kindern aufbewahren. Nicht in die Augen und auf die Schleimh\u00e4ute gelangen lassen. Bei Hautkontakt Sonnenlicht und UV-Strahlen f\u00fcr mindestens 12 Stunden meiden.<\/p>\n<p>&nbsp;<\/p>\n<p>Daugiau informacijos apie <strong>greipfrut\u0173 (GRAPEFRUIT) <\/strong><strong>doTERRA<\/strong><strong>\u00a0<\/strong><strong>eterin\u012f aliej\u0173 <\/strong>rasite \u017eemiau esan\u010diame vaizdo \u012fra\u0161e.<\/p>\n<p><iframe title=\"Stop Consuming Unnecessary Calories by Using Grapefruit Essential Oil\" src=\"https:\/\/www.youtube.com\/embed\/YtzPivHLO9I\" width=\"853\" height=\"480\" frameborder=\"0\" allowfullscreen=\"allowfullscreen\"><\/iframe><\/p>\n","protected":false},"excerpt":{"rendered":"<p>Das \u00e4therische \u00d6l der Grapefruit verleiht Getr\u00e4nken und Speisen einen fruchtigen und spritzigen Geschmack.<br \/>\nUm den Geschmack Ihrer Smoothies zu beleben, geben Sie einen Tropfen \u00e4therisches Grapefruit\u00f6l in Ihren Lieblingssmoothie.<\/p>\n","protected":false},"featured_media":21393,"template":"","meta":{"site-sidebar-layout":"default","site-content-layout":"default","ast-site-content-layout":"default","site-content-style":"default","site-sidebar-style":"default","ast-global-header-display":"","ast-banner-title-visibility":"","ast-main-header-display":"","ast-hfb-above-header-display":"","ast-hfb-below-header-display":"","ast-hfb-mobile-header-display":"","site-post-title":"","ast-breadcrumbs-content":"","ast-featured-img":"","footer-sml-layout":"","ast-disable-related-posts":"","theme-transparent-header-meta":"default","adv-header-id-meta":"","stick-header-meta":"","header-above-stick-meta":"","header-main-stick-meta":"","header-below-stick-meta":"","astra-migrate-meta-layouts":"set","ast-page-background-enabled":"default","ast-page-background-meta":{"desktop":{"background-color":"","background-image":"","background-repeat":"repeat","background-position":"center center","background-size":"auto","background-attachment":"scroll","background-type":"","background-media":"","overlay-type":"","overlay-color":"","overlay-opacity":"","overlay-gradient":""},"tablet":{"background-color":"","background-image":"","background-repeat":"repeat","background-position":"center center","background-size":"auto","background-attachment":"scroll","background-type":"","background-media":"","overlay-type":"","overlay-color":"","overlay-opacity":"","overlay-gradient":""},"mobile":{"background-color":"","background-image":"","background-repeat":"repeat","background-position":"center center","background-size":"auto","background-attachment":"scroll","background-type":"","background-media":"","overlay-type":"","overlay-color":"","overlay-opacity":"","overlay-gradient":""}},"ast-content-background-meta":{"desktop":{"background-color":"var(--ast-global-color-5)","background-image":"","background-repeat":"repeat","background-position":"center center","background-size":"auto","background-attachment":"scroll","background-type":"","background-media":"","overlay-type":"","overlay-color":"","overlay-opacity":"","overlay-gradient":""},"tablet":{"background-color":"var(--ast-global-color-5)","background-image":"","background-repeat":"repeat","background-position":"center center","background-size":"auto","background-attachment":"scroll","background-type":"","background-media":"","overlay-type":"","overlay-color":"","overlay-opacity":"","overlay-gradient":""},"mobile":{"background-color":"var(--ast-global-color-5)","background-image":"","background-repeat":"repeat","background-position":"center center","background-size":"auto","background-attachment":"scroll","background-type":"","background-media":"","overlay-type":"","overlay-color":"","overlay-opacity":"","overlay-gradient":""}}},"product_brand":[],"product_cat":[1939,1949],"product_tag":[2092,3231,2747],"class_list":{"0":"post-21392","1":"product","2":"type-product","3":"status-publish","4":"has-post-thumbnail","6":"product_cat-essentielle-oele","7":"product_cat-reine-aetherische-oele","8":"product_tag-15-ml-de","9":"product_tag-essentielle-oele","10":"product_tag-grapefruit-de","11":"desktop-align-left","12":"tablet-align-left","13":"mobile-align-left","15":"first","16":"instock","17":"taxable","18":"shipping-taxable","19":"purchasable","20":"product-type-simple"},"_links":{"self":[{"href":"https:\/\/mamaterra.lt\/de\/wp-json\/wp\/v2\/product\/21392","targetHints":{"allow":["GET"]}}],"collection":[{"href":"https:\/\/mamaterra.lt\/de\/wp-json\/wp\/v2\/product"}],"about":[{"href":"https:\/\/mamaterra.lt\/de\/wp-json\/wp\/v2\/types\/product"}],"wp:featuredmedia":[{"embeddable":true,"href":"https:\/\/mamaterra.lt\/de\/wp-json\/wp\/v2\/media\/21393"}],"wp:attachment":[{"href":"https:\/\/mamaterra.lt\/de\/wp-json\/wp\/v2\/media?parent=21392"}],"wp:term":[{"taxonomy":"product_brand","embeddable":true,"href":"https:\/\/mamaterra.lt\/de\/wp-json\/wp\/v2\/product_brand?post=21392"},{"taxonomy":"product_cat","embeddable":true,"href":"https:\/\/mamaterra.lt\/de\/wp-json\/wp\/v2\/product_cat?post=21392"},{"taxonomy":"product_tag","embeddable":true,"href":"https:\/\/mamaterra.lt\/de\/wp-json\/wp\/v2\/product_tag?post=21392"}],"curies":[{"name":"wp","href":"https:\/\/api.w.org\/{rel}","templated":true}]}}