{"id":21367,"date":"2021-04-18T16:35:57","date_gmt":"2021-04-18T15:35:57","guid":{"rendered":"https:\/\/mamaterra.lt\/parduotuve\/unkategorisiert\/eukaliptu-eucalyptus-tyras-doterra-eterinis-aliejus-15ml\/"},"modified":"2024-02-09T22:15:07","modified_gmt":"2024-02-09T21:15:07","slug":"eukalyptus-eukalyptus-reines-doterra-aetherisches-oel-15-ml","status":"publish","type":"product","link":"https:\/\/mamaterra.lt\/de\/parduotuve\/essentielle-oele\/reine-aetherische-oele\/eukalyptus-eukalyptus-reines-doterra-aetherisches-oel-15-ml\/","title":{"rendered":"Eukalyptus (EUKALYPTUS) Reines doTERRA \u00e4therisches \u00d6l 15 ml"},"content":{"rendered":"<h6>Eukalyptus (EUKALYPTUS) Reines doTERRA \u00e4therisches \u00d6l<\/h6>\n<p>Eucalyptus radiata | 15ml<\/p>\n<p><span style=\"font-size: 16px;\">Eucalyptus Radiata-Blatt-\/Stamm\u00f6l, Eucalyptus Polybractea-Blatt\u00f6l, Eucalyptus Kochii-Blatt\u00f6l, Eucalyptus Loxophleba-Blatt\u00f6l, Eucalyptus Globulus-Blatt\u00f6l<\/span><\/p>\n<p>Eukalyptusb\u00e4ume werden manchmal auch als Gummib\u00e4ume bezeichnet und sind immergr\u00fcne Pflanzen, die bis zu 15 Meter hoch werden. Die wichtigsten chemischen Bestandteile von Eukalyptus sind Eukalyptol und Alpha-Terpineol, wodurch sich dieses \u00d6l ideal f\u00fcr ein wohltuendes Massageerlebnis eignet. Eukalyptus f\u00f6rdert beim Auftragen auf die Haut ein Gef\u00fchl der Entspannung.<\/p>\n<p><iframe title=\"New Eucalyptus Essential Oil Blend\" src=\"https:\/\/www.youtube.com\/embed\/vFb8cF-OBqw\" width=\"853\" height=\"480\" frameborder=\"0\" allowfullscreen=\"allowfullscreen\"><\/iframe><\/p>\n","protected":false},"excerpt":{"rendered":"<ul>\n<li>Hilft beim Entspannen<\/li>\n<li>Gut f\u00fcr die Haut<\/li>\n<li>Vermittelt ein Gef\u00fchl leichter Atmung und reinigt die Atemwege<\/li>\n<\/ul>\n","protected":false},"featured_media":21368,"template":"","meta":{"site-sidebar-layout":"default","site-content-layout":"default","ast-site-content-layout":"default","site-content-style":"default","site-sidebar-style":"default","ast-global-header-display":"","ast-banner-title-visibility":"","ast-main-header-display":"","ast-hfb-above-header-display":"","ast-hfb-below-header-display":"","ast-hfb-mobile-header-display":"","site-post-title":"","ast-breadcrumbs-content":"","ast-featured-img":"","footer-sml-layout":"","ast-disable-related-posts":"","theme-transparent-header-meta":"default","adv-header-id-meta":"","stick-header-meta":"","header-above-stick-meta":"","header-main-stick-meta":"","header-below-stick-meta":"","astra-migrate-meta-layouts":"set","ast-page-background-enabled":"default","ast-page-background-meta":{"desktop":{"background-color":"","background-image":"","background-repeat":"repeat","background-position":"center center","background-size":"auto","background-attachment":"scroll","background-type":"","background-media":"","overlay-type":"","overlay-color":"","overlay-opacity":"","overlay-gradient":""},"tablet":{"background-color":"","background-image":"","background-repeat":"repeat","background-position":"center center","background-size":"auto","background-attachment":"scroll","background-type":"","background-media":"","overlay-type":"","overlay-color":"","overlay-opacity":"","overlay-gradient":""},"mobile":{"background-color":"","background-image":"","background-repeat":"repeat","background-position":"center center","background-size":"auto","background-attachment":"scroll","background-type":"","background-media":"","overlay-type":"","overlay-color":"","overlay-opacity":"","overlay-gradient":""}},"ast-content-background-meta":{"desktop":{"background-color":"var(--ast-global-color-5)","background-image":"","background-repeat":"repeat","background-position":"center center","background-size":"auto","background-attachment":"scroll","background-type":"","background-media":"","overlay-type":"","overlay-color":"","overlay-opacity":"","overlay-gradient":""},"tablet":{"background-color":"var(--ast-global-color-5)","background-image":"","background-repeat":"repeat","background-position":"center center","background-size":"auto","background-attachment":"scroll","background-type":"","background-media":"","overlay-type":"","overlay-color":"","overlay-opacity":"","overlay-gradient":""},"mobile":{"background-color":"var(--ast-global-color-5)","background-image":"","background-repeat":"repeat","background-position":"center center","background-size":"auto","background-attachment":"scroll","background-type":"","background-media":"","overlay-type":"","overlay-color":"","overlay-opacity":"","overlay-gradient":""}}},"product_brand":[],"product_cat":[1939,2034,1999,1949,2014],"product_tag":[2092,3231,3153],"class_list":{"0":"post-21367","1":"product","2":"type-product","3":"status-publish","4":"has-post-thumbnail","6":"product_cat-essentielle-oele","7":"product_cat-luftfilterung","8":"product_cat-massage-de","9":"product_cat-reine-aetherische-oele","10":"product_cat-von-muecken-und-zecken","11":"product_tag-15-ml-de","12":"product_tag-essentielle-oele","13":"product_tag-eucalyptus-de","14":"desktop-align-left","15":"tablet-align-left","16":"mobile-align-left","18":"first","19":"instock","20":"taxable","21":"shipping-taxable","22":"purchasable","23":"product-type-simple"},"_links":{"self":[{"href":"https:\/\/mamaterra.lt\/de\/wp-json\/wp\/v2\/product\/21367","targetHints":{"allow":["GET"]}}],"collection":[{"href":"https:\/\/mamaterra.lt\/de\/wp-json\/wp\/v2\/product"}],"about":[{"href":"https:\/\/mamaterra.lt\/de\/wp-json\/wp\/v2\/types\/product"}],"wp:featuredmedia":[{"embeddable":true,"href":"https:\/\/mamaterra.lt\/de\/wp-json\/wp\/v2\/media\/21368"}],"wp:attachment":[{"href":"https:\/\/mamaterra.lt\/de\/wp-json\/wp\/v2\/media?parent=21367"}],"wp:term":[{"taxonomy":"product_brand","embeddable":true,"href":"https:\/\/mamaterra.lt\/de\/wp-json\/wp\/v2\/product_brand?post=21367"},{"taxonomy":"product_cat","embeddable":true,"href":"https:\/\/mamaterra.lt\/de\/wp-json\/wp\/v2\/product_cat?post=21367"},{"taxonomy":"product_tag","embeddable":true,"href":"https:\/\/mamaterra.lt\/de\/wp-json\/wp\/v2\/product_tag?post=21367"}],"curies":[{"name":"wp","href":"https:\/\/api.w.org\/{rel}","templated":true}]}}