{"id":21351,"date":"2022-04-27T13:22:40","date_gmt":"2022-04-27T12:22:40","guid":{"rendered":"https:\/\/mamaterra.lt\/parduotuve\/unkategorisiert\/doterra-breath-pastiles-kvepavimo-sistemai-air-drops-120g\/"},"modified":"2024-02-09T21:51:05","modified_gmt":"2024-02-09T20:51:05","slug":"doterra-breathe-pastillen-fuer-die-atemwege-doterra-air-drops-120-g","status":"publish","type":"product","link":"https:\/\/mamaterra.lt\/de\/parduotuve\/essentielle-oele\/aetherische-oelmischungen\/doterra-breathe-pastillen-fuer-die-atemwege-doterra-air-drops-120-g\/","title":{"rendered":"doTERRA Breathe Pastillen f\u00fcr die Atemwege (doTERRA Air Drops) 120 g"},"content":{"rendered":"<p>doTERRA Breathe Pastillen f\u00fcr die Atemwege (doTERRA Air Drops) 120 g<\/p>\n<p>doTERRA Air ist eine seit langem bew\u00e4hrte \u00e4therische \u00d6lmischung, die hilft, die Atemwege zu beruhigen und zu beruhigen. doTERRA Air Drops machen diese bew\u00e4hrte Kombination aus CPTG Certified Pure Tested Grade \u00e4therischen \u00d6len praktischer denn je. Genie\u00dfen Sie die wohltuende Wirkung der \u00e4therischen \u00d6le Zitrone, Pfefferminze, Eukalyptus, Thymian, Melisse und Kardamom, geliefert in einer wohlschmeckenden Lutschtablette!<\/p>\n<p>Als schnelle, saubere Alternative zur d\u014dTERRA Air-Mischung verwenden.<br \/>\nHalten Sie sie immer griffbereit in Ihrer Handtasche oder Reisetasche f\u00fcr gezielte Unterst\u00fctzung unterwegs.<br \/>\nTeilen Sie d\u014dTERRA Air ganz einfach mit Familie und Freunden!<br \/>\nF\u00fcr beste Ergebnisse verwenden Sie es in Verbindung mit den anderen d\u014dTERRA Air-Produkten.<br \/>\nGebrauchsanweisung<br \/>\nPortionsgr\u00f6\u00dfe: 1 Tropfen (4 g) pro Tag.<br \/>\nVorsichtsma\u00dfnahmen<br \/>\nErstickungsgefahr. Au\u00dferhalb der Reichweite von Kindern unter 3 Jahren aufbewahren. An einem k\u00fchlen, trockenen Ort aufbewahren<\/p>\n","protected":false},"excerpt":{"rendered":"<p>doTERRA Air is a long-trusted essential oil blend that helps soothe and calm airways<\/p>\n","protected":false},"featured_media":21352,"template":"","meta":{"site-sidebar-layout":"default","site-content-layout":"default","ast-site-content-layout":"default","site-content-style":"default","site-sidebar-style":"default","ast-global-header-display":"","ast-banner-title-visibility":"","ast-main-header-display":"","ast-hfb-above-header-display":"","ast-hfb-below-header-display":"","ast-hfb-mobile-header-display":"","site-post-title":"","ast-breadcrumbs-content":"","ast-featured-img":"","footer-sml-layout":"","ast-disable-related-posts":"","theme-transparent-header-meta":"default","adv-header-id-meta":"","stick-header-meta":"","header-above-stick-meta":"","header-main-stick-meta":"","header-below-stick-meta":"","astra-migrate-meta-layouts":"set","ast-page-background-enabled":"default","ast-page-background-meta":{"desktop":{"background-color":"","background-image":"","background-repeat":"repeat","background-position":"center center","background-size":"auto","background-attachment":"scroll","background-type":"","background-media":"","overlay-type":"","overlay-color":"","overlay-opacity":"","overlay-gradient":""},"tablet":{"background-color":"","background-image":"","background-repeat":"repeat","background-position":"center center","background-size":"auto","background-attachment":"scroll","background-type":"","background-media":"","overlay-type":"","overlay-color":"","overlay-opacity":"","overlay-gradient":""},"mobile":{"background-color":"","background-image":"","background-repeat":"repeat","background-position":"center center","background-size":"auto","background-attachment":"scroll","background-type":"","background-media":"","overlay-type":"","overlay-color":"","overlay-opacity":"","overlay-gradient":""}},"ast-content-background-meta":{"desktop":{"background-color":"var(--ast-global-color-5)","background-image":"","background-repeat":"repeat","background-position":"center center","background-size":"auto","background-attachment":"scroll","background-type":"","background-media":"","overlay-type":"","overlay-color":"","overlay-opacity":"","overlay-gradient":""},"tablet":{"background-color":"var(--ast-global-color-5)","background-image":"","background-repeat":"repeat","background-position":"center center","background-size":"auto","background-attachment":"scroll","background-type":"","background-media":"","overlay-type":"","overlay-color":"","overlay-opacity":"","overlay-gradient":""},"mobile":{"background-color":"var(--ast-global-color-5)","background-image":"","background-repeat":"repeat","background-position":"center center","background-size":"auto","background-attachment":"scroll","background-type":"","background-media":"","overlay-type":"","overlay-color":"","overlay-opacity":"","overlay-gradient":""}}},"product_brand":[],"product_cat":[1944,1939],"product_tag":[3439,2439],"class_list":{"0":"post-21351","1":"product","2":"type-product","3":"status-publish","4":"has-post-thumbnail","6":"product_cat-aetherische-oelmischungen","7":"product_cat-essentielle-oele","8":"product_tag-pastillen","9":"product_tag-suessigkeiten-de","10":"desktop-align-left","11":"tablet-align-left","12":"mobile-align-left","14":"first","15":"instock","16":"taxable","17":"shipping-taxable","18":"purchasable","19":"product-type-simple"},"_links":{"self":[{"href":"https:\/\/mamaterra.lt\/de\/wp-json\/wp\/v2\/product\/21351","targetHints":{"allow":["GET"]}}],"collection":[{"href":"https:\/\/mamaterra.lt\/de\/wp-json\/wp\/v2\/product"}],"about":[{"href":"https:\/\/mamaterra.lt\/de\/wp-json\/wp\/v2\/types\/product"}],"wp:featuredmedia":[{"embeddable":true,"href":"https:\/\/mamaterra.lt\/de\/wp-json\/wp\/v2\/media\/21352"}],"wp:attachment":[{"href":"https:\/\/mamaterra.lt\/de\/wp-json\/wp\/v2\/media?parent=21351"}],"wp:term":[{"taxonomy":"product_brand","embeddable":true,"href":"https:\/\/mamaterra.lt\/de\/wp-json\/wp\/v2\/product_brand?post=21351"},{"taxonomy":"product_cat","embeddable":true,"href":"https:\/\/mamaterra.lt\/de\/wp-json\/wp\/v2\/product_cat?post=21351"},{"taxonomy":"product_tag","embeddable":true,"href":"https:\/\/mamaterra.lt\/de\/wp-json\/wp\/v2\/product_tag?post=21351"}],"curies":[{"name":"wp","href":"https:\/\/api.w.org\/{rel}","templated":true}]}}