{"id":21336,"date":"2023-07-01T12:17:32","date_gmt":"2023-07-01T11:17:32","guid":{"rendered":"https:\/\/mamaterra.lt\/parduotuve\/unkategorisiert\/doterra-sun-body-mineral-sunscreen-spray-mineralinis-purskiklis-nuo-saules-kunui\/"},"modified":"2024-02-09T21:04:54","modified_gmt":"2024-02-09T20:04:54","slug":"doterra-sun-body-mineral-sonnenschutzspray","status":"publish","type":"product","link":"https:\/\/mamaterra.lt\/de\/parduotuve\/hygiene-und-hautpflege\/doterra-sonne-de\/doterra-sun-body-mineral-sonnenschutzspray\/","title":{"rendered":"doTERRA sun Body Mineral Sonnenschutzspray"},"content":{"rendered":"<h6 class=\"spotlight__head-title\">doTERRA sun Body Mineral Sonnenschutzspray<\/h6>\n<p>170 g<\/p>\n<p>Ganzk\u00f6rperschutz ist mit unserem Body Mineral Sunscreen Spray nur einen Spritzer entfernt. Blumige Aromen von Magnolie, Ylang Ylang und Helichrysum vereinen sich mit roter Mandarine, Zitronengras, Karottensamen und Weihrauch zu einem leichten, belebenden Aroma. Es ist in einer Aluminium-Spr\u00fchflasche ohne Aerosol verpackt, die einen kontinuierlichen Nebel abgibt, der eine einfache, umfassende Abdeckung f\u00fcr bis zu 80 Minuten erm\u00f6glicht..<\/p>\n<ul class=\"spotlight__list-custom custom-list\">\n<li>Bietet einen Breitbandschutz (UVA\/UVB) mit Lichtschutzfaktor 30+ in einem leichten, feuchtigkeitsspendenden Mineralspray.<\/li>\n<li>Enth\u00e4lt Nicht-Nano-Zinkoxid, Avocado\u00f6l, Aloe Vera, Himbeersamen\u00f6le und Vitamin E.<\/li>\n<li>Frei von Phthalaten, Oxybenzon und synthetischen Duftstoffen.<\/li>\n<li>Die n\u00e4hrende, intensiv feuchtigkeitsspendende Formel ist dermatologisch getestet und bis zu 80 Minuten wasserbest\u00e4ndig.<\/li>\n<li>Veganfreundlich und riffsicher<\/li>\n<\/ul>\n","protected":false},"excerpt":{"rendered":"<ul class=\"spotlight__list-custom custom-list\">\n<li>Bietet einen Breitbandschutz (UVA\/UVB) mit Lichtschutzfaktor 30+ in einem leichten, feuchtigkeitsspendenden Mineralspray.<\/li>\n<li>Enth\u00e4lt Nicht-Nano-Zinkoxid, Avocado\u00f6l, Aloe Vera, Himbeersamen\u00f6le und Vitamin E.<\/li>\n<li><\/li>\n<li>Maitinanti ir itin dr\u0117kinanti sud\u0117tis patikrinta dermatolo\u0173 ir yra atspari vandeniui iki 80 minu\u010di\u0173.<\/li>\n<li>Tinkamas veganams, draugi\u0161kas koralams.<\/li>\n<\/ul>\n","protected":false},"featured_media":21337,"template":"","meta":{"site-sidebar-layout":"default","site-content-layout":"default","ast-site-content-layout":"default","site-content-style":"default","site-sidebar-style":"default","ast-global-header-display":"","ast-banner-title-visibility":"","ast-main-header-display":"","ast-hfb-above-header-display":"","ast-hfb-below-header-display":"","ast-hfb-mobile-header-display":"","site-post-title":"","ast-breadcrumbs-content":"","ast-featured-img":"","footer-sml-layout":"","ast-disable-related-posts":"","theme-transparent-header-meta":"default","adv-header-id-meta":"","stick-header-meta":"","header-above-stick-meta":"","header-main-stick-meta":"","header-below-stick-meta":"","astra-migrate-meta-layouts":"set","ast-page-background-enabled":"default","ast-page-background-meta":{"desktop":{"background-color":"","background-image":"","background-repeat":"repeat","background-position":"center center","background-size":"auto","background-attachment":"scroll","background-type":"","background-media":"","overlay-type":"","overlay-color":"","overlay-opacity":"","overlay-gradient":""},"tablet":{"background-color":"","background-image":"","background-repeat":"repeat","background-position":"center center","background-size":"auto","background-attachment":"scroll","background-type":"","background-media":"","overlay-type":"","overlay-color":"","overlay-opacity":"","overlay-gradient":""},"mobile":{"background-color":"","background-image":"","background-repeat":"repeat","background-position":"center center","background-size":"auto","background-attachment":"scroll","background-type":"","background-media":"","overlay-type":"","overlay-color":"","overlay-opacity":"","overlay-gradient":""}},"ast-content-background-meta":{"desktop":{"background-color":"var(--ast-global-color-5)","background-image":"","background-repeat":"repeat","background-position":"center center","background-size":"auto","background-attachment":"scroll","background-type":"","background-media":"","overlay-type":"","overlay-color":"","overlay-opacity":"","overlay-gradient":""},"tablet":{"background-color":"var(--ast-global-color-5)","background-image":"","background-repeat":"repeat","background-position":"center center","background-size":"auto","background-attachment":"scroll","background-type":"","background-media":"","overlay-type":"","overlay-color":"","overlay-opacity":"","overlay-gradient":""},"mobile":{"background-color":"var(--ast-global-color-5)","background-image":"","background-repeat":"repeat","background-position":"center center","background-size":"auto","background-attachment":"scroll","background-type":"","background-media":"","overlay-type":"","overlay-color":"","overlay-opacity":"","overlay-gradient":""}}},"product_brand":[],"product_cat":[3581,2044,1959],"product_tag":[],"class_list":{"0":"post-21336","1":"product","2":"type-product","3":"status-publish","4":"has-post-thumbnail","6":"product_cat-doterra-sonne-de","7":"product_cat-fuer-kinder","8":"product_cat-hygiene-und-hautpflege","9":"desktop-align-left","10":"tablet-align-left","11":"mobile-align-left","13":"first","14":"instock","15":"sale","16":"taxable","17":"shipping-taxable","18":"purchasable","19":"product-type-simple"},"_links":{"self":[{"href":"https:\/\/mamaterra.lt\/de\/wp-json\/wp\/v2\/product\/21336","targetHints":{"allow":["GET"]}}],"collection":[{"href":"https:\/\/mamaterra.lt\/de\/wp-json\/wp\/v2\/product"}],"about":[{"href":"https:\/\/mamaterra.lt\/de\/wp-json\/wp\/v2\/types\/product"}],"wp:featuredmedia":[{"embeddable":true,"href":"https:\/\/mamaterra.lt\/de\/wp-json\/wp\/v2\/media\/21337"}],"wp:attachment":[{"href":"https:\/\/mamaterra.lt\/de\/wp-json\/wp\/v2\/media?parent=21336"}],"wp:term":[{"taxonomy":"product_brand","embeddable":true,"href":"https:\/\/mamaterra.lt\/de\/wp-json\/wp\/v2\/product_brand?post=21336"},{"taxonomy":"product_cat","embeddable":true,"href":"https:\/\/mamaterra.lt\/de\/wp-json\/wp\/v2\/product_cat?post=21336"},{"taxonomy":"product_tag","embeddable":true,"href":"https:\/\/mamaterra.lt\/de\/wp-json\/wp\/v2\/product_tag?post=21336"}],"curies":[{"name":"wp","href":"https:\/\/api.w.org\/{rel}","templated":true}]}}