{"id":21320,"date":"2021-04-18T16:43:53","date_gmt":"2021-04-18T15:43:53","guid":{"rendered":"https:\/\/mamaterra.lt\/parduotuve\/unkategorisiert\/raudoneliu-oregano-tyras-doterra-eterinis-aliejus-15ml\/"},"modified":"2024-02-09T20:28:16","modified_gmt":"2024-02-09T19:28:16","slug":"oregano-reines-doterra-aetherisches-oel-15ml","status":"publish","type":"product","link":"https:\/\/mamaterra.lt\/de\/parduotuve\/essentielle-oele\/reine-aetherische-oele\/oregano-reines-doterra-aetherisches-oel-15ml\/","title":{"rendered":"Oregano reines doTERRA \u00e4therisches \u00d6l 15ml"},"content":{"rendered":"<h6>Oregano reines doTERRA \u00e4therisches \u00d6l<\/h6>\n<p>Origanum vulgare | 15ml<\/p>\n<p>Seit Hunderten von Jahren gilt Oregano als eines der wirksamsten und wohltuendsten \u00e4therischen \u00d6le. Oregano ist in Kochb\u00fcchern und Schr\u00e4nken auf der ganzen Welt zu finden, da sein vielseitiger Geschmack zu einer Vielzahl von K\u00fcchen passt. Das \u00e4therische \u00d6l wird aus den duftenden Bl\u00e4ttern der Pflanze gewonnen. Ein prim\u00e4rer chemischer Bestandteil von Oregano ist Carvacol, ein Phenol, was es zu einem der vielf\u00e4ltigsten und kraftvollsten \u00e4therischen \u00d6le der Welt macht. Bei Hautkontakt sollte Oregano mit einem Tr\u00e4ger\u00f6l verd\u00fcnnt werden.<\/p>\n<p><iframe title=\"doTERRA\u00ae Oregano Oil Uses and Benefits\" src=\"https:\/\/www.youtube.com\/embed\/uOh4CyEy2hU\" width=\"853\" height=\"480\" frameborder=\"0\" allowfullscreen=\"allowfullscreen\"><\/iframe><\/p>\n","protected":false},"excerpt":{"rendered":"<p>Das \u00e4therische \u00d6l wird aus den duftenden Bl\u00e4ttern der Pflanze gewonnen. Ein prim\u00e4rer chemischer Bestandteil von Oregano ist Carvacol, ein Phenol, was es zu einem der vielf\u00e4ltigsten und kraftvollsten \u00e4therischen \u00d6le der Welt macht.<\/p>\n","protected":false},"featured_media":21321,"template":"","meta":{"site-sidebar-layout":"default","site-content-layout":"default","ast-site-content-layout":"default","site-content-style":"default","site-sidebar-style":"default","ast-global-header-display":"","ast-banner-title-visibility":"","ast-main-header-display":"","ast-hfb-above-header-display":"","ast-hfb-below-header-display":"","ast-hfb-mobile-header-display":"","site-post-title":"","ast-breadcrumbs-content":"","ast-featured-img":"","footer-sml-layout":"","ast-disable-related-posts":"","theme-transparent-header-meta":"default","adv-header-id-meta":"","stick-header-meta":"","header-above-stick-meta":"","header-main-stick-meta":"","header-below-stick-meta":"","astra-migrate-meta-layouts":"set","ast-page-background-enabled":"default","ast-page-background-meta":{"desktop":{"background-color":"","background-image":"","background-repeat":"repeat","background-position":"center center","background-size":"auto","background-attachment":"scroll","background-type":"","background-media":"","overlay-type":"","overlay-color":"","overlay-opacity":"","overlay-gradient":""},"tablet":{"background-color":"","background-image":"","background-repeat":"repeat","background-position":"center center","background-size":"auto","background-attachment":"scroll","background-type":"","background-media":"","overlay-type":"","overlay-color":"","overlay-opacity":"","overlay-gradient":""},"mobile":{"background-color":"","background-image":"","background-repeat":"repeat","background-position":"center center","background-size":"auto","background-attachment":"scroll","background-type":"","background-media":"","overlay-type":"","overlay-color":"","overlay-opacity":"","overlay-gradient":""}},"ast-content-background-meta":{"desktop":{"background-color":"var(--ast-global-color-5)","background-image":"","background-repeat":"repeat","background-position":"center center","background-size":"auto","background-attachment":"scroll","background-type":"","background-media":"","overlay-type":"","overlay-color":"","overlay-opacity":"","overlay-gradient":""},"tablet":{"background-color":"var(--ast-global-color-5)","background-image":"","background-repeat":"repeat","background-position":"center center","background-size":"auto","background-attachment":"scroll","background-type":"","background-media":"","overlay-type":"","overlay-color":"","overlay-opacity":"","overlay-gradient":""},"mobile":{"background-color":"var(--ast-global-color-5)","background-image":"","background-repeat":"repeat","background-position":"center center","background-size":"auto","background-attachment":"scroll","background-type":"","background-media":"","overlay-type":"","overlay-color":"","overlay-opacity":"","overlay-gradient":""}}},"product_brand":[],"product_cat":[1939,1989,2034,1949],"product_tag":[2092,3231,2565],"class_list":{"0":"post-21320","1":"product","2":"type-product","3":"status-publish","4":"has-post-thumbnail","6":"product_cat-essentielle-oele","7":"product_cat-immunitaet","8":"product_cat-luftfilterung","9":"product_cat-reine-aetherische-oele","10":"product_tag-15-ml-de","11":"product_tag-essentielle-oele","12":"product_tag-oregano-de","13":"desktop-align-left","14":"tablet-align-left","15":"mobile-align-left","17":"first","18":"instock","19":"sale","20":"taxable","21":"shipping-taxable","22":"purchasable","23":"product-type-simple"},"_links":{"self":[{"href":"https:\/\/mamaterra.lt\/de\/wp-json\/wp\/v2\/product\/21320","targetHints":{"allow":["GET"]}}],"collection":[{"href":"https:\/\/mamaterra.lt\/de\/wp-json\/wp\/v2\/product"}],"about":[{"href":"https:\/\/mamaterra.lt\/de\/wp-json\/wp\/v2\/types\/product"}],"wp:featuredmedia":[{"embeddable":true,"href":"https:\/\/mamaterra.lt\/de\/wp-json\/wp\/v2\/media\/21321"}],"wp:attachment":[{"href":"https:\/\/mamaterra.lt\/de\/wp-json\/wp\/v2\/media?parent=21320"}],"wp:term":[{"taxonomy":"product_brand","embeddable":true,"href":"https:\/\/mamaterra.lt\/de\/wp-json\/wp\/v2\/product_brand?post=21320"},{"taxonomy":"product_cat","embeddable":true,"href":"https:\/\/mamaterra.lt\/de\/wp-json\/wp\/v2\/product_cat?post=21320"},{"taxonomy":"product_tag","embeddable":true,"href":"https:\/\/mamaterra.lt\/de\/wp-json\/wp\/v2\/product_tag?post=21320"}],"curies":[{"name":"wp","href":"https:\/\/api.w.org\/{rel}","templated":true}]}}