{"id":21306,"date":"2024-01-31T19:33:45","date_gmt":"2024-01-31T18:33:45","guid":{"rendered":"https:\/\/mamaterra.lt\/parduotuve\/unkategorisiert\/doterra-kudikiu-prieziuros-rinkinys-baby-care-set\/"},"modified":"2024-02-09T19:57:54","modified_gmt":"2024-02-09T18:57:54","slug":"doterra-babypflegeset-baby-care-set","status":"publish","type":"product","link":"https:\/\/mamaterra.lt\/de\/parduotuve\/hygiene-und-hautpflege\/doterra-babypflegeset-baby-care-set\/","title":{"rendered":"doTERRA Babypflegeset (Baby care set)"},"content":{"rendered":"<p>Lieben und pflegen Sie Ihre Kleinen mit Babyaccessoires und genie\u00dfen Sie neue exklusive Angebote!<br \/>\nZum ersten Mal in Europa umfasst diese Kollektion die Favoriten: d\u014dTERRA Baby Windelcreme und d\u014dTERRA Baby Baby Haar- und Duschgel sowie erstmals eine d\u014dTERRA Babylotion.<br \/>\nIhr Kleines erh\u00e4lt au\u00dferdem ein zeitlich begrenztes Angebot an Waschlappen und Mullt\u00fcchern, verpackt in einem Beutel mit Kordelzug.<\/p>\n<p>Umgeben Sie Ihr Baby mit sanften und sanften Produkten, die eine beruhigende Eltern-Baby-Bindung f\u00f6rdern.<\/p>\n","protected":false},"excerpt":{"rendered":"<p>d\u014dTERRA Baby Windelcreme und d\u014dTERRA Baby Baby Haar- und K\u00f6rperwaschmittel sowie die allererste d\u014dTERRA Babylotion.<br \/>\nIhr Kleines erh\u00e4lt au\u00dferdem ein zeitlich begrenztes Angebot an Waschlappen und Mullt\u00fcchern, verpackt in einem Beutel mit Kordelzug.<\/p>\n","protected":false},"featured_media":23764,"template":"","meta":{"site-sidebar-layout":"default","site-content-layout":"","ast-site-content-layout":"default","site-content-style":"default","site-sidebar-style":"default","ast-global-header-display":"","ast-banner-title-visibility":"","ast-main-header-display":"","ast-hfb-above-header-display":"","ast-hfb-below-header-display":"","ast-hfb-mobile-header-display":"","site-post-title":"","ast-breadcrumbs-content":"","ast-featured-img":"","footer-sml-layout":"","ast-disable-related-posts":"","theme-transparent-header-meta":"","adv-header-id-meta":"","stick-header-meta":"","header-above-stick-meta":"","header-main-stick-meta":"","header-below-stick-meta":"","astra-migrate-meta-layouts":"set","ast-page-background-enabled":"default","ast-page-background-meta":{"desktop":{"background-color":"","background-image":"","background-repeat":"repeat","background-position":"center center","background-size":"auto","background-attachment":"scroll","background-type":"","background-media":"","overlay-type":"","overlay-color":"","overlay-opacity":"","overlay-gradient":""},"tablet":{"background-color":"","background-image":"","background-repeat":"repeat","background-position":"center center","background-size":"auto","background-attachment":"scroll","background-type":"","background-media":"","overlay-type":"","overlay-color":"","overlay-opacity":"","overlay-gradient":""},"mobile":{"background-color":"","background-image":"","background-repeat":"repeat","background-position":"center center","background-size":"auto","background-attachment":"scroll","background-type":"","background-media":"","overlay-type":"","overlay-color":"","overlay-opacity":"","overlay-gradient":""}},"ast-content-background-meta":{"desktop":{"background-color":"var(--ast-global-color-5)","background-image":"","background-repeat":"repeat","background-position":"center center","background-size":"auto","background-attachment":"scroll","background-type":"","background-media":"","overlay-type":"","overlay-color":"","overlay-opacity":"","overlay-gradient":""},"tablet":{"background-color":"var(--ast-global-color-5)","background-image":"","background-repeat":"repeat","background-position":"center center","background-size":"auto","background-attachment":"scroll","background-type":"","background-media":"","overlay-type":"","overlay-color":"","overlay-opacity":"","overlay-gradient":""},"mobile":{"background-color":"var(--ast-global-color-5)","background-image":"","background-repeat":"repeat","background-position":"center center","background-size":"auto","background-attachment":"scroll","background-type":"","background-media":"","overlay-type":"","overlay-color":"","overlay-opacity":"","overlay-gradient":""}}},"product_brand":[],"product_cat":[2044,1959],"product_tag":[3528,3529,3530,3346,3531,3532,3533,3534,3296],"class_list":{"0":"post-21306","1":"product","2":"type-product","3":"status-publish","4":"has-post-thumbnail","6":"product_cat-fuer-kinder","7":"product_cat-hygiene-und-hautpflege","8":"product_tag-baby-de","9":"product_tag-baby-lotion-de","10":"product_tag-babyset-de","11":"product_tag-fuer-kinder","12":"product_tag-kremas-nuo-issutimu-de","13":"product_tag-kudikiams-de","14":"product_tag-kudikiusampunas-de","15":"product_tag-sauskelniu-kremas-de","16":"product_tag-waschmittel","17":"desktop-align-left","18":"tablet-align-left","19":"mobile-align-left","21":"first","22":"instock","23":"taxable","24":"shipping-taxable","25":"product-type-simple"},"_links":{"self":[{"href":"https:\/\/mamaterra.lt\/de\/wp-json\/wp\/v2\/product\/21306","targetHints":{"allow":["GET"]}}],"collection":[{"href":"https:\/\/mamaterra.lt\/de\/wp-json\/wp\/v2\/product"}],"about":[{"href":"https:\/\/mamaterra.lt\/de\/wp-json\/wp\/v2\/types\/product"}],"wp:featuredmedia":[{"embeddable":true,"href":"https:\/\/mamaterra.lt\/de\/wp-json\/wp\/v2\/media\/23764"}],"wp:attachment":[{"href":"https:\/\/mamaterra.lt\/de\/wp-json\/wp\/v2\/media?parent=21306"}],"wp:term":[{"taxonomy":"product_brand","embeddable":true,"href":"https:\/\/mamaterra.lt\/de\/wp-json\/wp\/v2\/product_brand?post=21306"},{"taxonomy":"product_cat","embeddable":true,"href":"https:\/\/mamaterra.lt\/de\/wp-json\/wp\/v2\/product_cat?post=21306"},{"taxonomy":"product_tag","embeddable":true,"href":"https:\/\/mamaterra.lt\/de\/wp-json\/wp\/v2\/product_tag?post=21306"}],"curies":[{"name":"wp","href":"https:\/\/api.w.org\/{rel}","templated":true}]}}