{"id":21292,"date":"2021-04-18T17:34:12","date_gmt":"2021-04-18T16:34:12","guid":{"rendered":"https:\/\/mamaterra.lt\/parduotuve\/unkategorisiert\/doterra-pasttense-touch-atsipalaiduoti-padedantis-eteriniu-alieju-misinys-10ml\/"},"modified":"2024-02-09T15:42:53","modified_gmt":"2024-02-09T14:42:53","slug":"doterra-pasttense-touch-entspannende-aetherische-oelmischung-10-ml","status":"publish","type":"product","link":"https:\/\/mamaterra.lt\/de\/parduotuve\/essentielle-oele\/aetherische-oelmischungen\/doterra-pasttense-touch-entspannende-aetherische-oelmischung-10-ml\/","title":{"rendered":"doTERRA PastTense touch Entspannende \u00e4therische \u00d6lmischung 10 ml"},"content":{"rendered":"<h6>doTERRA PastTense touch Entspannende \u00e4therische \u00d6lmischung 10 ml<\/h6>\n<p>&nbsp;<\/p>\n<p><span class=\"jCAhz ChMk0b\"><span class=\"ryNqvb\">PastTense ist eine Mischung aus beruhigenden und k\u00fchlenden \u00e4therischen \u00d6len und wurde entwickelt, um Ihren K\u00f6rper und Geist jederzeit zu beruhigen, und zwar mithilfe einer praktischen Flasche mit Kugelapplikator.<\/span><\/span><\/p>\n<ul>\n<li><span class=\"jCAhz ChMk0b\"><span class=\"ryNqvb\">Bewahren Sie es bei der Arbeit, in Ihrer Handtasche oder Reisetasche auf, damit Sie es immer zur Hand haben, wenn Sie es brauchen<\/span><\/span><\/li>\n<li><span class=\"jCAhz ChMk0b\"><span class=\"ryNqvb\">F\u00f6rdert ein Gef\u00fchl von Entspannung und Frieden<\/span><\/span> <span class=\"jCAhz ChMk0b\"><span class=\"ryNqvb\">Hilft, Emotionen zu erden und auszugleichen<\/span><\/span><\/li>\n<li><span class=\"jCAhz ChMk0b\"><span class=\"ryNqvb\">Verbessert die Gehirnaktivit\u00e4t<\/span><\/span><\/li>\n<\/ul>\n<p>&nbsp;<\/p>\n<h6><span class=\"jCAhz ChMk0b\"><span class=\"ryNqvb\">Vollst\u00e4ndige Zutatenliste<\/span><\/span><\/h6>\n<p><span class=\"jCAhz ChMk0b\"><span class=\"ryNqvb\">Kokosnuss\u00f6l (Cocos Nucifera), Pfefferminz\u00f6l (Mentha Piperita), Eukalyptusblatt\u00f6l (Eucalyptus Kochii), Lavendel\u00f6l (Lavandula Angustifolia), Geranien\u00f6l (Pelargonium Graveolens), Kopaiba-Baumharz\u00f6l (Copaifera Coriacea\/Langsdorffii\/Officinalis \/Reticulata) , Weihrauch\u00f6l (Boswellia Carterii), Sternanissamen\u00f6l (Illicium Verum), Krauseminz\u00f6l (Mentha Spicata), Rosmarin\u00f6l (Rosmarinus Officinalis), Korianderblatt\u00f6l (Coriandrum Sativum), Linal\u00f6l*, Limonen** Verbindungen \u00e4therischer \u00d6le nat\u00fcrlichen Ursprungs.<\/span><\/span><\/p>\n<h6><span class=\"jCAhz ChMk0b\"><span class=\"ryNqvb\">So verwenden Sie doTERRA PastTense\u2122 entspannende \u00e4therische \u00d6lmischung:<\/span><\/span><\/h6>\n<p><span class=\"jCAhz ChMk0b\"><span class=\"ryNqvb\">Zur \u00e4u\u00dferlichen Anwendung: Auf die gew\u00fcnschte Stelle auftragen.<\/span><\/span><\/p>\n<p><span class=\"jCAhz ChMk0b\"><span class=\"ryNqvb\">Mit einem Tr\u00e4ger\u00f6l verd\u00fcnnen, um die Hautempfindlichkeit zu verringern.<\/span><\/span><\/p>\n<p><span class=\"jCAhz ChMk0b\"><span class=\"ryNqvb\">Massieren Sie Schultern, Nacken und R\u00fccken f\u00fcr eine k\u00fchlende und beruhigende Wirkung.<\/span><\/span><\/p>\n<p><span class=\"jCAhz ChMk0b\"><span class=\"ryNqvb\">Vor einer Pr\u00fcfung oder \u00f6ffentlichen Pr\u00e4sentation auf die Schl\u00e4fen und den Nacken auftragen.<\/span><\/span><\/p>\n<p><span class=\"jCAhz ChMk0b\"><span class=\"ryNqvb\">F\u00fcr einen entspannenden Duft auf Reisen auf die Handgelenke auftragen.<\/span><\/span><\/p>\n<p>&nbsp;<\/p>\n<p>Weitere Informationen zur \u00e4therischen \u00d6lmischung doTERRA PastTense\u2122 finden Sie im Video unten.<\/p>\n<p><iframe title=\"d\u014dTERRA Past Tense\" src=\"https:\/\/www.youtube.com\/embed\/Vxp0xRLtkug\" width=\"853\" height=\"480\" frameborder=\"0\" allowfullscreen=\"allowfullscreen\"><\/iframe><\/p>\n","protected":false},"excerpt":{"rendered":"<ul>\n<li><span class=\"jCAhz ChMk0b\"><span class=\"ryNqvb\">Zur \u00e4u\u00dferlichen Anwendung: Auf die gew\u00fcnschte Stelle auftragen.<\/span><\/span> <span class=\"jCAhz ChMk0b\"><span class=\"ryNqvb\">Mit einem Tr\u00e4ger\u00f6l verd\u00fcnnen, um die Hautempfindlichkeit zu verringern.<\/span><\/span><\/li>\n<li><span class=\"jCAhz ChMk0b\"><span class=\"ryNqvb\">Massieren Sie Schultern, Nacken und R\u00fccken f\u00fcr eine k\u00fchlende und beruhigende Wirkung.<\/span><\/span><\/li>\n<li><span class=\"jCAhz ChMk0b\"><span class=\"ryNqvb\">Vor einer Pr\u00fcfung oder \u00f6ffentlichen Pr\u00e4sentation auf die Schl\u00e4fen und den Nacken auftragen.<\/span><\/span><\/li>\n<li><span class=\"jCAhz ChMk0b\"><span class=\"ryNqvb\">F\u00fcr einen entspannenden Duft auf Reisen auf die Handgelenke auftragen.<\/span><\/span><\/li>\n<\/ul>\n","protected":false},"featured_media":21293,"template":"","meta":{"site-sidebar-layout":"default","site-content-layout":"default","ast-site-content-layout":"default","site-content-style":"default","site-sidebar-style":"default","ast-global-header-display":"","ast-banner-title-visibility":"","ast-main-header-display":"","ast-hfb-above-header-display":"","ast-hfb-below-header-display":"","ast-hfb-mobile-header-display":"","site-post-title":"","ast-breadcrumbs-content":"","ast-featured-img":"","footer-sml-layout":"","ast-disable-related-posts":"","theme-transparent-header-meta":"default","adv-header-id-meta":"","stick-header-meta":"","header-above-stick-meta":"","header-main-stick-meta":"","header-below-stick-meta":"","astra-migrate-meta-layouts":"set","ast-page-background-enabled":"default","ast-page-background-meta":{"desktop":{"background-color":"","background-image":"","background-repeat":"repeat","background-position":"center center","background-size":"auto","background-attachment":"scroll","background-type":"","background-media":"","overlay-type":"","overlay-color":"","overlay-opacity":"","overlay-gradient":""},"tablet":{"background-color":"","background-image":"","background-repeat":"repeat","background-position":"center center","background-size":"auto","background-attachment":"scroll","background-type":"","background-media":"","overlay-type":"","overlay-color":"","overlay-opacity":"","overlay-gradient":""},"mobile":{"background-color":"","background-image":"","background-repeat":"repeat","background-position":"center center","background-size":"auto","background-attachment":"scroll","background-type":"","background-media":"","overlay-type":"","overlay-color":"","overlay-opacity":"","overlay-gradient":""}},"ast-content-background-meta":{"desktop":{"background-color":"var(--ast-global-color-5)","background-image":"","background-repeat":"repeat","background-position":"center center","background-size":"auto","background-attachment":"scroll","background-type":"","background-media":"","overlay-type":"","overlay-color":"","overlay-opacity":"","overlay-gradient":""},"tablet":{"background-color":"var(--ast-global-color-5)","background-image":"","background-repeat":"repeat","background-position":"center center","background-size":"auto","background-attachment":"scroll","background-type":"","background-media":"","overlay-type":"","overlay-color":"","overlay-opacity":"","overlay-gradient":""},"mobile":{"background-color":"var(--ast-global-color-5)","background-image":"","background-repeat":"repeat","background-position":"center center","background-size":"auto","background-attachment":"scroll","background-type":"","background-media":"","overlay-type":"","overlay-color":"","overlay-opacity":"","overlay-gradient":""}}},"product_brand":[],"product_cat":[1944,1939],"product_tag":[2072,3236,2556],"class_list":{"0":"post-21292","1":"product","2":"type-product","3":"status-publish","4":"has-post-thumbnail","6":"product_cat-aetherische-oelmischungen","7":"product_cat-essentielle-oele","8":"product_tag-10-ml-de","9":"product_tag-aetherische-oelmischungen","10":"product_tag-pasttense-de","11":"desktop-align-left","12":"tablet-align-left","13":"mobile-align-left","15":"first","16":"instock","17":"taxable","18":"shipping-taxable","19":"purchasable","20":"product-type-simple"},"_links":{"self":[{"href":"https:\/\/mamaterra.lt\/de\/wp-json\/wp\/v2\/product\/21292","targetHints":{"allow":["GET"]}}],"collection":[{"href":"https:\/\/mamaterra.lt\/de\/wp-json\/wp\/v2\/product"}],"about":[{"href":"https:\/\/mamaterra.lt\/de\/wp-json\/wp\/v2\/types\/product"}],"wp:featuredmedia":[{"embeddable":true,"href":"https:\/\/mamaterra.lt\/de\/wp-json\/wp\/v2\/media\/21293"}],"wp:attachment":[{"href":"https:\/\/mamaterra.lt\/de\/wp-json\/wp\/v2\/media?parent=21292"}],"wp:term":[{"taxonomy":"product_brand","embeddable":true,"href":"https:\/\/mamaterra.lt\/de\/wp-json\/wp\/v2\/product_brand?post=21292"},{"taxonomy":"product_cat","embeddable":true,"href":"https:\/\/mamaterra.lt\/de\/wp-json\/wp\/v2\/product_cat?post=21292"},{"taxonomy":"product_tag","embeddable":true,"href":"https:\/\/mamaterra.lt\/de\/wp-json\/wp\/v2\/product_tag?post=21292"}],"curies":[{"name":"wp","href":"https:\/\/api.w.org\/{rel}","templated":true}]}}