{"id":21264,"date":"2024-01-31T19:48:51","date_gmt":"2024-01-31T18:48:51","guid":{"rendered":"https:\/\/mamaterra.lt\/parduotuve\/unkategorisiert\/doterra-kremas-nuo-issutimu-kudikiams-baby-diaper-cream\/"},"modified":"2024-02-10T19:56:29","modified_gmt":"2024-02-10T18:56:29","slug":"doterra-babywindelcreme","status":"publish","type":"product","link":"https:\/\/mamaterra.lt\/de\/parduotuve\/hygiene-und-hautpflege\/doterra-babywindelcreme\/","title":{"rendered":"doTERRA Babywindelcreme"},"content":{"rendered":"<p>Die sichere und wirksame doTERRA Baby Bumps Cream l\u00e4sst sich leicht auf empfindlicher Haut verteilen, um sie zu heilen, zu beruhigen und Ausbr\u00fcchen vorzubeugen. Die doTERRA Baby Bumps Cream enth\u00e4lt die \u00e4therischen \u00d6le CPTG\u2122 Lavendel, Karottensamen und Teebaum, um die Haut zu beruhigen und ihr ein gesundes Aussehen zu verleihen. Au\u00dferdem ist sie reich an Muyao-Sheabutter, die der Haut Feuchtigkeit spendet und sie weich und geschmeidig macht. Sch\u00fctzen Sie Ihre Kleinen mit dieser sanften Creme, die speziell f\u00fcr empfindliche Babyhaut entwickelt wurde.<\/p>\n<p>Reine Muyao-Sheabutter aus Ostafrika hilft, die Hautfeuchtigkeit zu erhalten<br \/>\nCPTG-\u00c4therische \u00d6le aus Lavendel, Karottensamen und Teebaum beruhigen die Haut und sorgen f\u00fcr ein gesundes Aussehen.<br \/>\nZieht leicht in die empfindliche Haut ein, um sie zu heilen, zu beruhigen und Ausbr\u00fcche zu verhindern<br \/>\nSorgf\u00e4ltig formuliert f\u00fcr die empfindliche Haut von Babys<br \/>\nVerwendung<br \/>\nAls sanfte Alternative zur Beruhigung rissiger Haut verwenden<br \/>\nNach dem Baden des Babys vor dem Schlafengehen verwenden, um die empfindliche Haut zu beruhigen<br \/>\nBei Kleinkindern und \u00e4lteren Kindern als sanfte Alternative zu anderen Lotionen und Cremes verwenden<br \/>\nVerwenden Sie es zusammen mit anderen doTERRA Baby Produkten f\u00fcr beste Ergebnisse<\/p>\n<p>Gebrauchsanweisung<br \/>\nWechseln Sie nasse oder verschmutzte Windeln sofort, wischen Sie den Po ab und lassen Sie ihn trocknen. Bei jedem Windelwechsel eine Creme auftragen.<br \/>\nVorsichtsma\u00dfnahmen<\/p>\n<p>Nur zur \u00e4u\u00dferlichen Anwendung. Von den Augen fernhalten. Au\u00dferhalb der Reichweite von Kindern aufbewahren. Bei 20-25 \u00b0C lagern. Nicht verwenden, wenn das Qualit\u00e4tssiegel besch\u00e4digt ist.<\/p>\n","protected":false},"excerpt":{"rendered":"<p>60 g<br \/>\nReine Muyao-Sheabutter aus Ostafrika hilft, die Haut mit Feuchtigkeit zu versorgen<br \/>\n\u00c4therische CPTG-\u00d6le aus Lavendel, Karottensamen und Teebaum beruhigen die Haut und verleihen ihr ein gesundes Aussehen.<br \/>\nZieht leicht in empfindliche Haut ein, heilt, beruhigt und beugt Ausbr\u00fcchen vor<br \/>\nSorgf\u00e4ltig formuliert f\u00fcr empfindliche Babyhaut<\/p>\n","protected":false},"featured_media":23771,"template":"","meta":{"site-sidebar-layout":"default","site-content-layout":"","ast-site-content-layout":"default","site-content-style":"default","site-sidebar-style":"default","ast-global-header-display":"","ast-banner-title-visibility":"","ast-main-header-display":"","ast-hfb-above-header-display":"","ast-hfb-below-header-display":"","ast-hfb-mobile-header-display":"","site-post-title":"","ast-breadcrumbs-content":"","ast-featured-img":"","footer-sml-layout":"","ast-disable-related-posts":"","theme-transparent-header-meta":"","adv-header-id-meta":"","stick-header-meta":"","header-above-stick-meta":"","header-main-stick-meta":"","header-below-stick-meta":"","astra-migrate-meta-layouts":"set","ast-page-background-enabled":"default","ast-page-background-meta":{"desktop":{"background-color":"","background-image":"","background-repeat":"repeat","background-position":"center center","background-size":"auto","background-attachment":"scroll","background-type":"","background-media":"","overlay-type":"","overlay-color":"","overlay-opacity":"","overlay-gradient":""},"tablet":{"background-color":"","background-image":"","background-repeat":"repeat","background-position":"center center","background-size":"auto","background-attachment":"scroll","background-type":"","background-media":"","overlay-type":"","overlay-color":"","overlay-opacity":"","overlay-gradient":""},"mobile":{"background-color":"","background-image":"","background-repeat":"repeat","background-position":"center center","background-size":"auto","background-attachment":"scroll","background-type":"","background-media":"","overlay-type":"","overlay-color":"","overlay-opacity":"","overlay-gradient":""}},"ast-content-background-meta":{"desktop":{"background-color":"var(--ast-global-color-5)","background-image":"","background-repeat":"repeat","background-position":"center center","background-size":"auto","background-attachment":"scroll","background-type":"","background-media":"","overlay-type":"","overlay-color":"","overlay-opacity":"","overlay-gradient":""},"tablet":{"background-color":"var(--ast-global-color-5)","background-image":"","background-repeat":"repeat","background-position":"center center","background-size":"auto","background-attachment":"scroll","background-type":"","background-media":"","overlay-type":"","overlay-color":"","overlay-opacity":"","overlay-gradient":""},"mobile":{"background-color":"var(--ast-global-color-5)","background-image":"","background-repeat":"repeat","background-position":"center center","background-size":"auto","background-attachment":"scroll","background-type":"","background-media":"","overlay-type":"","overlay-color":"","overlay-opacity":"","overlay-gradient":""}}},"product_brand":[],"product_cat":[2044,1959],"product_tag":[],"class_list":{"0":"post-21264","1":"product","2":"type-product","3":"status-publish","4":"has-post-thumbnail","6":"product_cat-fuer-kinder","7":"product_cat-hygiene-und-hautpflege","8":"desktop-align-left","9":"tablet-align-left","10":"mobile-align-left","12":"first","13":"instock","14":"taxable","15":"shipping-taxable","16":"product-type-simple"},"_links":{"self":[{"href":"https:\/\/mamaterra.lt\/de\/wp-json\/wp\/v2\/product\/21264","targetHints":{"allow":["GET"]}}],"collection":[{"href":"https:\/\/mamaterra.lt\/de\/wp-json\/wp\/v2\/product"}],"about":[{"href":"https:\/\/mamaterra.lt\/de\/wp-json\/wp\/v2\/types\/product"}],"wp:featuredmedia":[{"embeddable":true,"href":"https:\/\/mamaterra.lt\/de\/wp-json\/wp\/v2\/media\/23771"}],"wp:attachment":[{"href":"https:\/\/mamaterra.lt\/de\/wp-json\/wp\/v2\/media?parent=21264"}],"wp:term":[{"taxonomy":"product_brand","embeddable":true,"href":"https:\/\/mamaterra.lt\/de\/wp-json\/wp\/v2\/product_brand?post=21264"},{"taxonomy":"product_cat","embeddable":true,"href":"https:\/\/mamaterra.lt\/de\/wp-json\/wp\/v2\/product_cat?post=21264"},{"taxonomy":"product_tag","embeddable":true,"href":"https:\/\/mamaterra.lt\/de\/wp-json\/wp\/v2\/product_tag?post=21264"}],"curies":[{"name":"wp","href":"https:\/\/api.w.org\/{rel}","templated":true}]}}