{"id":21175,"date":"2023-11-23T21:42:57","date_gmt":"2023-11-23T20:42:57","guid":{"rendered":"https:\/\/mamaterra.lt\/parduotuve\/unkategorisiert\/doterra-niaouli-eterinis-aliejus-15-ml\/"},"modified":"2024-01-20T21:19:20","modified_gmt":"2024-01-20T20:19:20","slug":"doterra-niaouli-aetherisches-oel-15-ml","status":"publish","type":"product","link":"https:\/\/mamaterra.lt\/de\/parduotuve\/essentielle-oele\/reine-aetherische-oele\/doterra-niaouli-aetherisches-oel-15-ml\/","title":{"rendered":"doTERRA Niaouli \u00e4therisches \u00d6l 15 ml"},"content":{"rendered":"<h6 class=\"spotlight__head-title\">doTERRA Niaouli \u00e4therisches \u00d6l 15 ml<\/h6>\n<h6><\/h6>\n<h6 class=\"spotlight__head-latin-title\">Melaleuca quinquenervia<\/h6>\n<p class=\"spotlight__head-latin-title\"><span style=\"font-size: 16px;\">ist ein gro\u00dfer immergr\u00fcner Baum, der in Australien beheimatet ist. Die Bl\u00e4tter werden bis zu 13 cm lang und die Bl\u00fcten an den Enden der Zweige sind gelblich und \u00e4hneln kleinen Besen. Wegen seines ungew\u00f6hnlichen Aussehens haben die Menschen viele Namen f\u00fcr diesen Baum erfunden, wie z. B. Papierrindenbaum oder Flaschenb\u00fcrste. Die f\u00fcnfnadelige Myrte ist eine mit dem Teebaum verwandte Pflanze mit einem s\u00fc\u00dflich-holzigen Aroma. Die Kombination von Eukalyptol und Monoterpenen in diesem \u00e4therischen \u00d6l hat eine anregende Wirkung. Das \u00e4therische Niaouli-\u00d6l wird in verschiedenen kosmetischen Produkten wie Lotionen, Cremes und Seifen verwendet und verleiht der Haut ein gesundes und sauberes Aussehen. Bei der Massage kann dieses \u00d6l helfen, bestimmte Bereiche zu entspannen.<\/span><\/p>\n<div class=\"spotlight__head-copy\">\n<p>In der Antike sch\u00e4tzten die Ureinwohner Autralias die desinfizierenden Eigenschaften dieses \u00d6ls und trugen bei Hautwunden oder -reizungen einfach die Bl\u00e4tter auf die gereizte Stelle auf.<\/p>\n<p>Es hat auch eine positive Wirkung auf die Atemwege, das Immunsystem und die Regeneration der Zellen.<\/p>\n<p>Vorsichtsma\u00dfnahmen<\/p>\n<p>Kann Hautreizungen verursachen. Au\u00dferhalb der Reichweite von Kindern aufbewahren. Wenn Sie schwanger sind, stillen oder krank sind, fragen Sie Ihren Arzt. Von Augen, Innenohr, Gesicht und empfindlichen Bereichen fernhalten.<\/p>\n<\/div>\n","protected":false},"excerpt":{"rendered":"<p>Die Kombination aus Eukalyptol und Monoterpenen verleiht diesem \u00e4therischen \u00d6l eine anregende Wirkung. Das \u00e4therische \u00d6l von Niaouli wird in verschiedenen kosmetischen Produkten wie Lotionen, Cremes und Seifen verwendet und verleiht der Haut ein gesundes und sauberes Aussehen.<\/p>\n","protected":false},"featured_media":21176,"template":"","meta":{"site-sidebar-layout":"default","site-content-layout":"","ast-site-content-layout":"default","site-content-style":"default","site-sidebar-style":"default","ast-global-header-display":"","ast-banner-title-visibility":"","ast-main-header-display":"","ast-hfb-above-header-display":"","ast-hfb-below-header-display":"","ast-hfb-mobile-header-display":"","site-post-title":"","ast-breadcrumbs-content":"","ast-featured-img":"","footer-sml-layout":"","ast-disable-related-posts":"","theme-transparent-header-meta":"default","adv-header-id-meta":"","stick-header-meta":"","header-above-stick-meta":"","header-main-stick-meta":"","header-below-stick-meta":"","astra-migrate-meta-layouts":"set","ast-page-background-enabled":"default","ast-page-background-meta":{"desktop":{"background-color":"","background-image":"","background-repeat":"repeat","background-position":"center center","background-size":"auto","background-attachment":"scroll","background-type":"","background-media":"","overlay-type":"","overlay-color":"","overlay-opacity":"","overlay-gradient":""},"tablet":{"background-color":"","background-image":"","background-repeat":"repeat","background-position":"center center","background-size":"auto","background-attachment":"scroll","background-type":"","background-media":"","overlay-type":"","overlay-color":"","overlay-opacity":"","overlay-gradient":""},"mobile":{"background-color":"","background-image":"","background-repeat":"repeat","background-position":"center center","background-size":"auto","background-attachment":"scroll","background-type":"","background-media":"","overlay-type":"","overlay-color":"","overlay-opacity":"","overlay-gradient":""}},"ast-content-background-meta":{"desktop":{"background-color":"var(--ast-global-color-5)","background-image":"","background-repeat":"repeat","background-position":"center center","background-size":"auto","background-attachment":"scroll","background-type":"","background-media":"","overlay-type":"","overlay-color":"","overlay-opacity":"","overlay-gradient":""},"tablet":{"background-color":"var(--ast-global-color-5)","background-image":"","background-repeat":"repeat","background-position":"center center","background-size":"auto","background-attachment":"scroll","background-type":"","background-media":"","overlay-type":"","overlay-color":"","overlay-opacity":"","overlay-gradient":""},"mobile":{"background-color":"var(--ast-global-color-5)","background-image":"","background-repeat":"repeat","background-position":"center center","background-size":"auto","background-attachment":"scroll","background-type":"","background-media":"","overlay-type":"","overlay-color":"","overlay-opacity":"","overlay-gradient":""}}},"product_brand":[],"product_cat":[1939,1959,2034,1999,1949],"product_tag":[],"class_list":{"0":"post-21175","1":"product","2":"type-product","3":"status-publish","4":"has-post-thumbnail","6":"product_cat-essentielle-oele","7":"product_cat-hygiene-und-hautpflege","8":"product_cat-luftfilterung","9":"product_cat-massage-de","10":"product_cat-reine-aetherische-oele","11":"desktop-align-left","12":"tablet-align-left","13":"mobile-align-left","15":"first","16":"outofstock","17":"sale","18":"taxable","19":"shipping-taxable","20":"purchasable","21":"product-type-simple"},"_links":{"self":[{"href":"https:\/\/mamaterra.lt\/de\/wp-json\/wp\/v2\/product\/21175","targetHints":{"allow":["GET"]}}],"collection":[{"href":"https:\/\/mamaterra.lt\/de\/wp-json\/wp\/v2\/product"}],"about":[{"href":"https:\/\/mamaterra.lt\/de\/wp-json\/wp\/v2\/types\/product"}],"wp:featuredmedia":[{"embeddable":true,"href":"https:\/\/mamaterra.lt\/de\/wp-json\/wp\/v2\/media\/21176"}],"wp:attachment":[{"href":"https:\/\/mamaterra.lt\/de\/wp-json\/wp\/v2\/media?parent=21175"}],"wp:term":[{"taxonomy":"product_brand","embeddable":true,"href":"https:\/\/mamaterra.lt\/de\/wp-json\/wp\/v2\/product_brand?post=21175"},{"taxonomy":"product_cat","embeddable":true,"href":"https:\/\/mamaterra.lt\/de\/wp-json\/wp\/v2\/product_cat?post=21175"},{"taxonomy":"product_tag","embeddable":true,"href":"https:\/\/mamaterra.lt\/de\/wp-json\/wp\/v2\/product_tag?post=21175"}],"curies":[{"name":"wp","href":"https:\/\/api.w.org\/{rel}","templated":true}]}}