{"id":21159,"date":"2023-12-02T21:16:39","date_gmt":"2023-12-02T20:16:39","guid":{"rendered":"https:\/\/mamaterra.lt\/parduotuve\/unkategorisiert\/doterra-glow-diffuser-difuzorius-ir-hygge-15-ml\/"},"modified":"2024-01-20T20:50:35","modified_gmt":"2024-01-20T19:50:35","slug":"doterra-glow-diffusor-und-huegge-mischung-15-ml","status":"publish","type":"product","link":"https:\/\/mamaterra.lt\/de\/parduotuve\/essentielle-oele\/aetherische-oelmischungen\/doterra-glow-diffusor-und-huegge-mischung-15-ml\/","title":{"rendered":"doTERRA Glow Diffusor und H\u00fcgge-Mischung (15 ml)"},"content":{"rendered":"<h5 class=\"spotlight__head-title\">doTERRA Glow Diffusor und H\u00fcgge-Mischung (15 ml)<\/h5>\n<div class=\"spotlight__head-copy\">\n<p>Bringen Sie Gem\u00fctlichkeit in Ihr Zuhause mit der exklusiven H\u00fcgge-Mischung und dem Glow-Diffusor. Die Kombination dieser Produkte wurde durch das d\u00e4nische Konzept &#8222;H\u00fcgge&#8220; inspiriert, dessen Essenz es ist, ein Gef\u00fchl der Gem\u00fctlichkeit zu wecken.<\/p>\n<h6>Produkt-Eigenschaften<\/h6>\n<ul>\n<li>Bis zu 10 Stunden Betriebszeit f\u00fcr warmes, stimmungsvolles Licht in jeder Umgebung.<\/li>\n<li>Einstellbarer Modus: warmes Licht und flackernde Kerze.<\/li>\n<li>Atemberaubendes handgefertigtes Design mit Glasplatte und geflochtenem Kabel.<\/li>\n<li>Kontinuierlicher Betrieb: bis zu 5 Stunden.<\/li>\n<li>Intervallmodus: bis zu 10 Stunden Betrieb.<\/li>\n<li>Automatische Notabschaltung.<\/li>\n<li>Komplett mit Adapter.<\/li>\n<li>2 Jahre Garantie.<\/li>\n<\/ul>\n<div class=\"spotlight__foot-block-content\">\n<p>F\u00fcllen Sie den Diffusor mit sauberem Leitungswasser bei Raumtemperatur. Achten Sie darauf, dass der Wasserstand die entsprechende Markierung nicht \u00fcberschreitet.<br \/>\nF\u00fcgen Sie 5-10 Tropfen \u00e4therische \u00d6le hinzu.<br \/>\n* Beachten Sie die Gebrauchsanweisung des Diffusors f\u00fcr Vorsichtsma\u00dfnahmen und Empfehlungen zur Verwendung.<\/p>\n<h6>Warnungen<\/h6>\n<p>Reinigen Sie den Wasser- und \u00d6lbeh\u00e4lter mindestens zweimal pro Woche. Verwenden Sie zur Reinigung ein Baumwolltuch und ein neutrales Reinigungsmittel. Sp\u00fclen Sie mit sauberem Wasser nach und wischen Sie mit einem Tuch trocken.<\/p>\n<\/div>\n<\/div>\n","protected":false},"excerpt":{"rendered":"<p>Bringen Sie Gem\u00fctlichkeit in Ihr Zuhause mit der exklusiven H\u00fcgge-Mischung und dem Glow-Diffusor. Die Kombination dieser Produkte wurde durch das d\u00e4nische Konzept &#8222;H\u00fcgge&#8220; inspiriert, dessen Essenz es ist, ein Gef\u00fchl der Gem\u00fctlichkeit zu wecken.<\/p>\n","protected":false},"featured_media":23685,"template":"","meta":{"site-sidebar-layout":"default","site-content-layout":"","ast-site-content-layout":"default","site-content-style":"default","site-sidebar-style":"default","ast-global-header-display":"","ast-banner-title-visibility":"","ast-main-header-display":"","ast-hfb-above-header-display":"","ast-hfb-below-header-display":"","ast-hfb-mobile-header-display":"","site-post-title":"","ast-breadcrumbs-content":"","ast-featured-img":"","footer-sml-layout":"","ast-disable-related-posts":"","theme-transparent-header-meta":"default","adv-header-id-meta":"","stick-header-meta":"","header-above-stick-meta":"","header-main-stick-meta":"","header-below-stick-meta":"","astra-migrate-meta-layouts":"set","ast-page-background-enabled":"default","ast-page-background-meta":{"desktop":{"background-color":"","background-image":"","background-repeat":"repeat","background-position":"center center","background-size":"auto","background-attachment":"scroll","background-type":"","background-media":"","overlay-type":"","overlay-color":"","overlay-opacity":"","overlay-gradient":""},"tablet":{"background-color":"","background-image":"","background-repeat":"repeat","background-position":"center center","background-size":"auto","background-attachment":"scroll","background-type":"","background-media":"","overlay-type":"","overlay-color":"","overlay-opacity":"","overlay-gradient":""},"mobile":{"background-color":"","background-image":"","background-repeat":"repeat","background-position":"center center","background-size":"auto","background-attachment":"scroll","background-type":"","background-media":"","overlay-type":"","overlay-color":"","overlay-opacity":"","overlay-gradient":""}},"ast-content-background-meta":{"desktop":{"background-color":"var(--ast-global-color-5)","background-image":"","background-repeat":"repeat","background-position":"center center","background-size":"auto","background-attachment":"scroll","background-type":"","background-media":"","overlay-type":"","overlay-color":"","overlay-opacity":"","overlay-gradient":""},"tablet":{"background-color":"var(--ast-global-color-5)","background-image":"","background-repeat":"repeat","background-position":"center center","background-size":"auto","background-attachment":"scroll","background-type":"","background-media":"","overlay-type":"","overlay-color":"","overlay-opacity":"","overlay-gradient":""},"mobile":{"background-color":"var(--ast-global-color-5)","background-image":"","background-repeat":"repeat","background-position":"center center","background-size":"auto","background-attachment":"scroll","background-type":"","background-media":"","overlay-type":"","overlay-color":"","overlay-opacity":"","overlay-gradient":""}}},"product_brand":[],"product_cat":[1944,1919,1924,1929,1934,2004,2039],"product_tag":[],"class_list":{"0":"post-21159","1":"product","2":"type-product","3":"status-publish","4":"has-post-thumbnail","6":"product_cat-aetherische-oelmischungen","7":"product_cat-diffusoren","8":"product_cat-geschenke","9":"product_cat-geschenke-fuer-frauen","10":"product_cat-geschenke-fur-manner","11":"product_cat-schlafen","12":"product_cat-stressbewaeltigung","13":"desktop-align-left","14":"tablet-align-left","15":"mobile-align-left","17":"first","18":"outofstock","19":"sold-individually","20":"taxable","21":"shipping-taxable","22":"purchasable","23":"product-type-simple"},"_links":{"self":[{"href":"https:\/\/mamaterra.lt\/de\/wp-json\/wp\/v2\/product\/21159","targetHints":{"allow":["GET"]}}],"collection":[{"href":"https:\/\/mamaterra.lt\/de\/wp-json\/wp\/v2\/product"}],"about":[{"href":"https:\/\/mamaterra.lt\/de\/wp-json\/wp\/v2\/types\/product"}],"wp:featuredmedia":[{"embeddable":true,"href":"https:\/\/mamaterra.lt\/de\/wp-json\/wp\/v2\/media\/23685"}],"wp:attachment":[{"href":"https:\/\/mamaterra.lt\/de\/wp-json\/wp\/v2\/media?parent=21159"}],"wp:term":[{"taxonomy":"product_brand","embeddable":true,"href":"https:\/\/mamaterra.lt\/de\/wp-json\/wp\/v2\/product_brand?post=21159"},{"taxonomy":"product_cat","embeddable":true,"href":"https:\/\/mamaterra.lt\/de\/wp-json\/wp\/v2\/product_cat?post=21159"},{"taxonomy":"product_tag","embeddable":true,"href":"https:\/\/mamaterra.lt\/de\/wp-json\/wp\/v2\/product_tag?post=21159"}],"curies":[{"name":"wp","href":"https:\/\/api.w.org\/{rel}","templated":true}]}}