{"id":21144,"date":"2023-11-17T19:31:34","date_gmt":"2023-11-17T18:31:34","guid":{"rendered":"https:\/\/mamaterra.lt\/parduotuve\/unkategorisiert\/jasmine-oil-jasminum-grandiflorum-25-ml\/"},"modified":"2024-01-20T20:21:12","modified_gmt":"2024-01-20T19:21:12","slug":"doterra-jasmin-aetherisches-oel-jasminum-grandiflorum-25-ml","status":"publish","type":"product","link":"https:\/\/mamaterra.lt\/de\/parduotuve\/essentielle-oele\/reine-aetherische-oele\/doterra-jasmin-aetherisches-oel-jasminum-grandiflorum-25-ml\/","title":{"rendered":"doTERRA Jasmin \u00e4therisches \u00d6l Jasminum grandiflorum 2,5 ml"},"content":{"rendered":"<h6>doTERRA Jasmin \u00e4therisches \u00d6l Jasminum grandiflorum 2,5 ml<\/h6>\n<p>Die schneewei\u00dfe Jasminbl\u00fcte, so sch\u00f6n und einzigartig, wird mit Liebe und Romantik in Verbindung gebracht. Jasmin\u00f6l kann \u00e4u\u00dferlich angewendet werden, um ein beruhigendes und zugleich euphorisches Aroma zu erzeugen, das die Stimmung hebt und eine positive Weltanschauung f\u00f6rdert. Dar\u00fcber hinaus kann Jasmin\u00f6l, das f\u00fcr seine therapeutischen Eigenschaften bekannt ist, zur Verbesserung der Hautgesundheit verwendet werden. Aufgrund seines intensiven Dufts (der ihm den Titel &#8222;K\u00f6nig der Blumen&#8220; eingebracht hat) eignet sich Jasmin\u00f6l hervorragend f\u00fcr die Verwendung als Tagesparf\u00fcm.<\/p>\n<h6>Wichtigste Vorteile<\/h6>\n<p>Hilft, Hautunreinheiten weniger auff\u00e4llig zu machen.<br \/>\nJasmin ist f\u00fcr seine vielen Vorteile f\u00fcr die Haut bekannt.<br \/>\nEr f\u00f6rdert eine positive Weltanschauung und hebt die Stimmung mit seinem euphorischen, ausgepr\u00e4gten Aroma.<\/p>\n<h6>Anwendung<\/h6>\n<ul>\n<li>\nAuf problematische Hautstellen und Altersflecken auftragen, um deren Sichtbarkeit zu verringern.<\/li>\n<li>Nach dem Duschen auftragen, um emotionalen Stress vor dem Arbeitstag abzubauen und eine gehobene und positive Stimmung zu schaffen.<\/li>\n<li>Bei einer Massage zur Beruhigung und Entspannung nach einem langen Arbeitstag oder einem anstrengenden Workout anwenden.<\/li>\n<li>Tragen Sie es auf Handgelenke und Hals auf, um einen einzigartigen pers\u00f6nlichen Duft zu kreieren, den Sie Tag und Nacht verwenden k\u00f6nnen.<\/li>\n<li>Integrieren Sie es in Ihre t\u00e4gliche Hautpflegeroutine, um einen strahlenden Teint zu erhalten.<\/li>\n<\/ul>\n<h6>Hinweise zur Anwendung<\/h6>\n<p>F\u00fcr die Massage 5 Tropfen mit 10 ml Basis\u00f6l mischen. F\u00fcr ein Bad, 5 Tropfen mit 5 ml Basis\u00f6l mischen. Zum Parf\u00fcmieren 1 Tropfen mit 10 Tropfen Basis\u00f6l mischen. Nur zur \u00e4u\u00dferen Anwendung.<\/p>\n<h6>Warnhinweise<\/h6>\n<p>Kann Hautempfindlichkeit verursachen. Au\u00dferhalb der Reichweite von Kindern aufbewahren. Konsultieren Sie einen Arzt, wenn Sie schwanger sind oder sich in medizinischer Behandlung befinden. Vermeiden Sie den Kontakt mit Augen, Ohren und empfindlichen Hautpartien.<\/p>\n","protected":false},"excerpt":{"rendered":"<ul>\n<li>Tragen Sie es auf Handgelenke und Hals auf, um einen einzigartigen pers\u00f6nlichen Duft zu kreieren, den Sie Tag und Nacht verwenden k\u00f6nnen.<\/li>\n<li>Integrieren Sie es in Ihre t\u00e4gliche Hautpflegeroutine, um einen strahlenden Teint zu erhalten.<\/li>\n<\/ul>\n","protected":false},"featured_media":21145,"template":"","meta":{"site-sidebar-layout":"default","site-content-layout":"","ast-site-content-layout":"default","site-content-style":"default","site-sidebar-style":"default","ast-global-header-display":"","ast-banner-title-visibility":"","ast-main-header-display":"","ast-hfb-above-header-display":"","ast-hfb-below-header-display":"","ast-hfb-mobile-header-display":"","site-post-title":"","ast-breadcrumbs-content":"","ast-featured-img":"","footer-sml-layout":"","ast-disable-related-posts":"","theme-transparent-header-meta":"default","adv-header-id-meta":"","stick-header-meta":"","header-above-stick-meta":"","header-main-stick-meta":"","header-below-stick-meta":"","astra-migrate-meta-layouts":"set","ast-page-background-enabled":"default","ast-page-background-meta":{"desktop":{"background-color":"","background-image":"","background-repeat":"repeat","background-position":"center center","background-size":"auto","background-attachment":"scroll","background-type":"","background-media":"","overlay-type":"","overlay-color":"","overlay-opacity":"","overlay-gradient":""},"tablet":{"background-color":"","background-image":"","background-repeat":"repeat","background-position":"center center","background-size":"auto","background-attachment":"scroll","background-type":"","background-media":"","overlay-type":"","overlay-color":"","overlay-opacity":"","overlay-gradient":""},"mobile":{"background-color":"","background-image":"","background-repeat":"repeat","background-position":"center center","background-size":"auto","background-attachment":"scroll","background-type":"","background-media":"","overlay-type":"","overlay-color":"","overlay-opacity":"","overlay-gradient":""}},"ast-content-background-meta":{"desktop":{"background-color":"var(--ast-global-color-5)","background-image":"","background-repeat":"repeat","background-position":"center center","background-size":"auto","background-attachment":"scroll","background-type":"","background-media":"","overlay-type":"","overlay-color":"","overlay-opacity":"","overlay-gradient":""},"tablet":{"background-color":"var(--ast-global-color-5)","background-image":"","background-repeat":"repeat","background-position":"center center","background-size":"auto","background-attachment":"scroll","background-type":"","background-media":"","overlay-type":"","overlay-color":"","overlay-opacity":"","overlay-gradient":""},"mobile":{"background-color":"var(--ast-global-color-5)","background-image":"","background-repeat":"repeat","background-position":"center center","background-size":"auto","background-attachment":"scroll","background-type":"","background-media":"","overlay-type":"","overlay-color":"","overlay-opacity":"","overlay-gradient":""}}},"product_brand":[],"product_cat":[1939,1949],"product_tag":[],"class_list":{"0":"post-21144","1":"product","2":"type-product","3":"status-publish","4":"has-post-thumbnail","6":"product_cat-essentielle-oele","7":"product_cat-reine-aetherische-oele","8":"desktop-align-left","9":"tablet-align-left","10":"mobile-align-left","12":"first","13":"outofstock","14":"sale","15":"taxable","16":"shipping-taxable","17":"purchasable","18":"product-type-simple"},"_links":{"self":[{"href":"https:\/\/mamaterra.lt\/de\/wp-json\/wp\/v2\/product\/21144","targetHints":{"allow":["GET"]}}],"collection":[{"href":"https:\/\/mamaterra.lt\/de\/wp-json\/wp\/v2\/product"}],"about":[{"href":"https:\/\/mamaterra.lt\/de\/wp-json\/wp\/v2\/types\/product"}],"wp:featuredmedia":[{"embeddable":true,"href":"https:\/\/mamaterra.lt\/de\/wp-json\/wp\/v2\/media\/21145"}],"wp:attachment":[{"href":"https:\/\/mamaterra.lt\/de\/wp-json\/wp\/v2\/media?parent=21144"}],"wp:term":[{"taxonomy":"product_brand","embeddable":true,"href":"https:\/\/mamaterra.lt\/de\/wp-json\/wp\/v2\/product_brand?post=21144"},{"taxonomy":"product_cat","embeddable":true,"href":"https:\/\/mamaterra.lt\/de\/wp-json\/wp\/v2\/product_cat?post=21144"},{"taxonomy":"product_tag","embeddable":true,"href":"https:\/\/mamaterra.lt\/de\/wp-json\/wp\/v2\/product_tag?post=21144"}],"curies":[{"name":"wp","href":"https:\/\/api.w.org\/{rel}","templated":true}]}}