{"id":21126,"date":"2023-08-09T15:53:20","date_gmt":"2023-08-09T14:53:20","guid":{"rendered":"https:\/\/mamaterra.lt\/parduotuve\/unkategorisiert\/doterra-gardenia-touch-gardenija-10-ml\/"},"modified":"2024-08-04T09:25:50","modified_gmt":"2024-08-04T08:25:50","slug":"doterra-gardenia-touch-gardenie-10-ml","status":"publish","type":"product","link":"https:\/\/mamaterra.lt\/de\/parduotuve\/geschenke\/geschenke-fuer-frauen\/doterra-gardenia-touch-gardenie-10-ml\/","title":{"rendered":"doTERRA Gardenia touch, Gardenie 10 ml"},"content":{"rendered":"<h6>Gardenia jasminoides<\/h6>\n<p>Gardenia jasminoides, die in S\u00fcdostasien angebaut wird, ist ein immergr\u00fcner, bl\u00fchender Baum, der in China als &#8218;Zhi Zi&#8216; bekannt ist. Er stammt urspr\u00fcnglich aus China und Japan. Die bl\u00fchenden Gardenien sind mit dunkelgr\u00fcnen, elliptischen Bl\u00e4ttern bedeckt und verstr\u00f6men einen durchdringenden und berauschenden Duft, der sehr intensiv ist. Wenn der Baum bl\u00fcht, ordnen sich die Bl\u00fctenbl\u00e4tter spiralf\u00f6rmig an und bilden ein wundersch\u00f6nes, symmetrisches Bild. Wie beim Jasmin wird das \u00e4therische \u00d6l dieser Pflanzen aus der Bl\u00fcte dampfdestilliert, und f\u00fcr eine kleine Menge ben\u00f6tigt man eine gro\u00dfe Menge. Wenn man dieses \u00d6l mit fraktioniertem Kokosnuss\u00f6l verd\u00fcnnt, erh\u00e4lt man einen weichen und zarten Duft, der in einer praktischen Flasche mit Kugelapplikator geliefert wird.<\/p>\n<h6>Verwendung<\/h6>\n<p>Vor der Anwendung von Gesichtsprodukten eine kleine Menge sanft in die Haut einmassieren, um den Hautzustand zu verbessern und die Feuchtigkeit zu bewahren.<\/p>\n<ul>\n<li>Nach dem Aussp\u00fclen der Haare eine kleine Menge in den Handfl\u00e4chen verteilen und auf Haar und Kopfhaut auftragen, um sie zu n\u00e4hren und mit Feuchtigkeit zu versorgen.<\/li>\n<li>Auf die Pulspunkte auftragen, als positivit\u00e4tsf\u00f6rderndes Parf\u00fcm verwenden.<\/li>\n<li>Erfrischt die Sinne w\u00e4hrend der Massage.<\/li>\n<\/ul>\n<h6>Empfehlungen zur Anwendung<\/h6>\n<p>Nur zur \u00e4u\u00dferen Anwendung. Zur Beduftung, Hautpflege oder Massage in die Haut einmassieren.<\/p>\n<h6>Warnhinweise<\/h6>\n<p>M\u00f6gliche Hautempfindlichkeit. Au\u00dferhalb der Reichweite von Kindern aufbewahren. Wenn Sie schwanger sind oder sich in \u00e4rztlicher Behandlung befinden, fragen Sie Ihren Arzt. Vermeiden Sie den Kontakt mit Augen, Innenohren und empfindlichen Bereichen.<\/p>\n","protected":false},"excerpt":{"rendered":"<ul>\n<li>Nach dem Aussp\u00fclen der Haare eine kleine Menge in den Handfl\u00e4chen verteilen und auf Haar und Kopfhaut auftragen, um sie zu n\u00e4hren und mit Feuchtigkeit zu versorgen.<\/li>\n<li>Auf die Pulspunkte auftragen, als positivit\u00e4tsf\u00f6rderndes Parf\u00fcm verwenden.<\/li>\n<li><\/li>\n<li>\u00a0Tepkite od\u0105, kad palaikytum\u0117te sveik\u0105 jos i\u0161vaizd\u0105.<\/li>\n<li>\u00a0Naudokite atpalaiduojan\u010diam masa\u017eui, kaip raminant\u012f ir dr\u0117kinant\u012f pried\u0105.<\/li>\n<\/ul>\n","protected":false},"featured_media":21128,"template":"","meta":{"site-sidebar-layout":"default","site-content-layout":"default","ast-site-content-layout":"default","site-content-style":"default","site-sidebar-style":"default","ast-global-header-display":"","ast-banner-title-visibility":"","ast-main-header-display":"","ast-hfb-above-header-display":"","ast-hfb-below-header-display":"","ast-hfb-mobile-header-display":"","site-post-title":"","ast-breadcrumbs-content":"","ast-featured-img":"","footer-sml-layout":"","ast-disable-related-posts":"","theme-transparent-header-meta":"default","adv-header-id-meta":"","stick-header-meta":"","header-above-stick-meta":"","header-main-stick-meta":"","header-below-stick-meta":"","astra-migrate-meta-layouts":"set","ast-page-background-enabled":"default","ast-page-background-meta":{"desktop":{"background-color":"","background-image":"","background-repeat":"repeat","background-position":"center center","background-size":"auto","background-attachment":"scroll","background-type":"","background-media":"","overlay-type":"","overlay-color":"","overlay-opacity":"","overlay-gradient":""},"tablet":{"background-color":"","background-image":"","background-repeat":"repeat","background-position":"center center","background-size":"auto","background-attachment":"scroll","background-type":"","background-media":"","overlay-type":"","overlay-color":"","overlay-opacity":"","overlay-gradient":""},"mobile":{"background-color":"","background-image":"","background-repeat":"repeat","background-position":"center center","background-size":"auto","background-attachment":"scroll","background-type":"","background-media":"","overlay-type":"","overlay-color":"","overlay-opacity":"","overlay-gradient":""}},"ast-content-background-meta":{"desktop":{"background-color":"var(--ast-global-color-5)","background-image":"","background-repeat":"repeat","background-position":"center center","background-size":"auto","background-attachment":"scroll","background-type":"","background-media":"","overlay-type":"","overlay-color":"","overlay-opacity":"","overlay-gradient":""},"tablet":{"background-color":"var(--ast-global-color-5)","background-image":"","background-repeat":"repeat","background-position":"center center","background-size":"auto","background-attachment":"scroll","background-type":"","background-media":"","overlay-type":"","overlay-color":"","overlay-opacity":"","overlay-gradient":""},"mobile":{"background-color":"var(--ast-global-color-5)","background-image":"","background-repeat":"repeat","background-position":"center center","background-size":"auto","background-attachment":"scroll","background-type":"","background-media":"","overlay-type":"","overlay-color":"","overlay-opacity":"","overlay-gradient":""}}},"product_brand":[],"product_cat":[1939,2009,1924,1929,1959,2039],"product_tag":[],"class_list":{"0":"post-21126","1":"product","2":"type-product","3":"status-publish","4":"has-post-thumbnail","6":"product_cat-essentielle-oele","7":"product_cat-fuer-frauen","8":"product_cat-geschenke","9":"product_cat-geschenke-fuer-frauen","10":"product_cat-hygiene-und-hautpflege","11":"product_cat-stressbewaeltigung","12":"desktop-align-left","13":"tablet-align-left","14":"mobile-align-left","16":"first","17":"instock","18":"sale","19":"taxable","20":"shipping-taxable","21":"purchasable","22":"product-type-simple"},"_links":{"self":[{"href":"https:\/\/mamaterra.lt\/de\/wp-json\/wp\/v2\/product\/21126","targetHints":{"allow":["GET"]}}],"collection":[{"href":"https:\/\/mamaterra.lt\/de\/wp-json\/wp\/v2\/product"}],"about":[{"href":"https:\/\/mamaterra.lt\/de\/wp-json\/wp\/v2\/types\/product"}],"wp:featuredmedia":[{"embeddable":true,"href":"https:\/\/mamaterra.lt\/de\/wp-json\/wp\/v2\/media\/21128"}],"wp:attachment":[{"href":"https:\/\/mamaterra.lt\/de\/wp-json\/wp\/v2\/media?parent=21126"}],"wp:term":[{"taxonomy":"product_brand","embeddable":true,"href":"https:\/\/mamaterra.lt\/de\/wp-json\/wp\/v2\/product_brand?post=21126"},{"taxonomy":"product_cat","embeddable":true,"href":"https:\/\/mamaterra.lt\/de\/wp-json\/wp\/v2\/product_cat?post=21126"},{"taxonomy":"product_tag","embeddable":true,"href":"https:\/\/mamaterra.lt\/de\/wp-json\/wp\/v2\/product_tag?post=21126"}],"curies":[{"name":"wp","href":"https:\/\/api.w.org\/{rel}","templated":true}]}}