{"id":21085,"date":"2021-04-18T16:33:11","date_gmt":"2021-04-18T15:33:11","guid":{"rendered":"https:\/\/mamaterra.lt\/parduotuve\/unkategorisiert\/gvazdikeliu-clove-tyras-doterra-eterinis-aliejus-15ml\/"},"modified":"2024-01-20T19:01:11","modified_gmt":"2024-01-20T18:01:11","slug":"nelke-clove-reines-aetherisches-oel-von-doterra-15ml","status":"publish","type":"product","link":"https:\/\/mamaterra.lt\/de\/parduotuve\/essentielle-oele\/reine-aetherische-oele\/nelke-clove-reines-aetherisches-oel-von-doterra-15ml\/","title":{"rendered":"Nelke (CLOVE) Reines \u00e4therisches \u00d6l von doTERRA 15ml"},"content":{"rendered":"<h6>Nelke (CLOVE) Reines \u00e4therisches \u00d6l von doTERRA<\/h6>\n<p>Eugenia caryophyllata | 15ml<\/p>\n<h6>Prim\u00e4re Vorteile<\/h6>\n<ul>\n<li>Die Gew\u00fcrznelke, die gemeinhin als gemahlenes Haushaltsgew\u00fcrz bekannt ist, kann mit ihren einzigartigen und kraftvollen Eigenschaften auch au\u00dferhalb der K\u00fcche verwendet werden.<\/li>\n<li>Seine warmen und w\u00fcrzigen Eigenschaften machen das \u00e4therische \u00d6l der Gew\u00fcrznelke ideal f\u00fcr saisonale Rezepte.<\/li>\n<li>Wegen seines belebenden Geschmacks und seines aromatischen Dufts wird es h\u00e4ufig in S\u00fc\u00dfspeisen verwendet, z. B. in Zuckergeb\u00e4ck.<\/li>\n<\/ul>\n<h6>Vorsichtsma\u00dfnahmen<\/h6>\n<p>Nur verd\u00fcnnt anwenden. Nicht mehr als einen Tropfen pro Tag einnehmen. Au\u00dferhalb der Reichweite von Kindern aufbewahren. Wenn Sie schwanger sind oder sich in \u00e4rztlicher Behandlung befinden, fragen Sie Ihren Arzt. Nicht in die Augen, die Innenohren, das Gesicht, empfindliche Stellen und Schleimh\u00e4ute bringen. Bei Hautkontakt gro\u00dfz\u00fcgig mit einem Tr\u00e4ger\u00f6l verd\u00fcnnen.<\/p>\n<p><iframe title=\"doTERRA Clove (15ml) (Translated Subtitles)\" src=\"https:\/\/www.youtube.com\/embed\/bU6gEQzkLT4\" width=\"853\" height=\"480\" frameborder=\"0\" allowfullscreen=\"allowfullscreen\"><\/iframe><\/p>\n","protected":false},"excerpt":{"rendered":"<p>Das beliebte reine \u00e4therische Nelken\u00f6l CLOVE von doTERRA unterst\u00fctzt die Gesundheit von Z\u00e4hnen und Zahnfleisch. Wird oft zum W\u00fcrzen von Speisen verwendet.<\/p>\n","protected":false},"featured_media":21086,"template":"","meta":{"site-sidebar-layout":"default","site-content-layout":"default","ast-site-content-layout":"default","site-content-style":"default","site-sidebar-style":"default","ast-global-header-display":"","ast-banner-title-visibility":"","ast-main-header-display":"","ast-hfb-above-header-display":"","ast-hfb-below-header-display":"","ast-hfb-mobile-header-display":"","site-post-title":"","ast-breadcrumbs-content":"","ast-featured-img":"","footer-sml-layout":"","ast-disable-related-posts":"","theme-transparent-header-meta":"default","adv-header-id-meta":"","stick-header-meta":"","header-above-stick-meta":"","header-main-stick-meta":"","header-below-stick-meta":"","astra-migrate-meta-layouts":"set","ast-page-background-enabled":"default","ast-page-background-meta":{"desktop":{"background-color":"","background-image":"","background-repeat":"repeat","background-position":"center center","background-size":"auto","background-attachment":"scroll","background-type":"","background-media":"","overlay-type":"","overlay-color":"","overlay-opacity":"","overlay-gradient":""},"tablet":{"background-color":"","background-image":"","background-repeat":"repeat","background-position":"center center","background-size":"auto","background-attachment":"scroll","background-type":"","background-media":"","overlay-type":"","overlay-color":"","overlay-opacity":"","overlay-gradient":""},"mobile":{"background-color":"","background-image":"","background-repeat":"repeat","background-position":"center center","background-size":"auto","background-attachment":"scroll","background-type":"","background-media":"","overlay-type":"","overlay-color":"","overlay-opacity":"","overlay-gradient":""}},"ast-content-background-meta":{"desktop":{"background-color":"var(--ast-global-color-5)","background-image":"","background-repeat":"repeat","background-position":"center center","background-size":"auto","background-attachment":"scroll","background-type":"","background-media":"","overlay-type":"","overlay-color":"","overlay-opacity":"","overlay-gradient":""},"tablet":{"background-color":"var(--ast-global-color-5)","background-image":"","background-repeat":"repeat","background-position":"center center","background-size":"auto","background-attachment":"scroll","background-type":"","background-media":"","overlay-type":"","overlay-color":"","overlay-opacity":"","overlay-gradient":""},"mobile":{"background-color":"var(--ast-global-color-5)","background-image":"","background-repeat":"repeat","background-position":"center center","background-size":"auto","background-attachment":"scroll","background-type":"","background-media":"","overlay-type":"","overlay-color":"","overlay-opacity":"","overlay-gradient":""}}},"product_brand":[],"product_cat":[1939,2034,1949,2049,2014],"product_tag":[2092,2862,3231],"class_list":{"0":"post-21085","1":"product","2":"type-product","3":"status-publish","4":"has-post-thumbnail","6":"product_cat-essentielle-oele","7":"product_cat-luftfilterung","8":"product_cat-reine-aetherische-oele","9":"product_cat-verdauung","10":"product_cat-von-muecken-und-zecken","11":"product_tag-15-ml-de","12":"product_tag-clove-de","13":"product_tag-essentielle-oele","14":"desktop-align-left","15":"tablet-align-left","16":"mobile-align-left","18":"first","19":"instock","20":"sale","21":"taxable","22":"shipping-taxable","23":"purchasable","24":"product-type-simple"},"_links":{"self":[{"href":"https:\/\/mamaterra.lt\/de\/wp-json\/wp\/v2\/product\/21085","targetHints":{"allow":["GET"]}}],"collection":[{"href":"https:\/\/mamaterra.lt\/de\/wp-json\/wp\/v2\/product"}],"about":[{"href":"https:\/\/mamaterra.lt\/de\/wp-json\/wp\/v2\/types\/product"}],"wp:featuredmedia":[{"embeddable":true,"href":"https:\/\/mamaterra.lt\/de\/wp-json\/wp\/v2\/media\/21086"}],"wp:attachment":[{"href":"https:\/\/mamaterra.lt\/de\/wp-json\/wp\/v2\/media?parent=21085"}],"wp:term":[{"taxonomy":"product_brand","embeddable":true,"href":"https:\/\/mamaterra.lt\/de\/wp-json\/wp\/v2\/product_brand?post=21085"},{"taxonomy":"product_cat","embeddable":true,"href":"https:\/\/mamaterra.lt\/de\/wp-json\/wp\/v2\/product_cat?post=21085"},{"taxonomy":"product_tag","embeddable":true,"href":"https:\/\/mamaterra.lt\/de\/wp-json\/wp\/v2\/product_tag?post=21085"}],"curies":[{"name":"wp","href":"https:\/\/api.w.org\/{rel}","templated":true}]}}