{"id":20543,"date":"2021-09-19T19:24:48","date_gmt":"2021-09-19T18:24:48","guid":{"rendered":"https:\/\/mamaterra.lt\/parduotuve\/unkategorisiert\/air-eteriniu-alieju-misinys-15ml\/"},"modified":"2024-03-15T18:29:20","modified_gmt":"2024-03-15T17:29:20","slug":"air-breathe-doterra-aetherische-oelmischung-15-ml","status":"publish","type":"product","link":"https:\/\/mamaterra.lt\/de\/parduotuve\/essentielle-oele\/aetherische-oelmischungen\/air-breathe-doterra-aetherische-oelmischung-15-ml\/","title":{"rendered":"AIR \/ BREATHE doTERRA \u00c4therische \u00d6lmischung 15 ml"},"content":{"rendered":"<p><strong>AIR \/ BREATHE doTERRA \u00c4therische \u00d6lmischung\u00a0<\/strong><\/p>\n<p>15ml<\/p>\n<p>&nbsp;<\/p>\n<p>AIR \/ BREATHE doTERRA \u00c4therische \u00d6lmischung Allgemeine Eigenschaften:<\/p>\n<p>doTERRA Air\/Breathe sorgt f\u00fcr offene Atemwege und erleichtert das Atmen, w\u00e4hrend es die Auswirkungen der jahreszeitlichen Ver\u00e4nderungen mindert.<br \/>\ndoTERRA Air\/Breathe kann \u00f6rtlich auf Brust, R\u00fccken oder F\u00fc\u00dfe aufgetragen oder nachts vernebelt werden, um die Sinne zu beruhigen und einen erholsamen Schlaf zu f\u00f6rdern.<br \/>\nVerdampfen Sie AIR mit einem Diffusor, tragen Sie es auf die Reflexpunkte, die Brust und den Nacken auf, wenn Sie Unbehagen und einen unruhigen Schlaf versp\u00fcren.<\/p>\n<p>AIR \/ BREATHE doTERRA \u00c4therische \u00d6lmischung Zutaten:<\/p>\n<p>Lorbeerblatt, Pfefferminz, Eukalyptus, Teebaum, Zitrone, Kardamom, Ravintsara und Ravensara<\/p>\n<p>AIR \/ BREATHE doTERRA Essential Oil Blend Anwendung:<\/p>\n<p>Mit einem Diffusor verdampfen, direkt aus den Handfl\u00e4chen einatmen oder die Brust oder Beine einreiben.<br \/>\nBeim Aufenthalt im Freien verwenden.<br \/>\nVor dem Schlafengehen verdampfen, um eine ruhige Umgebung zu schaffen.<br \/>\nVor dem Sport auf die Brust auftragen, um die Atmung und die Sauerstoffaufnahme zu erleichtern.<br \/>\nWenn Sie empfindlich auf Pollen reagieren, inhalieren Sie w\u00e4hrend der Saison, um das Atmen zu erleichtern.<br \/>\nDas Aroma ist k\u00fchlend, wirkt beruhigend, hilft Ihnen, sich zu entspannen und besser zu schlafen, unterst\u00fctzt Sie bei der \u00dcberwindung von Traurigkeit, Verschlossenheit, emotionalem Schmerz und hilft Ihnen, Gef\u00fchle loszulassen.<\/p>\n<p>Verwenden Sie drei oder vier Tropfen in einem Diffusor Ihrer Wahl zum Dampfen.<\/p>\n<p>Topische Anwendung: Verd\u00fcnnen Sie 1-2 Tropfen entsprechend der Altersempfehlung und tragen Sie sie auf die gew\u00fcnschte Stelle auf. Verd\u00fcnnen Sie sie mit fraktioniertem Kokosnuss\u00f6l von doTERRA, um die Hautempfindlichkeit zu verringern.<\/p>\n<p>Diese Mischung darf NICHT innerlich angewendet werden.<\/p>\n<p><iframe title=\"How To Use doTERRA Breathe Essential Oil Blend\" src=\"https:\/\/www.youtube.com\/embed\/TRpOEtBYYRE\" width=\"946\" height=\"532\" frameborder=\"0\" allowfullscreen=\"allowfullscreen\"><\/iframe><\/p>\n","protected":false},"excerpt":{"rendered":"<ul>\n<li>doTERRA Air\/Breathe unterst\u00fctzt das Gef\u00fchl freier Atemwege und leichten Atmens, w\u00e4hrend es die Auswirkungen der jahreszeitlichen Ver\u00e4nderungen mindert.<\/li>\n<li>doTERRA Air\/Breathe kann topisch auf Brust, R\u00fccken oder F\u00fc\u00dfe aufgetragen werden oder nachts verteilt werden, um die Sinne zu beruhigen und einen erholsamen Schlaf zu f\u00f6rdern.<\/li>\n<\/ul>\n","protected":false},"featured_media":20544,"template":"","meta":{"site-sidebar-layout":"default","site-content-layout":"default","ast-site-content-layout":"default","site-content-style":"default","site-sidebar-style":"default","ast-global-header-display":"","ast-banner-title-visibility":"","ast-main-header-display":"","ast-hfb-above-header-display":"","ast-hfb-below-header-display":"","ast-hfb-mobile-header-display":"","site-post-title":"","ast-breadcrumbs-content":"","ast-featured-img":"","footer-sml-layout":"","ast-disable-related-posts":"","theme-transparent-header-meta":"default","adv-header-id-meta":"","stick-header-meta":"","header-above-stick-meta":"","header-main-stick-meta":"","header-below-stick-meta":"","astra-migrate-meta-layouts":"set","ast-page-background-enabled":"default","ast-page-background-meta":{"desktop":{"background-color":"","background-image":"","background-repeat":"repeat","background-position":"center center","background-size":"auto","background-attachment":"scroll","background-type":"","background-media":"","overlay-type":"","overlay-color":"","overlay-opacity":"","overlay-gradient":""},"tablet":{"background-color":"","background-image":"","background-repeat":"repeat","background-position":"center center","background-size":"auto","background-attachment":"scroll","background-type":"","background-media":"","overlay-type":"","overlay-color":"","overlay-opacity":"","overlay-gradient":""},"mobile":{"background-color":"","background-image":"","background-repeat":"repeat","background-position":"center center","background-size":"auto","background-attachment":"scroll","background-type":"","background-media":"","overlay-type":"","overlay-color":"","overlay-opacity":"","overlay-gradient":""}},"ast-content-background-meta":{"desktop":{"background-color":"var(--ast-global-color-5)","background-image":"","background-repeat":"repeat","background-position":"center center","background-size":"auto","background-attachment":"scroll","background-type":"","background-media":"","overlay-type":"","overlay-color":"","overlay-opacity":"","overlay-gradient":""},"tablet":{"background-color":"var(--ast-global-color-5)","background-image":"","background-repeat":"repeat","background-position":"center center","background-size":"auto","background-attachment":"scroll","background-type":"","background-media":"","overlay-type":"","overlay-color":"","overlay-opacity":"","overlay-gradient":""},"mobile":{"background-color":"var(--ast-global-color-5)","background-image":"","background-repeat":"repeat","background-position":"center center","background-size":"auto","background-attachment":"scroll","background-type":"","background-media":"","overlay-type":"","overlay-color":"","overlay-opacity":"","overlay-gradient":""}}},"product_brand":[],"product_cat":[1944,1939,2004],"product_tag":[2098,3007,3236],"class_list":{"0":"post-20543","1":"product","2":"type-product","3":"status-publish","4":"has-post-thumbnail","6":"product_cat-aetherische-oelmischungen","7":"product_cat-essentielle-oele","8":"product_cat-schlafen","9":"product_tag-15ml-de","10":"product_tag-air-de","11":"product_tag-aetherische-oelmischungen","12":"desktop-align-left","13":"tablet-align-left","14":"mobile-align-left","16":"first","17":"instock","18":"featured","19":"taxable","20":"shipping-taxable","21":"purchasable","22":"product-type-simple"},"_links":{"self":[{"href":"https:\/\/mamaterra.lt\/de\/wp-json\/wp\/v2\/product\/20543","targetHints":{"allow":["GET"]}}],"collection":[{"href":"https:\/\/mamaterra.lt\/de\/wp-json\/wp\/v2\/product"}],"about":[{"href":"https:\/\/mamaterra.lt\/de\/wp-json\/wp\/v2\/types\/product"}],"wp:featuredmedia":[{"embeddable":true,"href":"https:\/\/mamaterra.lt\/de\/wp-json\/wp\/v2\/media\/20544"}],"wp:attachment":[{"href":"https:\/\/mamaterra.lt\/de\/wp-json\/wp\/v2\/media?parent=20543"}],"wp:term":[{"taxonomy":"product_brand","embeddable":true,"href":"https:\/\/mamaterra.lt\/de\/wp-json\/wp\/v2\/product_brand?post=20543"},{"taxonomy":"product_cat","embeddable":true,"href":"https:\/\/mamaterra.lt\/de\/wp-json\/wp\/v2\/product_cat?post=20543"},{"taxonomy":"product_tag","embeddable":true,"href":"https:\/\/mamaterra.lt\/de\/wp-json\/wp\/v2\/product_tag?post=20543"}],"curies":[{"name":"wp","href":"https:\/\/api.w.org\/{rel}","templated":true}]}}