{"id":20528,"date":"2021-04-18T17:31:29","date_gmt":"2021-04-18T16:31:29","guid":{"rendered":"https:\/\/mamaterra.lt\/parduotuve\/unkategorisiert\/doterra-on-guard-eteriniu-alieju-misinys-15ml\/"},"modified":"2024-01-08T20:14:29","modified_gmt":"2024-01-08T19:14:29","slug":"doterra-on-guard-aetherische-oelmischung-15ml","status":"publish","type":"product","link":"https:\/\/mamaterra.lt\/de\/parduotuve\/essentielle-oele\/aetherische-oelmischungen\/doterra-on-guard-aetherische-oelmischung-15ml\/","title":{"rendered":"doTERRA On Guard \u00c4therische \u00d6lmischung 15ml"},"content":{"rendered":"<p><strong>doTERRA On Guard \u00c4therische \u00d6lmischung\u00a0<\/strong><\/p>\n<p>15 ml<\/p>\n<p>OnGuard ist eine der beliebtesten Mischungen von doTERRA und angesichts seiner unglaublich wirkungsvollen Vorteile ein echtes Must-have. Bei t\u00e4glicher Einnahme unterst\u00fctzt doTERRA OnGuard die nat\u00fcrlichen Funktionen Ihres Immunsystems. Mit seinem einzigartigen Aroma bietet OnGuard eine wohlriechende, nat\u00fcrliche und wirksame Alternative. OnGuard kann auch Hei\u00dfgetr\u00e4nken und Desserts einen leckeren (und nahrhaften) Geschmackskick verleihen!<\/p>\n<h6 class=\"spotlight__foot-block-title\">Hauptnutzen f\u00fcr das Wohlbefinden<\/h6>\n<div class=\"spotlight__foot-block-content\">\n<ul class=\"spotlight__list-custom custom-list\">\n<li>Hat ein vitalisierendes und erhebendes Aroma.<\/li>\n<li>Warme, zitrusartige W\u00fcrze f\u00fcr Hei\u00dfgetr\u00e4nke und Desserts.<\/li>\n<\/ul>\n<h6 class=\"product-whats-inside__footer-title\">Vollst\u00e4ndige Zutatenliste<\/h6>\n<div class=\"product-whats-inside__footer-content\" data-js-clip-word-length-mob=\"\">\n<p>\u00c4therische \u00d6le von Wild Orange Peel (Orangenschale), Clove Bud (Gew\u00fcrznelke), Cinnamon Bark (Zimtrinde), Eucalyptus Leaf (Eukalyptusblatt) und Rosemary Leaf\/Flower (Rosmarinblatt\/-bl\u00fcte).<\/p>\n<h6 class=\"product-uses__block-title\">Empfehlung<\/h6>\n<div class=\"product-uses__block-list\">\n<ul class=\"custom-list\">\n<li>Einen gesunden Snack erhalten Sie, wenn Sie geschnittene Apfelspalten in einer Sch\u00fcssel mit Wasser und einem Tropfen OnGuard einlegen.<\/li>\n<li>Geben Sie einen Tropfen OnGuard zu Ihrem Wasser oder Ihrem Tee.<\/li>\n<\/ul>\n<\/div>\n<\/div>\n<\/div>\n<h6 class=\"product-uses__block-title\">Hinweise zur sicheren Anwendung<\/h6>\n<div class=\"product-uses__cautions-body\">\n<p>Nur verd\u00fcnnt verwenden. Nicht mehr als einen Tropfen pro Tag verwenden. Au\u00dferhalb der Reichweite von Kindern aufbewahren. Von Augen und Schleimh\u00e4uten fernhalten. Bei Hautkontakt mindestens 12 Stunden nach dem Auftragen Sonnenlicht und UV-Strahlung vermeiden.<\/p>\n<\/div>\n<p><iframe title=\"What is On Guard Essential Oil Good For?\" src=\"https:\/\/www.youtube.com\/embed\/uBIWyCYwy30\" width=\"853\" height=\"480\" frameborder=\"0\" allowfullscreen=\"allowfullscreen\"><\/iframe><\/p>\n","protected":false},"excerpt":{"rendered":"<ul>\n<li>St\u00e4rkt die nat\u00fcrlichen Funktionen des Immunsystems<\/li>\n<li>Verleiht Hei\u00dfgetr\u00e4nken und Desserts einen w\u00e4rmenden Zitrusgeschmack<\/li>\n<li>Energisierend und belebend<\/li>\n<\/ul>\n","protected":false},"featured_media":20529,"template":"","meta":{"site-sidebar-layout":"default","site-content-layout":"default","ast-site-content-layout":"default","site-content-style":"default","site-sidebar-style":"default","ast-global-header-display":"","ast-banner-title-visibility":"","ast-main-header-display":"","ast-hfb-above-header-display":"","ast-hfb-below-header-display":"","ast-hfb-mobile-header-display":"","site-post-title":"","ast-breadcrumbs-content":"","ast-featured-img":"","footer-sml-layout":"","ast-disable-related-posts":"","theme-transparent-header-meta":"default","adv-header-id-meta":"","stick-header-meta":"","header-above-stick-meta":"","header-main-stick-meta":"","header-below-stick-meta":"","astra-migrate-meta-layouts":"set","ast-page-background-enabled":"default","ast-page-background-meta":{"desktop":{"background-color":"","background-image":"","background-repeat":"repeat","background-position":"center center","background-size":"auto","background-attachment":"scroll","background-type":"","background-media":"","overlay-type":"","overlay-color":"","overlay-opacity":"","overlay-gradient":""},"tablet":{"background-color":"","background-image":"","background-repeat":"repeat","background-position":"center center","background-size":"auto","background-attachment":"scroll","background-type":"","background-media":"","overlay-type":"","overlay-color":"","overlay-opacity":"","overlay-gradient":""},"mobile":{"background-color":"","background-image":"","background-repeat":"repeat","background-position":"center center","background-size":"auto","background-attachment":"scroll","background-type":"","background-media":"","overlay-type":"","overlay-color":"","overlay-opacity":"","overlay-gradient":""}},"ast-content-background-meta":{"desktop":{"background-color":"var(--ast-global-color-5)","background-image":"","background-repeat":"repeat","background-position":"center center","background-size":"auto","background-attachment":"scroll","background-type":"","background-media":"","overlay-type":"","overlay-color":"","overlay-opacity":"","overlay-gradient":""},"tablet":{"background-color":"var(--ast-global-color-5)","background-image":"","background-repeat":"repeat","background-position":"center center","background-size":"auto","background-attachment":"scroll","background-type":"","background-media":"","overlay-type":"","overlay-color":"","overlay-opacity":"","overlay-gradient":""},"mobile":{"background-color":"var(--ast-global-color-5)","background-image":"","background-repeat":"repeat","background-position":"center center","background-size":"auto","background-attachment":"scroll","background-type":"","background-media":"","overlay-type":"","overlay-color":"","overlay-opacity":"","overlay-gradient":""}}},"product_brand":[],"product_cat":[1944,1939,2019],"product_tag":[2092,3236,3291,3085],"class_list":{"0":"post-20528","1":"product","2":"type-product","3":"status-publish","4":"has-post-thumbnail","6":"product_cat-aetherische-oelmischungen","7":"product_cat-essentielle-oele","8":"product_cat-on-guard-produkte","9":"product_tag-15-ml-de","10":"product_tag-aetherische-oelmischungen","11":"product_tag-beliebt","12":"product_tag-on-guard-de","13":"desktop-align-left","14":"tablet-align-left","15":"mobile-align-left","17":"first","18":"instock","19":"sale","20":"featured","21":"taxable","22":"shipping-taxable","23":"purchasable","24":"product-type-simple"},"_links":{"self":[{"href":"https:\/\/mamaterra.lt\/de\/wp-json\/wp\/v2\/product\/20528","targetHints":{"allow":["GET"]}}],"collection":[{"href":"https:\/\/mamaterra.lt\/de\/wp-json\/wp\/v2\/product"}],"about":[{"href":"https:\/\/mamaterra.lt\/de\/wp-json\/wp\/v2\/types\/product"}],"wp:featuredmedia":[{"embeddable":true,"href":"https:\/\/mamaterra.lt\/de\/wp-json\/wp\/v2\/media\/20529"}],"wp:attachment":[{"href":"https:\/\/mamaterra.lt\/de\/wp-json\/wp\/v2\/media?parent=20528"}],"wp:term":[{"taxonomy":"product_brand","embeddable":true,"href":"https:\/\/mamaterra.lt\/de\/wp-json\/wp\/v2\/product_brand?post=20528"},{"taxonomy":"product_cat","embeddable":true,"href":"https:\/\/mamaterra.lt\/de\/wp-json\/wp\/v2\/product_cat?post=20528"},{"taxonomy":"product_tag","embeddable":true,"href":"https:\/\/mamaterra.lt\/de\/wp-json\/wp\/v2\/product_tag?post=20528"}],"curies":[{"name":"wp","href":"https:\/\/api.w.org\/{rel}","templated":true}]}}