{"id":20516,"date":"2021-09-08T10:01:02","date_gmt":"2021-09-08T09:01:02","guid":{"rendered":"https:\/\/mamaterra.lt\/parduotuve\/unkategorisiert\/doterra-on-guard-naturali-balinanti-dantu-pasta-125g\/"},"modified":"2024-01-08T19:16:58","modified_gmt":"2024-01-08T18:16:58","slug":"doterra-on-guard-natuerliche-whitening-zahnpasta-125g","status":"publish","type":"product","link":"https:\/\/mamaterra.lt\/de\/parduotuve\/essentielle-oele\/aetherische-oelmischungen\/doterra-on-guard-natuerliche-whitening-zahnpasta-125g\/","title":{"rendered":"doTERRA On Guard Nat\u00fcrliche Whitening Zahnpasta 125g"},"content":{"rendered":"<h6>doTERRA On Guard Nat\u00fcrliche Whitening Zahnpasta ( 125g) Zusammensetzung und allgemeine Eigenschaften:<\/h6>\n<p>Wussten Sie, dass Ihr K\u00f6rper Kalziumhydroxylapatit verwendet, um einen starken Zahnschmelz zu erhalten? Deshalb enth\u00e4lt die nat\u00fcrliche Zahnwei\u00dfpasta doTERRA On Guard\u00ae dieses wichtige Mineral.<\/p>\n<ul>\n<li>Die \u00e4therischen \u00d6le in der Zusammensetzung wirken zusammen, um die Z\u00e4hne zu reinigen und den Geruch zu erfrischen. Die Zahnpasta kombiniert die Vorteile der patentierten \u00e4therischen \u00d6lmischung doTERRA On Guard mit Xylit und hydratisiertem Silizium, um die Z\u00e4hne zu reinigen, Plaque zu reduzieren und die Z\u00e4hne sanft aufzuhellen.<\/li>\n<li>Dar\u00fcber hinaus beruhigt das \u00e4therische \u00d6l der Myrrhe die Mundschleimhaut, das Zahnfleisch und den Rachen, und die Pfefferminze mit der doTERRA On Guard-Mischung verleiht dem Atem den Duft von Zimt-Minze.<\/li>\n<li>Bei regelm\u00e4\u00dfiger Anwendung dieser Paste werden Ihre Z\u00e4hne gesund und das L\u00e4cheln strahlend wei\u00df sein.<\/li>\n<\/ul>\n<p>&nbsp;<\/p>\n<p>Weitere Informationen \u00fcber die nat\u00fcrliche Zahnpasta von on Guard finden Sie im folgenden Video.<\/p>\n<p><iframe title=\"Reformulated doTERRA On Guard\u00ae Natural Whitening Toothpaste\" src=\"https:\/\/www.youtube.com\/embed\/s-1v3-cLP5M\" width=\"946\" height=\"532\" frameborder=\"0\" allowfullscreen=\"allowfullscreen\" data-mce-fragment=\"1\"><\/iframe><\/p>\n<p><iframe title=\"Reformulated doTERRA On Guard\u00ae Natural Whitening Toothpaste\" src=\"https:\/\/www.youtube.com\/embed\/s-1v3-cLP5M\" width=\"946\" height=\"532\" frameborder=\"0\" allowfullscreen=\"allowfullscreen\"><\/iframe><\/p>\n","protected":false},"excerpt":{"rendered":"<ul>\n<li>Die \u00e4therischen \u00d6le in der Formel wirken zusammen, um die Z\u00e4hne zu reinigen und den Atem zu erfrischen<\/li>\n<li>Die regelm\u00e4\u00dfige Anwendung dieser Zahnpasta h\u00e4lt Ihre Z\u00e4hne gesund und Ihr L\u00e4cheln strahlend wei\u00df<\/li>\n<\/ul>\n","protected":false},"featured_media":20475,"template":"","meta":{"site-sidebar-layout":"default","site-content-layout":"default","ast-site-content-layout":"default","site-content-style":"default","site-sidebar-style":"default","ast-global-header-display":"","ast-banner-title-visibility":"","ast-main-header-display":"","ast-hfb-above-header-display":"","ast-hfb-below-header-display":"","ast-hfb-mobile-header-display":"","site-post-title":"","ast-breadcrumbs-content":"","ast-featured-img":"","footer-sml-layout":"","ast-disable-related-posts":"","theme-transparent-header-meta":"default","adv-header-id-meta":"","stick-header-meta":"","header-above-stick-meta":"","header-main-stick-meta":"","header-below-stick-meta":"","astra-migrate-meta-layouts":"set","ast-page-background-enabled":"default","ast-page-background-meta":{"desktop":{"background-color":"","background-image":"","background-repeat":"repeat","background-position":"center center","background-size":"auto","background-attachment":"scroll","background-type":"","background-media":"","overlay-type":"","overlay-color":"","overlay-opacity":"","overlay-gradient":""},"tablet":{"background-color":"","background-image":"","background-repeat":"repeat","background-position":"center center","background-size":"auto","background-attachment":"scroll","background-type":"","background-media":"","overlay-type":"","overlay-color":"","overlay-opacity":"","overlay-gradient":""},"mobile":{"background-color":"","background-image":"","background-repeat":"repeat","background-position":"center center","background-size":"auto","background-attachment":"scroll","background-type":"","background-media":"","overlay-type":"","overlay-color":"","overlay-opacity":"","overlay-gradient":""}},"ast-content-background-meta":{"desktop":{"background-color":"var(--ast-global-color-5)","background-image":"","background-repeat":"repeat","background-position":"center center","background-size":"auto","background-attachment":"scroll","background-type":"","background-media":"","overlay-type":"","overlay-color":"","overlay-opacity":"","overlay-gradient":""},"tablet":{"background-color":"var(--ast-global-color-5)","background-image":"","background-repeat":"repeat","background-position":"center center","background-size":"auto","background-attachment":"scroll","background-type":"","background-media":"","overlay-type":"","overlay-color":"","overlay-opacity":"","overlay-gradient":""},"mobile":{"background-color":"var(--ast-global-color-5)","background-image":"","background-repeat":"repeat","background-position":"center center","background-size":"auto","background-attachment":"scroll","background-type":"","background-media":"","overlay-type":"","overlay-color":"","overlay-opacity":"","overlay-gradient":""}}},"product_brand":[],"product_cat":[1944,1959,2019],"product_tag":[2210,3291,3085,3216],"class_list":{"0":"post-20516","1":"product","2":"type-product","3":"status-publish","4":"has-post-thumbnail","6":"product_cat-aetherische-oelmischungen","7":"product_cat-hygiene-und-hautpflege","8":"product_cat-on-guard-produkte","9":"product_tag-125g-de","10":"product_tag-beliebt","11":"product_tag-on-guard-de","12":"product_tag-zahnpasta","13":"desktop-align-left","14":"tablet-align-left","15":"mobile-align-left","17":"first","18":"instock","19":"sale","20":"featured","21":"taxable","22":"shipping-taxable","23":"purchasable","24":"product-type-simple"},"_links":{"self":[{"href":"https:\/\/mamaterra.lt\/de\/wp-json\/wp\/v2\/product\/20516","targetHints":{"allow":["GET"]}}],"collection":[{"href":"https:\/\/mamaterra.lt\/de\/wp-json\/wp\/v2\/product"}],"about":[{"href":"https:\/\/mamaterra.lt\/de\/wp-json\/wp\/v2\/types\/product"}],"wp:featuredmedia":[{"embeddable":true,"href":"https:\/\/mamaterra.lt\/de\/wp-json\/wp\/v2\/media\/20475"}],"wp:attachment":[{"href":"https:\/\/mamaterra.lt\/de\/wp-json\/wp\/v2\/media?parent=20516"}],"wp:term":[{"taxonomy":"product_brand","embeddable":true,"href":"https:\/\/mamaterra.lt\/de\/wp-json\/wp\/v2\/product_brand?post=20516"},{"taxonomy":"product_cat","embeddable":true,"href":"https:\/\/mamaterra.lt\/de\/wp-json\/wp\/v2\/product_cat?post=20516"},{"taxonomy":"product_tag","embeddable":true,"href":"https:\/\/mamaterra.lt\/de\/wp-json\/wp\/v2\/product_tag?post=20516"}],"curies":[{"name":"wp","href":"https:\/\/api.w.org\/{rel}","templated":true}]}}