{"id":20457,"date":"2022-08-19T19:33:48","date_gmt":"2022-08-19T18:33:48","guid":{"rendered":"https:\/\/mamaterra.lt\/parduotuve\/unkategorisiert\/doterra-deep-blue-stick-pencil-48g\/"},"modified":"2024-01-08T17:53:56","modified_gmt":"2024-01-08T16:53:56","slug":"doterra-deep-blue-stick-pencil-48g","status":"publish","type":"product","link":"https:\/\/mamaterra.lt\/de\/parduotuve\/essentielle-oele\/aetherische-oelmischungen\/doterra-deep-blue-stick-pencil-48g\/","title":{"rendered":"doTERRA Deep Blue Stick \/ Bleistift 48g"},"content":{"rendered":"<p><strong>doTERRA Deep Blue Stick \/ Bleistift<\/strong><\/p>\n<p>48g<\/p>\n<p>Dieser einfach anzuwendende Stift, der Menthol pflanzlichen Ursprungs, Methylsalicylat und Kampfer enth\u00e4lt, dringt tief in die Haut ein und bewirkt ein k\u00fchlendes Gef\u00fchl. Es ist eine unverzichtbare Erg\u00e4nzung f\u00fcr den Badezimmerschrank oder die Sporttasche Es enth\u00e4lt feuchtigkeitsspendende Weichmacher in seiner Zusammensetzung, die die Haut weich und nicht fettend machen. Der Deep Blue Stift ist schnell trocknend, so dass er vor, w\u00e4hrend oder nach dem Training verwendet werden kann, beruhigend, bequem und effektiv.<\/p>\n<ul>\n<li>doTERRA Deep Blue Stick Pencil enth\u00e4lt eine beruhigende Deep Blue Mischung, Niederwald und andere nat\u00fcrliche Inhaltsstoffe<\/li>\n<li>Hochwertigstes rezeptfreies Menthol pflanzlichen Ursprungs<\/li>\n<li>Lindert vor\u00fcbergehend leichte Muskel- und Gelenkschmerzen im Zusammenhang mit R\u00fcckenschmerzen, Arthritis, Verstauchungen, Verrenkungen und Prellungen.<\/li>\n<li>Enth\u00e4lt feuchtigkeitsspendende Weichmacher, die die Haut weich und fettfrei machen<\/li>\n<li>Erzeugt ein Gef\u00fchl von K\u00fchlung und Beruhigung<\/li>\n<\/ul>\n<p><strong>doTERRA Deep Blue Stick \/ Bleistift Gebrauchsanweisung:<\/strong><\/p>\n<p>Direkt auf die betroffenen Stellen auftragen. Wenn Sie ein intensiveres Verfahren w\u00fcnschen, tragen Sie vor dem Auftragen eine Mischung aus \u00e4therischen \u00d6len von Deep Blue auf die Haut auf.<\/p>\n<p><strong>Doterra Tiefblauer Stab \/ Bleistift<\/strong> <strong>Sred-Teile:<\/strong><\/p>\n<p>Cocos nucifera (Kokosnuss) \u00d6l, Tapiokast\u00e4rke, Gaultheria procumbens (Wintergr\u00fcn) Blatt\u00f6l, Helianthus annuus (Sonnenblumen) Samenwachs, Copaifera coriacea \/ langsdorffii \/ officinalis \/ reticulata (Copaibos) Harz\u00f6l, Wasser (Aqua), Sambucus nigra Fruchtextrakt, Prunus amygdalus dulcis (S\u00fc\u00dfmandel) \u00d6l, Glyceryllaurat, Glycerylcaprylat, Mentha piperita (Pfefferminz) \u00d6l, Zimt Kampfer (Cinnamomum camphora) \u00d6l, Eukalyptusblatt\u00f6l, Tanacetum annuum (blaue Tanacets) Bl\u00fcte,  Blatt- und St\u00e4ngel\u00f6l, Glyceryl Undecenate, Cananga odorata (Ylang Ylang) Bl\u00fcten\u00f6l, Capsicum frutescens Fruchtextrakt, Glycerin, Laurins\u00e4ure, Chamomilla recutita (Matricaria) \u00d6l, Helichrysum italicum (Helichrysum) Bl\u00fcten-, Blatt- und St\u00e4ngel\u00f6l, Zitronens\u00e4ure<\/p>\n","protected":false},"excerpt":{"rendered":"<ul>\n<li>doTERRA Deep Blue Stick Pencil enth\u00e4lt eine beruhigende Mischung aus Deep Blue, Copaiba und andere nat\u00fcrliche Inhaltsstoffe aus \u00e4therischen \u00d6len<\/li>\n<li>Hochwertigstes rezeptfreies Menthol pflanzlichen Ursprungs<\/li>\n<li>Lindert vor\u00fcbergehend leichte Muskel- und Gelenkschmerzen im Zusammenhang mit R\u00fcckenschmerzen, Arthritis, Verstauchungen, Verrenkungen und Prellungen<\/li>\n<li>Enth\u00e4lt feuchtigkeitsspendende Weichmacher, die die Haut weich und fettfrei machen<\/li>\n<li>Erzeugt ein Gef\u00fchl von K\u00fchlung und Beruhigung<\/li>\n<\/ul>\n","protected":false},"featured_media":20458,"template":"","meta":{"site-sidebar-layout":"default","site-content-layout":"default","ast-site-content-layout":"default","site-content-style":"default","site-sidebar-style":"default","ast-global-header-display":"","ast-banner-title-visibility":"","ast-main-header-display":"","ast-hfb-above-header-display":"","ast-hfb-below-header-display":"","ast-hfb-mobile-header-display":"","site-post-title":"","ast-breadcrumbs-content":"","ast-featured-img":"","footer-sml-layout":"","ast-disable-related-posts":"","theme-transparent-header-meta":"default","adv-header-id-meta":"","stick-header-meta":"","header-above-stick-meta":"","header-main-stick-meta":"","header-below-stick-meta":"","astra-migrate-meta-layouts":"default","ast-page-background-enabled":"default","ast-page-background-meta":{"desktop":{"background-color":"","background-image":"","background-repeat":"repeat","background-position":"center center","background-size":"auto","background-attachment":"scroll","background-type":"","background-media":"","overlay-type":"","overlay-color":"","overlay-opacity":"","overlay-gradient":""},"tablet":{"background-color":"","background-image":"","background-repeat":"repeat","background-position":"center center","background-size":"auto","background-attachment":"scroll","background-type":"","background-media":"","overlay-type":"","overlay-color":"","overlay-opacity":"","overlay-gradient":""},"mobile":{"background-color":"","background-image":"","background-repeat":"repeat","background-position":"center center","background-size":"auto","background-attachment":"scroll","background-type":"","background-media":"","overlay-type":"","overlay-color":"","overlay-opacity":"","overlay-gradient":""}},"ast-content-background-meta":{"desktop":{"background-color":"var(--ast-global-color-5)","background-image":"","background-repeat":"repeat","background-position":"center center","background-size":"auto","background-attachment":"scroll","background-type":"","background-media":"","overlay-type":"","overlay-color":"","overlay-opacity":"","overlay-gradient":""},"tablet":{"background-color":"var(--ast-global-color-5)","background-image":"","background-repeat":"repeat","background-position":"center center","background-size":"auto","background-attachment":"scroll","background-type":"","background-media":"","overlay-type":"","overlay-color":"","overlay-opacity":"","overlay-gradient":""},"mobile":{"background-color":"var(--ast-global-color-5)","background-image":"","background-repeat":"repeat","background-position":"center center","background-size":"auto","background-attachment":"scroll","background-type":"","background-media":"","overlay-type":"","overlay-color":"","overlay-opacity":"","overlay-gradient":""}}},"product_brand":[],"product_cat":[1944,1916,1939],"product_tag":[2144,2549,3172],"class_list":{"0":"post-20457","1":"product","2":"type-product","3":"status-publish","4":"has-post-thumbnail","6":"product_cat-aetherische-oelmischungen","7":"product_cat-deep-blue-produkte","8":"product_cat-essentielle-oele","9":"product_tag-48g-de","10":"product_tag-bleistift","11":"product_tag-deep-blue-de","12":"desktop-align-left","13":"tablet-align-left","14":"mobile-align-left","16":"first","17":"instock","18":"taxable","19":"shipping-taxable","20":"purchasable","21":"product-type-simple"},"_links":{"self":[{"href":"https:\/\/mamaterra.lt\/de\/wp-json\/wp\/v2\/product\/20457","targetHints":{"allow":["GET"]}}],"collection":[{"href":"https:\/\/mamaterra.lt\/de\/wp-json\/wp\/v2\/product"}],"about":[{"href":"https:\/\/mamaterra.lt\/de\/wp-json\/wp\/v2\/types\/product"}],"wp:featuredmedia":[{"embeddable":true,"href":"https:\/\/mamaterra.lt\/de\/wp-json\/wp\/v2\/media\/20458"}],"wp:attachment":[{"href":"https:\/\/mamaterra.lt\/de\/wp-json\/wp\/v2\/media?parent=20457"}],"wp:term":[{"taxonomy":"product_brand","embeddable":true,"href":"https:\/\/mamaterra.lt\/de\/wp-json\/wp\/v2\/product_brand?post=20457"},{"taxonomy":"product_cat","embeddable":true,"href":"https:\/\/mamaterra.lt\/de\/wp-json\/wp\/v2\/product_cat?post=20457"},{"taxonomy":"product_tag","embeddable":true,"href":"https:\/\/mamaterra.lt\/de\/wp-json\/wp\/v2\/product_tag?post=20457"}],"curies":[{"name":"wp","href":"https:\/\/api.w.org\/{rel}","templated":true}]}}