{"id":19480,"date":"2021-09-03T10:27:20","date_gmt":"2021-09-03T09:27:20","guid":{"rendered":"https:\/\/mamaterra.lt\/datenschutzrichtlinie\/"},"modified":"2024-03-02T17:11:39","modified_gmt":"2024-03-02T16:11:39","slug":"datenschutzrichtlinie","status":"publish","type":"page","link":"https:\/\/mamaterra.lt\/de\/datenschutzrichtlinie\/","title":{"rendered":"Datenschutzrichtlinie"},"content":{"rendered":"\t\t<div data-elementor-type=\"wp-post\" data-elementor-id=\"19480\" class=\"elementor elementor-19480 elementor-2040\" data-elementor-post-type=\"page\">\n\t\t\t\t\t\t<section class=\"elementor-section elementor-top-section elementor-element elementor-element-e1a8f78 elementor-section-content-middle elementor-section-height-min-height elementor-section-boxed elementor-section-height-default elementor-section-items-middle\" data-id=\"e1a8f78\" data-element_type=\"section\" data-e-type=\"section\" data-settings=\"{&quot;background_background&quot;:&quot;classic&quot;}\">\n\t\t\t\t\t\t\t<div class=\"elementor-background-overlay\"><\/div>\n\t\t\t\t\t\t\t<div class=\"elementor-container elementor-column-gap-no\">\n\t\t\t\t\t<div class=\"elementor-column elementor-col-100 elementor-top-column elementor-element elementor-element-f204210\" data-id=\"f204210\" data-element_type=\"column\" data-e-type=\"column\" data-settings=\"{&quot;background_background&quot;:&quot;classic&quot;}\">\n\t\t\t<div class=\"elementor-widget-wrap elementor-element-populated\">\n\t\t\t\t\t\t<section class=\"elementor-section elementor-inner-section elementor-element elementor-element-c7c639a elementor-section-height-min-height elementor-section-boxed elementor-section-height-default\" data-id=\"c7c639a\" data-element_type=\"section\" data-e-type=\"section\">\n\t\t\t\t\t\t\t<div class=\"elementor-background-overlay\"><\/div>\n\t\t\t\t\t\t\t<div class=\"elementor-container elementor-column-gap-default\">\n\t\t\t\t\t<div class=\"elementor-column elementor-col-100 elementor-inner-column elementor-element elementor-element-4e18b6f\" data-id=\"4e18b6f\" data-element_type=\"column\" data-e-type=\"column\" data-settings=\"{&quot;background_background&quot;:&quot;classic&quot;}\">\n\t\t\t<div class=\"elementor-widget-wrap elementor-element-populated\">\n\t\t\t\t\t\t<div class=\"elementor-element elementor-element-626ce7d elementor-widget elementor-widget-heading\" data-id=\"626ce7d\" data-element_type=\"widget\" data-e-type=\"widget\" data-widget_type=\"heading.default\">\n\t\t\t\t<div class=\"elementor-widget-container\">\n\t\t\t\t\t<h1 class=\"elementor-heading-title elementor-size-default\">Datenschutzrichtlinie<\/h1>\t\t\t\t<\/div>\n\t\t\t\t<\/div>\n\t\t\t\t<div class=\"elementor-element elementor-element-e2ae439 elementor-align-center elementor-widget elementor-widget-breadcrumbs\" data-id=\"e2ae439\" data-element_type=\"widget\" data-e-type=\"widget\" data-widget_type=\"breadcrumbs.default\">\n\t\t\t\t<div class=\"elementor-widget-container\">\n\t\t\t\t\t<p id=\"breadcrumbs\"><span><span><a href=\"https:\/\/mamaterra.lt\/de\/\">Startseite<\/a><\/span><\/span><\/p>\t\t\t\t<\/div>\n\t\t\t\t<\/div>\n\t\t\t\t\t<\/div>\n\t\t<\/div>\n\t\t\t\t\t<\/div>\n\t\t<\/section>\n\t\t\t\t\t<\/div>\n\t\t<\/div>\n\t\t\t\t\t<\/div>\n\t\t<\/section>\n\t\t\t\t<section class=\"elementor-section elementor-top-section elementor-element elementor-element-7d139c00 elementor-section-boxed elementor-section-height-default elementor-section-height-default\" data-id=\"7d139c00\" data-element_type=\"section\" data-e-type=\"section\" data-settings=\"{&quot;background_background&quot;:&quot;classic&quot;}\">\n\t\t\t\t\t\t\t<div class=\"elementor-background-overlay\"><\/div>\n\t\t\t\t\t\t\t<div class=\"elementor-container elementor-column-gap-default\">\n\t\t\t\t\t<div class=\"elementor-column elementor-col-100 elementor-top-column elementor-element elementor-element-5f9ac8ab\" data-id=\"5f9ac8ab\" data-element_type=\"column\" data-e-type=\"column\" data-settings=\"{&quot;background_background&quot;:&quot;classic&quot;}\">\n\t\t\t<div class=\"elementor-widget-wrap elementor-element-populated\">\n\t\t\t\t\t\t<div class=\"elementor-element elementor-element-50d2f331 elementor-widget elementor-widget-heading\" data-id=\"50d2f331\" data-element_type=\"widget\" data-e-type=\"widget\" data-widget_type=\"heading.default\">\n\t\t\t\t<div class=\"elementor-widget-container\">\n\t\t\t\t\t<h1 class=\"elementor-heading-title elementor-size-default\">Datenschutzrichtlinie<\/h1>\t\t\t\t<\/div>\n\t\t\t\t<\/div>\n\t\t\t\t<div class=\"elementor-element elementor-element-566e357 elementor-widget elementor-widget-text-editor\" data-id=\"566e357\" data-element_type=\"widget\" data-e-type=\"widget\" data-widget_type=\"text-editor.default\">\n\t\t\t\t<div class=\"elementor-widget-container\">\n\t\t\t\t\t\t\t\t\t<p>Zuletzt aktualisiert am 01\/01\/2022<\/p>\n\t\t\t\t\t\t\t\t<\/div>\n\t\t\t\t<\/div>\n\t\t\t\t<div class=\"elementor-element elementor-element-2d248356 elementor-widget elementor-widget-text-editor\" data-id=\"2d248356\" data-element_type=\"widget\" data-e-type=\"widget\" data-widget_type=\"text-editor.default\">\n\t\t\t\t<div class=\"elementor-widget-container\">\n\t\t\t\t\t\t\t\t\t<ol>\n<li><strong>WARUM SAMMELN WIR INFORMATIONEN \u00dcBER SIE?<\/strong><strong><br \/><\/strong>\n<ol>\n<li>Der f\u00fcr die Verarbeitung Verantwortliche kommt seinen Verpflichtungen gem\u00e4\u00df der Allgemeinen Datenschutzverordnung (im Folgenden GDPR) nach, indem er Ihre personenbezogenen Daten nur f\u00fcr klar definierte Zwecke und aus legitimen Gr\u00fcnden erhebt und verarbeitet, personenbezogene Daten aktualisiert, sie sicher speichert und vernichtet, nicht zu viele Daten erhebt und speichert und sicherstellt, dass geeignete technische und organisatorische Ma\u00dfnahmen zum Schutz personenbezogener Daten getroffen werden (f\u00fcr die Verarbeitung Verantwortlicher &#8211; Inhaber des mamaTERRA Online-Shops).<\/li>\n<li>Im mamaTERRA Online-Shop k\u00f6nnen Sie auch Waren kaufen, ohne dass Sie ein Konto erstellen m\u00fcssen. In diesem Fall erhebt der f\u00fcr die Verarbeitung Verantwortliche Ihre technischen Daten \u00fcber das verwendete Ger\u00e4t (z. B. Ger\u00e4temodell, ID).<\/li>\n<li>Sie k\u00f6nnen ein Konto in unserem Online-Shop erstellen, wenn Sie einen neuen Kauf t\u00e4tigen. Sie m\u00fcssen die f\u00fcr den Kauf erforderlichen Daten angeben, d.h. Vorname, Nachname, E-Mail, Postanschrift, Lieferanschrift und Telefonnummer der Ware.<\/li>\n<li>Indem Sie dieser Datenschutzerkl\u00e4rung zustimmen und Ihre pers\u00f6nlichen Daten zur Verf\u00fcgung stellen, best\u00e4tigen Sie, dass Sie uns die Erlaubnis erteilen, Ihre pers\u00f6nlichen Daten zu verarbeiten, um Ihnen die im mamaTERRA Online-Shop angebotenen Waren und Dienstleistungen anzubieten.<\/li>\n<li>Wir k\u00f6nnen auch Ihre Daten verarbeiten, einschlie\u00dflich E-Mail, Vorname, Nachname, Adresse f\u00fcr die Zwecke der Vermarktung des Ladens. Wir senden Ihnen nur dann Newsletter zu, wenn Sie bei der Registrierung angegeben haben, dass Sie den Newsletter erhalten m\u00f6chten. Sie k\u00f6nnen den Newsletter jederzeit wieder abbestellen, indem Sie auf den Link &#8222;<strong>Abbestellen<\/strong>&#8220; klicken, der sich am Ende jedes eingehenden Schreibens befindet.<\/li>\n<li>Die Rechtsgrundlage f\u00fcr die Erhebung und Verarbeitung Ihrer personenbezogenen Daten im Rahmen der T\u00e4tigkeit der f\u00fcr die Verarbeitung Verantwortlichen ist der mit Ihnen geschlossene Vertrag \u00fcber die Nutzung des mamaTERRA Online-Shops und\/oder Ihre frei erteilte, spezifische, ausdr\u00fcckliche und eindeutige Zustimmung zu dieser Datenerhebung und -verarbeitung.\n<\/li>\n<\/ol>\n<\/li>\n<li><strong style=\"font-style: inherit;\"><strong>ALTERSBESCHR\u00c4NKUNG<\/strong><\/strong>\n<ol>\n<li>Zu verwenden und kaufen von mamaTERRA Online-Shop k\u00f6nnen Menschen jeden Alters, die Transaktionen f\u00fcr einen solchen Kauf machen kann.<\/li>\n<li>Falls Sie unter 16 Jahre alt sind, empfehlen wir Ihnen, sich beim Kauf von Waren mit Ihren Eltern und\/oder Ihrem Vormund zu beraten.\n<\/li>\n<\/ol>\n<\/li>\n<li><strong style=\"font-style: inherit;\"><strong>VERWENDUNG VON COOKIES<\/strong><\/strong>\n<ol>\n<li>Durch die Verwendung von Cookies versuchen wir, Ihnen ein angenehmes Surferlebnis zu gew\u00e4hrleisten. Einige davon sind f\u00fcr den Betrieb einiger Bereiche der Website erforderlich, andere dienen der Sammlung von Informationen und der Nutzung von Statistiken, damit wir die Website in Zukunft verbessern k\u00f6nnen. Sitzungscookies werden sofort nach dem Schlie\u00dfen des Browsers gel\u00f6scht, dauerhafte Cookies werden auf dem Computer gespeichert, bis sie gel\u00f6scht werden oder ablaufen.<\/li>\n<li>Es gibt verschiedene Arten von Cookies, einige sind notwendig, um das ordnungsgem\u00e4\u00dfe Funktionieren der Website zu gew\u00e4hrleisten, andere dienen dazu, das Funktionieren der Website zu verbessern:\n<ol>\n<li>Cookies sind f\u00fcr den Betrieb der Website erforderlich:\n<ul>\n<li>Entwickelt, um sich zu merken, was in den Einkaufswagen gelegt wurde.<\/li>\n<\/ul>\n<\/li>\n<li>Funktionale Cookies:\n<ul>\n<li>Um Ihre Anmeldedaten zu speichern.<\/li>\n<li>Entwickelt, um die Sicherheit Ihrer Daten und Logins zu gew\u00e4hrleisten.<\/li>\n<li>Entwickelt, um das einheitliche Funktionieren der Website zu gew\u00e4hrleisten.<\/li>\n<li>Um die Leistung der Website zu verbessern.<\/li>\n<\/ul>\n<\/li>\n<li>Cookies werden f\u00fcr die folgenden Zwecke verwendet:\n<ul>\n<li>Sie als Nutzer zu erkennen, damit Sie in Zukunft keine doppelten Informationen erfassen m\u00fcssen.<\/li>\n<li>Die Erkennung der Anzahl der einzelnen Nutzer, die die Website besuchen, tr\u00e4gt dazu bei, dass die Website reibungslos und schnell funktioniert.<\/li>\n<li>Die gesammelten Informationen \u00fcber das Surfverhalten einzelner Nutzer werden analysiert, um den Betrieb der Website an Ihre Bed\u00fcrfnisse anzupassen.<\/li>\n<\/ul>\n<\/li>\n<li>Diese Website verwendet auch Cookies von Google Analytics. Mit Hilfe dieser Cookies kann analysiert werden, wie Sie die Website nutzen. In der Regel werden alle durch diese Cookies gesammelten Informationen an einen Server von Google in den USA \u00fcbertragen und dort gespeichert. Dank der Google-Analytics-Cookies sind wir in der Lage, die Nutzung der Website auszuwerten, die Aktivit\u00e4t der Website zu bestimmen und ihre Leistung auf der Grundlage der gesammelten Daten zu verbessern. Wenn Sie m\u00f6chten, dass Google Analytics-Cookies w\u00e4hrend Ihres Besuchs nicht verwendet werden, k\u00f6nnen Sie das Browser-Plugin herunterladen und installieren, das Sie <a href=\"https:\/\/tools.google.com\/dlpage\/gaoptout?hl=en\"><strong>hier finden<\/strong><\/a>.<\/li>\n<\/ol>\n<\/li>\n<li>Wenn Sie sich entscheiden, Cookies bei der Nutzung der Website abzulehnen, m\u00fcssen wir Sie darauf hinweisen, dass einige Bereiche der Website m\u00f6glicherweise nicht funktionieren. So kann es beispielsweise sein, dass der Einkaufswagenservice nicht reibungslos funktioniert.<\/li>\n<li>Wenn Sie die bei Ihrem letzten Besuch auf Ihrem Computer installierten Cookies l\u00f6schen m\u00f6chten, suchen Sie in Ihrem Browser den Abschnitt &#8222;Hilfe&#8220;, wo Sie die erforderlichen Informationen finden.<\/li>\n<li>Alle Informationen \u00fcber Cookies, ihre Verwendung, ihre Verwaltung und ihre L\u00f6schung finden Sie auf der Website<a href=\"http:\/\/www.aboutcookies.org\/\"> www.aboutcookies.org<\/a>\n<\/li>\n<\/ol>\n<\/li>\n<li><strong><strong>WIE LANGE WERDEN IHRE DATEN GESPEICHERT? <\/strong><\/strong>\n<ol>\n<li>Personenbezogene Daten, die wir f\u00fcr einen oder mehrere Zwecke verarbeiten, d\u00fcrfen nicht l\u00e4nger gespeichert werden, als es f\u00fcr diesen Zweck oder diese Zwecke erforderlich ist.<\/li>\n<li>Um unsere Online-Shop-Dienste anbieten zu k\u00f6nnen, werden die von Ihnen angegebenen Daten f\u00fcr 3 (drei) Jahre ab dem Zeitpunkt gespeichert, an dem Sie uns die erforderlichen Informationen zur Verf\u00fcgung gestellt haben oder an dem Sie unsere Dienste das letzte Mal genutzt haben.<\/li>\n<li>F\u00fcr Marketingzwecke werden die von Ihnen zur Verf\u00fcgung gestellten Daten f\u00fcr 2 (zwei) Jahre ab dem Zeitpunkt gespeichert, an dem Sie uns die erforderlichen Informationen zur Verf\u00fcgung gestellt haben oder an dem Sie unsere Dienste zum letzten Mal in Anspruch genommen haben, oder bis zu dem Zeitpunkt, an dem Sie die Verarbeitung Ihrer Daten f\u00fcr Marketingzwecke abgelehnt haben.<\/li>\n<li>Die oben genannten Cookies werden bis zu 2 Jahre ab dem Zeitpunkt des letzten Besuchs der Website gespeichert.<\/li>\n<li>Wir unternehmen angemessene Anstrengungen, um die Sicherheit Ihrer pers\u00f6nlichen Daten zu gew\u00e4hrleisten. Wir verpflichten uns, die von Ihnen zur Verf\u00fcgung gestellten Daten nach Ablauf der entsprechenden Aufbewahrungsfrist zu vernichten.\n<\/li>\n<\/ol>\n<\/li>\n<li><strong><strong>IHRE RECHTE <\/strong><\/strong>\n<ol>\n<li>Au\u00dfer in den F\u00e4llen, in denen die Datenschutz-Grundverordnung oder einschl\u00e4gige Gesetze Ausnahmen vorsehen, haben Sie die folgenden Rechte in Bezug auf Ihre personenbezogenen Daten:\n<ol>\n<li>Das Recht auf Zugang zu Ihren pers\u00f6nlichen Daten. Sie haben das Recht, sich mit einem formlosen Antrag auf Zugang zu Ihren personenbezogenen Daten an den f\u00fcr die Verarbeitung Verantwortlichen zu wenden. Nach Erhalt dieser Anfrage wird der f\u00fcr die Verarbeitung Verantwortliche Ihnen eine Kopie der Sie betreffenden Daten zur Verf\u00fcgung stellen und erkl\u00e4ren, warum und wie er diese Daten verarbeitet.<\/li>\n<li>Das Recht, von dem f\u00fcr die Verarbeitung Verantwortlichen die Berichtigung, Erg\u00e4nzung oder L\u00f6schung Ihrer personenbezogenen Daten zu verlangen, wenn diese ungenau oder unvollst\u00e4ndig sind.<\/li>\n<li>das Recht, die L\u00f6schung Ihrer personenbezogenen Daten zu verlangen, wenn der f\u00fcr die Verarbeitung Verantwortliche diese Daten nicht mehr zu speichern braucht (&#8222;Recht auf Vergessenwerden&#8220;).<\/li>\n<li>Das Recht, die Datenverarbeitung einzuschr\u00e4nken, wenn Sie die Richtigkeit der Daten bestreiten, die Verarbeitung unrechtm\u00e4\u00dfig ist und Sie nicht in die L\u00f6schung der Daten einwilligen, wir die Daten f\u00fcr die Zwecke ihrer Verarbeitung nicht mehr ben\u00f6tigen, sie aber zur Geltendmachung oder Vollstreckung von Rechtsanspr\u00fcchen ben\u00f6tigen, oder, wenn Sie der Verarbeitung widersprechen, es Zeit braucht, um zu pr\u00fcfen, ob die berechtigten Gr\u00fcnde f\u00fcr die Verarbeitung gegen\u00fcber den von Ihnen angegebenen Gr\u00fcnden \u00fcberwiegen.<\/li>\n<li>Das Recht, die Herausgabe Ihrer pers\u00f6nlichen Daten zu verlangen und diese Daten, falls m\u00f6glich, direkt an einen anderen f\u00fcr die Datenverarbeitung Verantwortlichen zu \u00fcbermitteln.<\/li>\n<li>Das Recht, Ihre Zustimmung zur Verarbeitung personenbezogener Daten jederzeit zu widerrufen, wenn die Datenverarbeitung auf Ihrer Zustimmung oder dem Vorliegen eines berechtigten Interesses beruht.<\/li>\n<li>Das Recht, der Verarbeitung Ihrer personenbezogenen Daten zu widersprechen.<\/li>\n<li>Das Recht, eine Beschwerde bei der zust\u00e4ndigen Datenschutzbeh\u00f6rde an Ihrem Wohn- oder Arbeitsort sowie am Ort der Datenverarbeitung durch den f\u00fcr die Verarbeitung Verantwortlichen, d. h. in der Republik Litauen, oder am Ort des Versto\u00dfes, der stattgefunden hat, einzureichen. In Litauen ist dies die Staatliche Aufsichtsbeh\u00f6rde f\u00fcr den Schutz personenbezogener Daten.<\/li>\n<li>Sie haben das Recht, jederzeit zu verlangen, dass wir Ihre pers\u00f6nlichen Daten nicht mehr f\u00fcr Marketingzwecke verwenden.<\/li>\n<li>Sie haben das Recht, gegen eine ausschlie\u00dflich auf einer automatisierten Verarbeitung &#8211; einschlie\u00dflich Profiling &#8211; beruhende Entscheidung Widerspruch einzulegen, wenn diese Entscheidung f\u00fcr Sie rechtliche Folgen nach sich ziehen oder Sie erheblich beeintr\u00e4chtigen w\u00fcrde.<\/li>\n<\/ol>\n<\/li>\n<li>Die entsprechenden Ma\u00dfnahmen werden innerhalb von drei\u00dfig (30) Kalendertagen ab dem Datum der Beschwerde durchgef\u00fchrt. Die Auskunftserteilung darf h\u00f6chstens einmal im Kalenderjahr unentgeltlich erfolgen.<\/li>\n<li>Wenn Sie Ihre Rechte aus\u00fcben m\u00f6chten, k\u00f6nnen Sie uns per E-Mail kontaktieren <a href=\"mailto:info@mamaterra.lt\" target=\"_blank\" rel=\"noopener\">info@mamaterra.lt<\/a>\n<\/li>\n<\/ol>\n<\/li>\n<li><strong><strong>DIENSTLEISTUNGEN VON DRITTEN <\/strong><\/strong>\n<ol>\n<li>Ihre pers\u00f6nlichen Daten werden streng vertraulich behandelt und nur den Dienstleistern zur Verf\u00fcgung gestellt, die mit dem f\u00fcr die Verarbeitung Verantwortlichen einen Vertrag abgeschlossen haben. Die Informationen, die wir an die unten aufgef\u00fchrten Dritten weitergeben, sind nicht \u00fcbertrieben in Bezug auf die von den folgenden Dritten erbrachten Dienstleistungen:\n<ol>\n<li>Damit der f\u00fcr die Verarbeitung Verantwortliche die von Ihnen bestellten Waren ausliefern kann, bedient er sich Dritter &#8211; Kuriere, die Lieferdienste anbieten. Zum Zweck der Lieferung von Waren \u00fcbermittelt der f\u00fcr die Verarbeitung Verantwortliche folgende personenbezogene Daten von Ihnen an Kuriere: Vorname, Nachname, Telefonnummer, E-Mail-Adresse, Postanschrift und Lieferanschrift der Waren.<\/li>\n<li>Um Zahlungen f\u00fcr von Ihnen aufgegebene Bestellungen vorzunehmen, nutzen Sie Zahlungsdienste von Dritten und \u00fcbermitteln Daten an die entsprechenden Zahlungsdienstleister. Nach Durchf\u00fchrung der Zahlungen erh\u00e4lt der f\u00fcr die Verarbeitung Verantwortliche lediglich eine Information, die die Ausf\u00fchrung Ihrer Zahlung best\u00e4tigt.<\/li>\n<li>F\u00fcr den Versand von Newslettern nutzen wir eine professionelle Newsletter-Versandplattform eines Drittanbieters.<\/li>\n<\/ol>\n<\/li>\n<li>Unsere Datenschutzrichtlinie gilt nur, wenn Sie den mamaTERRA Online-Shop betreiben und nutzen. Wenn Sie den mamaTERRA Online-Shop verlassen oder zu Diensten Dritter, wie z.B. dem Zahlungsbereich, weitergeleitet werden, gilt unsere Datenschutzrichtlinie nicht mehr f\u00fcr Sie und wird nicht auf Sie angewendet.<\/li>\n<li>Wir sind in keiner Weise f\u00fcr den Inhalt von Webseiten oder Apps in anderen L\u00e4ndern verantwortlich.\n<\/li>\n<\/ol>\n<\/li>\n<li><strong><strong>DISCLOSURE <\/strong><\/strong>\n<ol>\n<li>Wir bem\u00fchen uns, die uns zur Verf\u00fcgung gestellten Informationen vertraulich zu behandeln, daher ist dies im Falle einer regul\u00e4ren E-Mail nicht m\u00f6glich. f\u00fcr die Nutzung des Shops haben wir nicht das Recht, Ihre personenbezogenen Daten an andere Datenempf\u00e4nger weiterzugeben, wenn dies nicht zur ordnungsgem\u00e4\u00dfen Durchf\u00fchrung der Dienstleistungen des f\u00fcr die Verarbeitung Verantwortlichen oder zur Wahrung berechtigter Interessen erforderlich ist.<\/li>\n<li>Wenn Sie gegen die Nutzungsbedingungen des Shops versto\u00dfen oder, wenn dies gesetzlich vorgeschrieben ist, haben wir das Recht, Informationen \u00fcber Sie an die zust\u00e4ndigen Beh\u00f6rden weiterzugeben. Wir k\u00f6nnen Ihre personenbezogenen Daten an professionelle Berater weitergeben, wenn dies f\u00fcr die Einholung professioneller Beratung, die Beilegung oder Verteidigung von Rechtsstreitigkeiten, sei es in Gerichtsverfahren oder in verwaltungsrechtlichen oder au\u00dfergerichtlichen Verfahren, erforderlich ist.\n<\/li>\n<\/ol>\n<\/li>\n<li><strong>\u00c4NDERUNGEN AN DER DATENSCHUTZPOLITIK<\/strong>\n<ol>\n<li>Wir behalten uns das Recht vor, diese Datenschutzrichtlinie jederzeit und ohne vorherige Ank\u00fcndigung zu \u00e4ndern. Alle neuen \u00c4nderungen treten in Kraft, sobald sie im mamaTERRA Online-Shop ver\u00f6ffentlicht werden, daher sollten Sie sie regelm\u00e4\u00dfig \u00fcberpr\u00fcfen.<\/li>\n<li>Wenn diese Datenschutzrichtlinie aktualisiert wird, erhalten Sie eine E-Mail-Benachrichtigung. Beitrag.<\/li>\n<li>Wenn wir Ihre personenbezogenen Daten f\u00fcr einen neuen Zweck verwenden wollen, der nicht durch diese Datenschutzrichtlinie abgedeckt ist, werden wir vor Beginn der neuen Verarbeitungsvorg\u00e4nge eine Nachricht ver\u00f6ffentlichen, in der wir diese neue Verwendung erkl\u00e4ren und die entsprechenden Zwecke und Verarbeitungsbedingungen angeben. In F\u00e4llen, in denen dies erforderlich ist, werden wir versuchen, Ihre vorherige Zustimmung zur neuen Verwendung personenbezogener Daten einzuholen\n<\/li>\n<\/ol>\n<\/li>\n<li><strong><strong>STREITBEILEGUNG <\/strong><\/strong>\n<ol>\n<li>Alle Streitigkeiten in Bezug auf den Inhaber, seine Dienstleistungen und die Aktivit\u00e4ten des Online-Shops, die durch Verhandlungen zwischen Ihnen und dem Inhaber gel\u00f6st werden, indem Sie sich per Post an die Verwaltung des Online-Shops wenden <a href=\"mailto:info@mamaterra.lt\" target=\"_blank\" rel=\"noopener\">info@mamaterra.lt<\/a>.<\/li>\n<li>Da die Datenverarbeitung in Litauen erfolgt, gilt die staatliche Datenschutzaufsichtsbeh\u00f6rde der Republik Litauen als zust\u00e4ndige Kontrollbeh\u00f6rde.<\/li>\n<li>Sollte der Streitfall vor Gericht verhandelt werden, w\u00fcrde das Recht der Republik Litauen gelten und der Streitfall w\u00fcrde vom zust\u00e4ndigen Gericht der Republik Litauen gepr\u00fcft werden.\n<\/li>\n<\/ol>\n<\/li>\n<li><strong style=\"font-size: 16px;\">KONTAKTINFORMATIONEN<\/strong><\/li>\n<\/ol>\n<p style=\"padding-left: 40px;\"><span style=\"font-size: 16px;\">Regina Rainien\u0117, Kranto 12th st., 18, LT-45285, Kaunas, Lithuania.<\/span><\/p>\n<p style=\"text-align: left; padding-left: 40px;\"><strong style=\"font-style: inherit;\"><i>Manager&#8217;s <\/i>email. E-Mail Adresse f\u00fcr Datenschutzfragen<\/strong><strong> <a href=\"mailto:info@mamaterra.lt\" target=\"_blank\" rel=\"noopener\">info@mamaterra.lt<\/a><\/strong><\/p>\n<p style=\"text-align: left; padding-left: 40px;\">\n\t\t\t\t\t\t\t\t<\/div>\n\t\t\t\t<\/div>\n\t\t\t\t\t<\/div>\n\t\t<\/div>\n\t\t\t\t\t<\/div>\n\t\t<\/section>\n\t\t\t\t<\/div>\n\t\t","protected":false},"excerpt":{"rendered":"<p>Datenschutzrichtlinie Datenschutzrichtlinie Zuletzt aktualisiert am 01\/01\/2022 WARUM SAMMELN WIR INFORMATIONEN \u00dcBER SIE? Der f\u00fcr die Verarbeitung Verantwortliche kommt seinen Verpflichtungen gem\u00e4\u00df der Allgemeinen Datenschutzverordnung (im Folgenden GDPR) nach, indem er Ihre personenbezogenen Daten nur f\u00fcr klar definierte Zwecke und aus legitimen Gr\u00fcnden erhebt und verarbeitet, personenbezogene Daten aktualisiert, sie sicher speichert und vernichtet, nicht zu [&hellip;]<\/p>\n","protected":false},"author":1,"featured_media":0,"parent":0,"menu_order":0,"comment_status":"closed","ping_status":"closed","template":"","meta":{"site-sidebar-layout":"no-sidebar","site-content-layout":"page-builder","ast-site-content-layout":"default","site-content-style":"default","site-sidebar-style":"default","ast-global-header-display":"","ast-banner-title-visibility":"","ast-main-header-display":"","ast-hfb-above-header-display":"","ast-hfb-below-header-display":"","ast-hfb-mobile-header-display":"","site-post-title":"disabled","ast-breadcrumbs-content":"","ast-featured-img":"disabled","footer-sml-layout":"","ast-disable-related-posts":"","theme-transparent-header-meta":"enabled","adv-header-id-meta":"","stick-header-meta":"","header-above-stick-meta":"","header-main-stick-meta":"","header-below-stick-meta":"","astra-migrate-meta-layouts":"default","ast-page-background-enabled":"default","ast-page-background-meta":{"desktop":{"background-color":"","background-image":"","background-repeat":"repeat","background-position":"center center","background-size":"auto","background-attachment":"scroll","background-type":"","background-media":"","overlay-type":"","overlay-color":"","overlay-opacity":"","overlay-gradient":""},"tablet":{"background-color":"","background-image":"","background-repeat":"repeat","background-position":"center center","background-size":"auto","background-attachment":"scroll","background-type":"","background-media":"","overlay-type":"","overlay-color":"","overlay-opacity":"","overlay-gradient":""},"mobile":{"background-color":"","background-image":"","background-repeat":"repeat","background-position":"center center","background-size":"auto","background-attachment":"scroll","background-type":"","background-media":"","overlay-type":"","overlay-color":"","overlay-opacity":"","overlay-gradient":""}},"ast-content-background-meta":{"desktop":{"background-color":"var(--ast-global-color-5)","background-image":"","background-repeat":"repeat","background-position":"center center","background-size":"auto","background-attachment":"scroll","background-type":"","background-media":"","overlay-type":"","overlay-color":"","overlay-opacity":"","overlay-gradient":""},"tablet":{"background-color":"var(--ast-global-color-5)","background-image":"","background-repeat":"repeat","background-position":"center center","background-size":"auto","background-attachment":"scroll","background-type":"","background-media":"","overlay-type":"","overlay-color":"","overlay-opacity":"","overlay-gradient":""},"mobile":{"background-color":"var(--ast-global-color-5)","background-image":"","background-repeat":"repeat","background-position":"center center","background-size":"auto","background-attachment":"scroll","background-type":"","background-media":"","overlay-type":"","overlay-color":"","overlay-opacity":"","overlay-gradient":""}},"footnotes":""},"class_list":["post-19480","page","type-page","status-publish","hentry"],"_links":{"self":[{"href":"https:\/\/mamaterra.lt\/de\/wp-json\/wp\/v2\/pages\/19480","targetHints":{"allow":["GET"]}}],"collection":[{"href":"https:\/\/mamaterra.lt\/de\/wp-json\/wp\/v2\/pages"}],"about":[{"href":"https:\/\/mamaterra.lt\/de\/wp-json\/wp\/v2\/types\/page"}],"author":[{"embeddable":true,"href":"https:\/\/mamaterra.lt\/de\/wp-json\/wp\/v2\/users\/1"}],"replies":[{"embeddable":true,"href":"https:\/\/mamaterra.lt\/de\/wp-json\/wp\/v2\/comments?post=19480"}],"version-history":[{"count":0,"href":"https:\/\/mamaterra.lt\/de\/wp-json\/wp\/v2\/pages\/19480\/revisions"}],"wp:attachment":[{"href":"https:\/\/mamaterra.lt\/de\/wp-json\/wp\/v2\/media?parent=19480"}],"curies":[{"name":"wp","href":"https:\/\/api.w.org\/{rel}","templated":true}]}}