{"id":19454,"date":"2021-09-03T10:27:35","date_gmt":"2021-09-03T09:27:35","guid":{"rendered":"https:\/\/mamaterra.lt\/lieferung\/"},"modified":"2024-03-01T20:02:21","modified_gmt":"2024-03-01T19:02:21","slug":"lieferung","status":"publish","type":"page","link":"https:\/\/mamaterra.lt\/de\/lieferung\/","title":{"rendered":"Lieferung"},"content":{"rendered":"\t\t<div data-elementor-type=\"wp-post\" data-elementor-id=\"19454\" class=\"elementor elementor-19454 elementor-14738\" data-elementor-post-type=\"page\">\n\t\t\t\t\t\t<section class=\"elementor-section elementor-top-section elementor-element elementor-element-93db574 elementor-section-content-middle elementor-section-height-min-height elementor-section-boxed elementor-section-height-default elementor-section-items-middle\" data-id=\"93db574\" data-element_type=\"section\" data-e-type=\"section\" data-settings=\"{&quot;background_background&quot;:&quot;classic&quot;}\">\n\t\t\t\t\t\t\t<div class=\"elementor-background-overlay\"><\/div>\n\t\t\t\t\t\t\t<div class=\"elementor-container elementor-column-gap-no\">\n\t\t\t\t\t<div class=\"elementor-column elementor-col-100 elementor-top-column elementor-element elementor-element-3eac73d\" data-id=\"3eac73d\" data-element_type=\"column\" data-e-type=\"column\" data-settings=\"{&quot;background_background&quot;:&quot;classic&quot;}\">\n\t\t\t<div class=\"elementor-widget-wrap elementor-element-populated\">\n\t\t\t\t\t\t<section class=\"elementor-section elementor-inner-section elementor-element elementor-element-635c4d9 elementor-section-height-min-height elementor-section-boxed elementor-section-height-default\" data-id=\"635c4d9\" data-element_type=\"section\" data-e-type=\"section\">\n\t\t\t\t\t\t\t<div class=\"elementor-background-overlay\"><\/div>\n\t\t\t\t\t\t\t<div class=\"elementor-container elementor-column-gap-default\">\n\t\t\t\t\t<div class=\"elementor-column elementor-col-100 elementor-inner-column elementor-element elementor-element-4a97dc2\" data-id=\"4a97dc2\" data-element_type=\"column\" data-e-type=\"column\" data-settings=\"{&quot;background_background&quot;:&quot;classic&quot;}\">\n\t\t\t<div class=\"elementor-widget-wrap elementor-element-populated\">\n\t\t\t\t\t\t<div class=\"elementor-element elementor-element-6ff91c8 elementor-widget elementor-widget-heading\" data-id=\"6ff91c8\" data-element_type=\"widget\" data-e-type=\"widget\" data-widget_type=\"heading.default\">\n\t\t\t\t<div class=\"elementor-widget-container\">\n\t\t\t\t\t<h1 class=\"elementor-heading-title elementor-size-default\">Lieferung<\/h1>\t\t\t\t<\/div>\n\t\t\t\t<\/div>\n\t\t\t\t<div class=\"elementor-element elementor-element-8c48a75 elementor-align-center elementor-widget elementor-widget-breadcrumbs\" data-id=\"8c48a75\" data-element_type=\"widget\" data-e-type=\"widget\" data-widget_type=\"breadcrumbs.default\">\n\t\t\t\t<div class=\"elementor-widget-container\">\n\t\t\t\t\t<p id=\"breadcrumbs\"><span><span><a href=\"https:\/\/mamaterra.lt\/de\/\">Startseite<\/a><\/span><\/span><\/p>\t\t\t\t<\/div>\n\t\t\t\t<\/div>\n\t\t\t\t\t<\/div>\n\t\t<\/div>\n\t\t\t\t\t<\/div>\n\t\t<\/section>\n\t\t\t\t\t<\/div>\n\t\t<\/div>\n\t\t\t\t\t<\/div>\n\t\t<\/section>\n\t\t\t\t<section class=\"elementor-section elementor-top-section elementor-element elementor-element-1e251947 elementor-section-boxed elementor-section-height-default elementor-section-height-default\" data-id=\"1e251947\" data-element_type=\"section\" data-e-type=\"section\" data-settings=\"{&quot;background_background&quot;:&quot;classic&quot;}\">\n\t\t\t\t\t\t\t<div class=\"elementor-background-overlay\"><\/div>\n\t\t\t\t\t\t\t<div class=\"elementor-container elementor-column-gap-default\">\n\t\t\t\t\t<div class=\"elementor-column elementor-col-100 elementor-top-column elementor-element elementor-element-4901124c\" data-id=\"4901124c\" data-element_type=\"column\" data-e-type=\"column\" data-settings=\"{&quot;background_background&quot;:&quot;classic&quot;}\">\n\t\t\t<div class=\"elementor-widget-wrap elementor-element-populated\">\n\t\t\t\t\t\t<div class=\"elementor-element elementor-element-2594e508 elementor-widget elementor-widget-heading\" data-id=\"2594e508\" data-element_type=\"widget\" data-e-type=\"widget\" data-widget_type=\"heading.default\">\n\t\t\t\t<div class=\"elementor-widget-container\">\n\t\t\t\t\t<h1 class=\"elementor-heading-title elementor-size-default\">Versand &amp; Produktr\u00fcckgabe<\/h1>\t\t\t\t<\/div>\n\t\t\t\t<\/div>\n\t\t\t\t<div class=\"elementor-element elementor-element-2ae61bea elementor-widget elementor-widget-text-editor\" data-id=\"2ae61bea\" data-element_type=\"widget\" data-e-type=\"widget\" data-widget_type=\"text-editor.default\">\n\t\t\t\t<div class=\"elementor-widget-container\">\n\t\t\t\t\t\t\t\t\t<p>1.<strong> LIEFERUNG \/ ABHOLUNG DER WARE<\/strong><\/p><ol><li style=\"list-style-type: none;\"><ol><li>Bei der Bestellung der Ware k\u00f6nnen Sie die Art der Lieferung der Ware w\u00e4hlen, d.h. den Lieferservice des Kuriers (Dritter) nutzen.<\/li><li>Die Ware wird europaweit innerhalb von 3-7 Werktagen nach Auftragsbest\u00e4tigung geliefert, in Litauen in der Regel 1-3 Werktage. Es gibt keine M\u00f6glichkeit, eine Uhrzeit zu w\u00e4hlen.<\/li><li>Mit der Auswahl des Lieferdienstes zum Zeitpunkt der Bestellung verpflichten Sie sich, den genauen Lieferort der Ware anzugeben.<\/li><li>Sie verpflichten sich, die Waren selbst anzunehmen oder zum Zeitpunkt der Bestellung die Person anzugeben, die die Waren abholen wird. F\u00fcr den Fall, dass Sie (oder die angegebene andere Person) die Waren nicht annehmen k\u00f6nnen und die Waren an die angegebene Adresse und auf der Grundlage anderer vom K\u00e4ufer bereitgestellter Daten geliefert werden, haben Sie nicht das Recht, Anspr\u00fcche gegen\u00fcber dem Unternehmen in Bezug auf die Lieferung der Waren an das falsche Unternehmen geltend zu machen.<\/li><li>Die Versandkosten werden in Abh\u00e4ngigkeit von der Gr\u00f6\u00dfe der von Ihnen aufgegebenen Bestellung und dem Lieferort berechnet:<ol><li>F\u00fcr die Lieferung von Waren in alle St\u00e4dte Litauens wird eine zus\u00e4tzliche Transportgeb\u00fchr von bis zu 6 EUR (inkl. MwSt.) berechnet. Der Preis betr\u00e4gt 4,5 Euro f\u00fcr den Versand per Paketschlie\u00dffach und 6 Euro f\u00fcr den Versand per Kurier.<\/li><li>F\u00fcr die Lieferung von Waren auf die Kurische Nehrung (in Litauen) wird eine separate zus\u00e4tzliche Transportgeb\u00fchr erhoben.<\/li><\/ol><\/li><li>Wenn Sie m\u00f6chten, dass die Ware au\u00dferhalb Litauens geliefert wird, werden die Lieferbedingungen der Bestellung durch eine separate Vereinbarung vereinbart und es kostet ~ 10,5 EUR.<\/li><li>Wenn Sie eine Bestellung in andere St\u00e4dte in Litauen (nicht Vilnius und Kaunas) aufgeben, liefert das Unternehmen oder ein Dritter die Ware innerhalb von 1-3 Werktagen. Im Falle von Problemen oder Warenengp\u00e4ssen wird das Unternehmen Sie unverz\u00fcglich \u00fcber die m\u00f6gliche l\u00e4ngere Lieferfrist der Waren informieren, und wenn Sie damit zufrieden sind, wird das Unternehmen die Lieferung der Bestellung fortsetzen. F\u00fcr den Fall, dass die l\u00e4ngere Lieferzeit der vom Unternehmen bereitgestellten Waren Sie nicht zufriedenstellt, wird die aufgegebene Bestellung storniert und der von Ihnen gezahlte Geldbetrag gem\u00e4\u00df dem in diesen Regeln festgelegten Verfahren zur\u00fcckerstattet.<\/li><li>In allen F\u00e4llen ist das Unternehmen von der Haftung f\u00fcr Verst\u00f6\u00dfe gegen die Lieferbedingungen der Waren befreit, wenn die Waren aufgrund Ihres Verschuldens oder aufgrund von Umst\u00e4nden, die au\u00dferhalb der Kontrolle des Unternehmens liegen, nicht oder nicht rechtzeitig an Sie geliefert werden.<\/li><li>Das Unternehmen haftet nicht f\u00fcr Handlungen, Unterlassungen oder Ereignisse ab dem Zeitpunkt der \u00dcbergabe der Waren an das Unternehmen, das Lieferdienste (Kurier) erbringt. F\u00fcr den Fall, dass das Paket, das Sie erhalten haben, \u00e4u\u00dfere M\u00e4ngel aufweist, m\u00fcssen Sie den Kurier zum Zeitpunkt der Lieferung der Ware dar\u00fcber informieren.<\/li><li>Zum Zeitpunkt der Lieferung der Ware an Sie oder Ihre bevollm\u00e4chtigte Person m\u00fcssen Sie (oder Ihre bevollm\u00e4chtigte Person) zusammen mit dem Verk\u00e4ufer oder dem Kurier, der Ihnen die Waren geliefert hat, den Zustand des Pakets und des\/der Produkte(s) \u00fcberpr\u00fcfen und das Dokument \u00fcber die \u00dcbergabe und Annahme des Pakets unterzeichnen (nach der Einf\u00fchrung des Quarant\u00e4neregimes im Land, der Verk\u00e4ufer kann das in diesem Absatz beschriebene Verfahren anpassen). Nachdem Sie das \u00dcbergabe- und Annahmedokument der Sendung unterzeichnet haben, wird davon ausgegangen, dass das Paket und die Waren von ordnungsgem\u00e4\u00dfer Qualit\u00e4t \u00fcbergeben werden, dass keine Verst\u00f6\u00dfe gegen die Waren vorliegen, deren Grundlage auf einen nicht auf einen Fabrikationsfehler zur\u00fcckzuf\u00fchren ist, und dass es keine Diskrepanzen bei der Montage der Produkte gibt.<\/li><li>Wenn Sie feststellen, dass die Verpackung des eingereichten Pakets besch\u00e4digt ist, das\/die Produkt(e) besch\u00e4digt ist und\/oder das\/die Produkt(e) sich in der falschen Konfiguration befinden, m\u00fcssen Sie dies im \u00dcberweisungs- und Annahmedokument des Pakets kennzeichnen und in Anwesenheit des Verk\u00e4ufers oder seines Kuriers (Dritter) eine Handlung der Verletzung \/ Nichtkonformit\u00e4t der Freiformsendung und \/ oder des Produkts\/der Produkte aufsetzen. Im Falle der Nichtdurchf\u00fchrung solcher Ma\u00dfnahmen ist das Unternehmen von der Haftung Ihnen gegen\u00fcber f\u00fcr Verst\u00f6\u00dfe gegen die Waren, die Qualit\u00e4t, die Montage und die Verpackung befreit, die Sie nicht im Lieferdokument des Produkts gekennzeichnet haben.<\/li><\/ol><\/li><\/ol><p>2. <strong>R\u00dcCKGABE UND UMTAUSCH VON WAREN<\/strong><\/p><ol><li style=\"list-style-type: none;\"><ol><li style=\"list-style-type: none;\"><ol><li>Im Falle der R\u00fcckgabe mangelhafter Waren verpflichtet sich das Unternehmen, die mangelhafte Ware abzuholen und durch eine gleichwertige Ware zu ersetzen. F\u00fcr den Fall, dass das Unternehmen nicht \u00fcber analoge Waren verf\u00fcgt, verpflichtet sich das Unternehmen, Ihnen das f\u00fcr die Waren gezahlte Geld zur\u00fcckzuerstatten.<\/li><li>Es ist notwendig, \u00fcber die defekte und kaputte Ware oder den aufgetretenen Fehler per E-Mail an <a href=\"mailto:info@mamaterra.lt\" target=\"_blank\" rel=\"noopener\">info@mamaterra.lt<\/a> am selben Kalendertag zu informieren, an dem die Ware geliefert wird.<\/li><li>Wenn Sie die in unserem Online-Shop gekauften Waren zur\u00fcckgeben oder ersetzen, bitten wir Sie, das eingereichte R\u00fcckgabe- oder Umtauschschreiben der Waren auszuf\u00fcllen.<\/li><li>Abh\u00e4ngig von der Art der vom Unternehmen angebotenen Waren haben Sie das Recht, am selben Kalendertag ab dem Datum der Lieferung der Waren am selben Kalendertag ab dem Datum der Lieferung der Waren aufgrund der sp\u00e4ter festgestellten und durch Handlungen aufgezeichneten Unstimmigkeiten eine Reklamation gegen\u00fcber dem Unternehmen geltend zu machen. In diesem Fall verpflichtet sich das Unternehmen, die Reklamation innerhalb von 1 (einem) Werktag zu pr\u00fcfen und im Falle einer begr\u00fcndeten Reklamation durch Waren zu ersetzen, die den Qualit\u00e4tsanforderungen entsprechen, oder das f\u00fcr die Waren gezahlte Geld zur\u00fcckzuerstatten.<\/li><li>In allen F\u00e4llen wird das Geld f\u00fcr die zur\u00fcckgegebene Ware per Zahlungsanweisung und nur auf das Bankkonto des Zahlers \u00fcberwiesen.<\/li><li>Die Bedingungen f\u00fcr die R\u00fcckgabe von Waren gelten nicht f\u00fcr:<ol><li>Wenn die Waren oder Produkte besch\u00e4digt wurden;<\/li><li>Wenn die verpackte Ware nach der Lieferung ausgepackt wurde und nicht zur R\u00fccksendung geeignet ist.<\/li><\/ol><\/li><\/ol><\/li><\/ol><\/li><\/ol>\t\t\t\t\t\t\t\t<\/div>\n\t\t\t\t<\/div>\n\t\t\t\t\t<\/div>\n\t\t<\/div>\n\t\t\t\t\t<\/div>\n\t\t<\/section>\n\t\t\t\t<\/div>\n\t\t","protected":false},"excerpt":{"rendered":"<p>Lieferung Versand &amp; Produktr\u00fcckgabe 1. LIEFERUNG \/ ABHOLUNG DER WARE Bei der Bestellung der Ware k\u00f6nnen Sie die Art der Lieferung der Ware w\u00e4hlen, d.h. den Lieferservice des Kuriers (Dritter) nutzen. Die Ware wird europaweit innerhalb von 3-7 Werktagen nach Auftragsbest\u00e4tigung geliefert, in Litauen in der Regel 1-3 Werktage. Es gibt keine M\u00f6glichkeit, eine Uhrzeit [&hellip;]<\/p>\n","protected":false},"author":1,"featured_media":0,"parent":0,"menu_order":0,"comment_status":"closed","ping_status":"closed","template":"","meta":{"site-sidebar-layout":"no-sidebar","site-content-layout":"page-builder","ast-site-content-layout":"default","site-content-style":"default","site-sidebar-style":"default","ast-global-header-display":"","ast-banner-title-visibility":"","ast-main-header-display":"","ast-hfb-above-header-display":"","ast-hfb-below-header-display":"","ast-hfb-mobile-header-display":"","site-post-title":"disabled","ast-breadcrumbs-content":"","ast-featured-img":"disabled","footer-sml-layout":"","ast-disable-related-posts":"","theme-transparent-header-meta":"enabled","adv-header-id-meta":"","stick-header-meta":"","header-above-stick-meta":"","header-main-stick-meta":"","header-below-stick-meta":"","astra-migrate-meta-layouts":"default","ast-page-background-enabled":"default","ast-page-background-meta":{"desktop":{"background-color":"","background-image":"","background-repeat":"repeat","background-position":"center center","background-size":"auto","background-attachment":"scroll","background-type":"","background-media":"","overlay-type":"","overlay-color":"","overlay-opacity":"","overlay-gradient":""},"tablet":{"background-color":"","background-image":"","background-repeat":"repeat","background-position":"center center","background-size":"auto","background-attachment":"scroll","background-type":"","background-media":"","overlay-type":"","overlay-color":"","overlay-opacity":"","overlay-gradient":""},"mobile":{"background-color":"","background-image":"","background-repeat":"repeat","background-position":"center center","background-size":"auto","background-attachment":"scroll","background-type":"","background-media":"","overlay-type":"","overlay-color":"","overlay-opacity":"","overlay-gradient":""}},"ast-content-background-meta":{"desktop":{"background-color":"var(--ast-global-color-5)","background-image":"","background-repeat":"repeat","background-position":"center center","background-size":"auto","background-attachment":"scroll","background-type":"","background-media":"","overlay-type":"","overlay-color":"","overlay-opacity":"","overlay-gradient":""},"tablet":{"background-color":"var(--ast-global-color-5)","background-image":"","background-repeat":"repeat","background-position":"center center","background-size":"auto","background-attachment":"scroll","background-type":"","background-media":"","overlay-type":"","overlay-color":"","overlay-opacity":"","overlay-gradient":""},"mobile":{"background-color":"var(--ast-global-color-5)","background-image":"","background-repeat":"repeat","background-position":"center center","background-size":"auto","background-attachment":"scroll","background-type":"","background-media":"","overlay-type":"","overlay-color":"","overlay-opacity":"","overlay-gradient":""}},"footnotes":""},"class_list":["post-19454","page","type-page","status-publish","hentry"],"_links":{"self":[{"href":"https:\/\/mamaterra.lt\/de\/wp-json\/wp\/v2\/pages\/19454","targetHints":{"allow":["GET"]}}],"collection":[{"href":"https:\/\/mamaterra.lt\/de\/wp-json\/wp\/v2\/pages"}],"about":[{"href":"https:\/\/mamaterra.lt\/de\/wp-json\/wp\/v2\/types\/page"}],"author":[{"embeddable":true,"href":"https:\/\/mamaterra.lt\/de\/wp-json\/wp\/v2\/users\/1"}],"replies":[{"embeddable":true,"href":"https:\/\/mamaterra.lt\/de\/wp-json\/wp\/v2\/comments?post=19454"}],"version-history":[{"count":0,"href":"https:\/\/mamaterra.lt\/de\/wp-json\/wp\/v2\/pages\/19454\/revisions"}],"wp:attachment":[{"href":"https:\/\/mamaterra.lt\/de\/wp-json\/wp\/v2\/media?parent=19454"}],"curies":[{"name":"wp","href":"https:\/\/api.w.org\/{rel}","templated":true}]}}